{"id":5376,"date":"2023-12-11T17:49:30","date_gmt":"2023-12-11T14:49:30","guid":{"rendered":"https:\/\/docanpharma.com\/product\/caosis-cilek-aromali-pastil-2\/"},"modified":"2024-01-26T17:33:35","modified_gmt":"2024-01-26T14:33:35","slug":"caosis-cilek-aromali-pastil","status":"publish","type":"product","link":"https:\/\/docanpharma.com\/tr\/urun\/caosis-cilek-aromali-pastil\/","title":{"rendered":"Caosis \u00c7ilek Aromal\u0131 Pastil"},"content":{"rendered":"<div id=\"divIcerik\" class=\"ticiContainer productDetailContainer\">\n<div id=\"mainHolder_divBlocks\">\n<div id=\"divCenterBlock\" class=\"centerCount Middle\">\n<div>\n<div>\n<div id=\"contentProductDetail\" class=\"contentProductDetail\">\n<div class=\"ProductDetail\">\n<div id=\"ProductDetailMain\" class=\"ProductDetailMain\">\n<div class=\"TopDet\">\n<div class=\"RightDetail\">\n<div id=\"divUrunOzellikAlani\" class=\"urunOzellik\">\n<div class=\"webTab\">\n<div class=\"urunDetayPanel\">\n<div class=\"urunTabAlt\">DoCan Pharma \u00fcr\u00fcnlerinde bulunan\u00a0<strong>aktif zeolit<\/strong>, piyasadaki zeolit \u00fcr\u00fcnlerinin ham maddesinden tamamen farkl\u0131, zeoliti 7 kez aktifle\u015ftirebilen yeni nesil teknolojiye sahip birka\u00e7 \u015firketten biri olan\u00a0Dokuzo\u011flu Can \u0130la\u00e7 \u0130la\u00e7 Sanayi ve Ticaret Limited \u015eirketi taraf\u0131ndan yap\u0131lan\u00a0uzun ar-ge \u00e7al\u0131\u015fmalar\u0131 sonucu ortaya \u00e7\u0131kan\u00a0<strong>aktifle\u015ftirilmi\u015f zeolitten<\/strong>\u00a0elde edilmektedir.<\/div>\n<\/div>\n<\/div>\n<\/div>\n<\/div>\n<\/div>\n<\/div>\n<\/div>\n<\/div>\n<\/div>\n<\/div>\n<\/div>\n<\/div>\n<\/div>\n<div><\/div>\n<div>\n<h3><b>\u00dcr\u00fcn \u00d6zellikleri:<\/b><\/h3>\n<h4>Taze ve Lezzetli \u00c7ilek\u00a0Aromas\u0131<\/h4>\n<p>Her pastilde size ferahl\u0131k ve enerji sunar. \u00c7ilek\u00a0aromas\u0131yla lezzetli bir deneyim ya\u015fay\u0131n.<\/p>\n<h4>A\u011f\u0131z Suland\u0131ran Form\u00fcl<\/h4>\n<p>Caosis Pastilleri, a\u011f\u0131z kurulu\u011funu hafifletmeye yard\u0131mc\u0131 olurken a\u011fz\u0131n\u0131za tatl\u0131 bir lezzet b\u0131rak\u0131r. Her pastil a\u011fz\u0131n\u0131za tazelik kazand\u0131r\u0131r.<\/p>\n<h4>Di\u015f Sa\u011fl\u0131\u011f\u0131n\u0131 Destekler<\/h4>\n<p>A\u011f\u0131z sa\u011fl\u0131\u011f\u0131n\u0131z\u0131 korumak i\u00e7in tasarlanan bu pastiller, di\u015f sa\u011fl\u0131\u011f\u0131n\u0131z\u0131 destekler ve a\u011f\u0131z hijyeninizi art\u0131r\u0131r. Her \u00e7ilek\u00a0aromal\u0131 pastil, di\u015flerinizi korur.<\/p>\n<h4>\u015eekersiz \u0130\u00e7erik<\/h4>\n<p>\u00dcr\u00fcn\u00fcm\u00fcz \u015feker i\u00e7ermez ve izomalt kullan\u0131lm\u0131\u015ft\u0131r, b\u00f6ylece tatl\u0131 bir lezzetin tad\u0131n\u0131 \u00e7\u0131kar\u0131rken \u015fekerin olumsuz etkilerinden ka\u00e7\u0131n\u0131rs\u0131n\u0131z. Sa\u011fl\u0131kl\u0131 bir tercih yap\u0131n.<\/p>\n<h3><b>\u00d6zel \u0130\u00e7erik:<\/b><\/h3>\n<p>Kalsiyum, aloe vera, hyaluronik asit ve B5 vitamini gibi \u00f6zel i\u00e7eriklerle zenginle\u015ftirilmi\u015ftir. Bu bile\u015fenler a\u011f\u0131z kurulu\u011funu hafifletmede etkilidir ve a\u011f\u0131z sa\u011fl\u0131\u011f\u0131n\u0131z\u0131 destekler.<\/p>\n<h3><b>Kimler \u0130\u00e7in Uygundur?<\/b><\/h3>\n<ul>\n<li>A\u011f\u0131z kurulu\u011fu ya\u015fayanlar i\u00e7in idealdir.<\/li>\n<li>A\u011f\u0131z hijyeni ve sa\u011fl\u0131\u011f\u0131na \u00f6zen g\u00f6sterenler i\u00e7in \u00f6nerilir.<\/li>\n<li>Taze ve lezzetli aromalar\u0131 sevenler i\u00e7in m\u00fckemmel bir se\u00e7enektir.<\/li>\n<\/ul>\n<p><strong>Not:<\/strong> Bu \u00fcr\u00fcn bir ila\u00e7 de\u011fildir. Caosis \u00c7ilek\u00a0Aromal\u0131 Pastil 32 adet pastil i\u00e7ermektedir.<\/p>\n<\/div>\n","protected":false},"excerpt":{"rendered":"<div id=\"divOnyazi\" class=\"Formline BorderNone OnYaziContent\">\n<p>Kalsiyum, aloe vera, hyaluronik asit ve B5 vitamini gibi \u00f6zel i\u00e7eriklerle zenginle\u015ftirilmi\u015f, a\u011f\u0131z suland\u0131ran Caosis \u00c7ilek\u00a0Aromal\u0131 Pastil&#8217;i ke\u015ffedin! Bu \u00f6zel form\u00fcl, a\u011f\u0131z sa\u011fl\u0131\u011f\u0131n\u0131z\u0131 korurken a\u011f\u0131z kurulu\u011funu giderir. Canland\u0131r\u0131c\u0131 \u00e7ilek\u00a0aromas\u0131yla, a\u011f\u0131z sa\u011fl\u0131\u011f\u0131n\u0131za katk\u0131 sa\u011flayan Caosis \u00c7ilek\u00a0Aromal\u0131 Pastil, \u015fekersiz ve \u00f6zel i\u00e7eriklerle zenginle\u015ftirilmi\u015f, tazelik ve lezzet sunar.<\/p>\n<\/div>\n<div class=\"PriceList\">\n<div id=\"pnlFiyatlar\">\n<div id=\"divFiyatAlanlari\">\n<div class=\"urunDetayFiyatContainer\"><\/div>\n<\/div>\n<\/div>\n<\/div>\n","protected":false},"featured_media":5378,"comment_status":"closed","ping_status":"closed","template":"","meta":{"_uf_show_specific_survey":0,"_uf_disable_surveys":false},"product_brand":[],"product_cat":[403],"product_tag":[410,426,239,421,429],"class_list":{"0":"post-5376","1":"product","2":"type-product","3":"status-publish","4":"has-post-thumbnail","6":"product_cat-pastil","7":"product_tag-caosis-tr","8":"product_tag-cilek-tr","9":"product_tag-docanpharma-tr","10":"product_tag-pastil-tr","11":"product_tag-sigara","12":"brands-caosis","14":"first","15":"instock","16":"shipping-taxable","17":"purchasable","18":"product-type-simple"},"acf":[],"aioseo_notices":[],"_links":{"self":[{"href":"https:\/\/docanpharma.com\/tr\/wp-json\/wp\/v2\/product\/5376","targetHints":{"allow":["GET"]}}],"collection":[{"href":"https:\/\/docanpharma.com\/tr\/wp-json\/wp\/v2\/product"}],"about":[{"href":"https:\/\/docanpharma.com\/tr\/wp-json\/wp\/v2\/types\/product"}],"replies":[{"embeddable":true,"href":"https:\/\/docanpharma.com\/tr\/wp-json\/wp\/v2\/comments?post=5376"}],"version-history":[{"count":2,"href":"https:\/\/docanpharma.com\/tr\/wp-json\/wp\/v2\/product\/5376\/revisions"}],"predecessor-version":[{"id":5380,"href":"https:\/\/docanpharma.com\/tr\/wp-json\/wp\/v2\/product\/5376\/revisions\/5380"}],"wp:featuredmedia":[{"embeddable":true,"href":"https:\/\/docanpharma.com\/tr\/wp-json\/wp\/v2\/media\/5378"}],"wp:attachment":[{"href":"https:\/\/docanpharma.com\/tr\/wp-json\/wp\/v2\/media?parent=5376"}],"wp:term":[{"taxonomy":"product_brand","embeddable":true,"href":"https:\/\/docanpharma.com\/tr\/wp-json\/wp\/v2\/product_brand?post=5376"},{"taxonomy":"product_cat","embeddable":true,"href":"https:\/\/docanpharma.com\/tr\/wp-json\/wp\/v2\/product_cat?post=5376"},{"taxonomy":"product_tag","embeddable":true,"href":"https:\/\/docanpharma.com\/tr\/wp-json\/wp\/v2\/product_tag?post=5376"}],"curies":[{"name":"wp","href":"https:\/\/api.w.org\/{rel}","templated":true}]}}