{"id":4023,"date":"2023-12-11T13:55:33","date_gmt":"2023-12-11T10:55:33","guid":{"rendered":"https:\/\/docanpharma.com\/?post_type=product&#038;p=4023"},"modified":"2024-01-25T18:15:38","modified_gmt":"2024-01-25T15:15:38","slug":"aktif-zeolit-inulin","status":"publish","type":"product","link":"https:\/\/docanpharma.com\/tr\/urun\/aktif-zeolit-inulin\/","title":{"rendered":"Aktif Zeolit \u0130n\u00fclin"},"content":{"rendered":"<div id=\"divIcerik\" class=\"ticiContainer productDetailContainer\">\n<div id=\"mainHolder_divBlocks\">\n<div id=\"divCenterBlock\" class=\"centerCount Middle\">\n<div>\n<div>\n<div id=\"contentProductDetail\" class=\"contentProductDetail\">\n<div class=\"ProductDetail\">\n<div id=\"ProductDetailMain\" class=\"ProductDetailMain\">\n<div class=\"TopDet\">\n<div class=\"RightDetail\">\n<div id=\"divUrunOzellikAlani\" class=\"urunOzellik\">\n<div class=\"webTab\">\n<div class=\"urunDetayPanel\">\n<div class=\"urunTabAlt\"><a href=\"https:\/\/docanpharma.com\/tr\/\">DoCan Pharma<\/a> \u00fcr\u00fcnlerinde bulunan <strong>aktif zeolit<\/strong>, piyasadaki zeolit \u00fcr\u00fcnlerinin ham maddesinden tamamen farkl\u0131, zeoliti 7 kez aktifle\u015ftirebilen yeni nesil teknolojiye sahip birka\u00e7 \u015firketten biri olan\u00a0Dokuzo\u011flu Can \u0130la\u00e7 \u0130la\u00e7 Sanayi ve Ticaret Limited \u015eirketi taraf\u0131ndan yap\u0131lan\u00a0uzun ar-ge \u00e7al\u0131\u015fmalar\u0131 sonucu ortaya \u00e7\u0131kan\u00a0<strong>aktifle\u015ftirilmi\u015f zeolitten<\/strong>\u00a0elde edilmektedir.<\/div>\n<\/div>\n<\/div>\n<\/div>\n<\/div>\n<\/div>\n<\/div>\n<\/div>\n<\/div>\n<\/div>\n<\/div>\n<\/div>\n<\/div>\n<\/div>\n<div><\/div>\n<div>\n<h2>Aktif Zeolit \u0130n\u00fclin \u0130\u00e7endekiler :<\/h2>\n<h3>\u2022 Zeolit:<\/h3>\n<p>Zeolit, detoksifikasyon \u00f6zellikleriyle bilinen do\u011fal bir mineraldir. Toksinlerin, a\u011f\u0131r metallerin ve di\u011fer safs\u0131zl\u0131klar\u0131n v\u00fccuttan at\u0131lmas\u0131na yard\u0131mc\u0131 olarak genel sa\u011fl\u0131\u011f\u0131 ve berrak bir cildi destekler.<\/p>\n<h3>\u2022 \u0130n\u00fclin:<\/h3>\n<p>\u0130n\u00fclin, sindirim sa\u011fl\u0131\u011f\u0131na pek \u00e7ok fayda sa\u011flayabilen bir prebiyotiktir. Ba\u011f\u0131rsaklardaki iyi bakterilerin beslenmesine katk\u0131da bulunarak sindirim sisteminin dengelenmesine yard\u0131mc\u0131 olabilir. Sindirim sistemine dost olan bu madde, sindirim sa\u011fl\u0131\u011f\u0131n\u0131 destekler, ba\u011f\u0131rsak hareketlili\u011fini art\u0131rabilir ve kab\u0131zl\u0131k gibi sindirim sorunlar\u0131na kar\u015f\u0131 yard\u0131mc\u0131 olabilir. Ayr\u0131ca, in\u00fclinin kan \u015fekerini dengeleme ve ba\u011f\u0131\u015f\u0131kl\u0131k sistemini g\u00fc\u00e7lendirme gibi olumlu etkileri de bulunmaktad\u0131r.<\/p>\n<\/div>\n<p>G\u00fcnl\u00fck al\u0131m dozu ve kullan\u0131m \u015fekli: 11 ya\u015f ve \u00fczeri bireyler i\u00e7in g\u00fcnde 2 sa\u015fe sabah ve ak\u015fam yemeklerle birlikte \u00f6nerilmektedir. Ard\u0131ndan 2-3 bardak ilave su i\u00e7ilmesi tavsiye edilir.<\/p>\n<div id=\"divIcerik\" class=\"ticiContainer productDetailContainer\">\n<div id=\"mainHolder_divBlocks\">\n<div id=\"divCenterBlock\" class=\"centerCount Middle\">\n<div>\n<div>\n<div id=\"contentProductDetail\" class=\"contentProductDetail\">\n<div class=\"ProductDetail\">\n<div id=\"ProductDetailMain\" class=\"ProductDetailMain\">\n<div class=\"ProductDetailMainRow\">\n<div class=\"clear ResetClear\"><\/div>\n<div class=\"clear ResetClear\"><\/div>\n<div class=\"clear\"><\/div>\n<div class=\"clear\"><\/div>\n<div class=\"middleBottomBlock\"><\/div>\n<\/div>\n<\/div>\n<\/div>\n<\/div>\n<\/div>\n<\/div>\n<div class=\"middleBottomBlock\"><\/div>\n<\/div>\n<\/div>\n<\/div>\n<div class=\"clear\"><\/div>\n<div class=\"ticiBottomBlockContent\"><\/div>\n<div class=\"clear\"><\/div>\n<div id=\"footer\" class=\"productFooter\">\n<div class=\"footerTop\"><\/div>\n<div class=\"footerCenter\">\n<div class=\"ticiFooterContent\">\n<div class=\"ticiFooterTop\">\n<div class=\"ticiContainer\"><\/div>\n<\/div>\n<\/div>\n<\/div>\n<\/div>\n","protected":false},"excerpt":{"rendered":"<p>Aktif zeolit, v\u00fccuttaki toksinlerin ve a\u011f\u0131r metallerin temizlenmesine yard\u0131mc\u0131 olan do\u011fal bir mineraldir. Sindirim sistemi yoluyla v\u00fccuttan zararl\u0131 maddelerin at\u0131lmas\u0131na yard\u0131mc\u0131 olabilir. Detoksifikasyon s\u00fcrecini destekleyerek, sa\u011fl\u0131kl\u0131 bir ba\u011f\u0131rsak floras\u0131 olu\u015fumuna katk\u0131da bulunabilir. Ayr\u0131ca, ba\u011f\u0131\u015f\u0131kl\u0131k sistemi fonksiyonlar\u0131n\u0131 destekleyerek genel sa\u011fl\u0131k ve iyilik haline olumlu etki edebilir. Bunun yan\u0131 s\u0131ra, antioksidan \u00f6zellikleri ile h\u00fccreleri serbest radikallerin zararl\u0131 etkilerine kar\u015f\u0131 koruyabilir. Enfeksiyonlarla m\u00fccadele etme kabiliyeti, kanaman\u0131n kontrol\u00fc ve h\u0131zl\u0131 yara iyile\u015fmesi gibi belirgin etkileri bulunmaktad\u0131r.<\/p>\n","protected":false},"featured_media":5332,"comment_status":"closed","ping_status":"closed","template":"","meta":{"_uf_show_specific_survey":0,"_uf_disable_surveys":false},"product_brand":[],"product_cat":[401],"product_tag":[404,239,312,416,431],"class_list":{"0":"post-4023","1":"product","2":"type-product","3":"status-publish","4":"has-post-thumbnail","6":"product_cat-aktif-zeolit","7":"product_tag-aktif-zeolit-tr","8":"product_tag-docanpharma-tr","9":"product_tag-inulin","10":"product_tag-saglik-tr","11":"product_tag-zeolit-tr","12":"product_shipping_class-test-gonderim-sinifi","13":"brands-docan-zeolite","15":"first","16":"instock","17":"shipping-taxable","18":"purchasable","19":"product-type-simple"},"acf":[],"aioseo_notices":[],"_links":{"self":[{"href":"https:\/\/docanpharma.com\/tr\/wp-json\/wp\/v2\/product\/4023","targetHints":{"allow":["GET"]}}],"collection":[{"href":"https:\/\/docanpharma.com\/tr\/wp-json\/wp\/v2\/product"}],"about":[{"href":"https:\/\/docanpharma.com\/tr\/wp-json\/wp\/v2\/types\/product"}],"replies":[{"embeddable":true,"href":"https:\/\/docanpharma.com\/tr\/wp-json\/wp\/v2\/comments?post=4023"}],"version-history":[{"count":2,"href":"https:\/\/docanpharma.com\/tr\/wp-json\/wp\/v2\/product\/4023\/revisions"}],"predecessor-version":[{"id":5335,"href":"https:\/\/docanpharma.com\/tr\/wp-json\/wp\/v2\/product\/4023\/revisions\/5335"}],"wp:featuredmedia":[{"embeddable":true,"href":"https:\/\/docanpharma.com\/tr\/wp-json\/wp\/v2\/media\/5332"}],"wp:attachment":[{"href":"https:\/\/docanpharma.com\/tr\/wp-json\/wp\/v2\/media?parent=4023"}],"wp:term":[{"taxonomy":"product_brand","embeddable":true,"href":"https:\/\/docanpharma.com\/tr\/wp-json\/wp\/v2\/product_brand?post=4023"},{"taxonomy":"product_cat","embeddable":true,"href":"https:\/\/docanpharma.com\/tr\/wp-json\/wp\/v2\/product_cat?post=4023"},{"taxonomy":"product_tag","embeddable":true,"href":"https:\/\/docanpharma.com\/tr\/wp-json\/wp\/v2\/product_tag?post=4023"}],"curies":[{"name":"wp","href":"https:\/\/api.w.org\/{rel}","templated":true}]}}