{"id":4013,"date":"2023-12-11T13:11:21","date_gmt":"2023-12-11T10:11:21","guid":{"rendered":"https:\/\/docanpharma.com\/?post_type=product&#038;p=4013"},"modified":"2024-01-25T18:17:58","modified_gmt":"2024-01-25T15:17:58","slug":"zeolit-kolajen-ve-inulin","status":"publish","type":"product","link":"https:\/\/docanpharma.com\/tr\/urun\/zeolit-kolajen-ve-inulin\/","title":{"rendered":"Aktif Zeolit Kolajen ve \u0130n\u00fclin"},"content":{"rendered":"<div id=\"divIcerik\" class=\"ticiContainer productDetailContainer\">\n<div id=\"mainHolder_divBlocks\">\n<div id=\"divCenterBlock\" class=\"centerCount Middle\">\n<div>\n<div>\n<div id=\"contentProductDetail\" class=\"contentProductDetail\">\n<div class=\"ProductDetail\">\n<div id=\"ProductDetailMain\" class=\"ProductDetailMain\">\n<div class=\"TopDet\">\n<div class=\"RightDetail\">\n<div id=\"divUrunOzellikAlani\" class=\"urunOzellik\">\n<div class=\"webTab\">\n<div class=\"urunDetayPanel\">\n<div class=\"urunTabAlt\">DoCan Pharma \u00fcr\u00fcnlerinde bulunan\u00a0<strong>aktif zeolit<\/strong>, piyasadaki zeolit \u00fcr\u00fcnlerinin ham maddesinden tamamen farkl\u0131, zeoliti 7 kez aktifle\u015ftirebilen yeni nesil teknolojiye sahip birka\u00e7 \u015firketten biri olan\u00a0Dokuzo\u011flu Can \u0130la\u00e7 \u0130la\u00e7 Sanayi ve Ticaret Limited \u015eirketi taraf\u0131ndan yap\u0131lan\u00a0uzun ar-ge \u00e7al\u0131\u015fmalar\u0131 sonucu ortaya \u00e7\u0131kan\u00a0<strong>aktifle\u015ftirilmi\u015f zeolitten<\/strong>\u00a0elde edilmektedir.<\/div>\n<\/div>\n<\/div>\n<\/div>\n<\/div>\n<\/div>\n<\/div>\n<\/div>\n<\/div>\n<\/div>\n<\/div>\n<\/div>\n<\/div>\n<\/div>\n<div><\/div>\n<div>\n<h2>Aktif Zeolit Kolajen ve \u0130n\u00fclin \u0130\u00e7indekiler :<\/h2>\n<h3>\u2022 Zeolit:<\/h3>\n<p>Zeolit, detoksifikasyon \u00f6zellikleriyle bilinen do\u011fal bir mineraldir. Toksinlerin, a\u011f\u0131r metallerin ve di\u011fer safs\u0131zl\u0131klar\u0131n v\u00fccuttan at\u0131lmas\u0131na yard\u0131mc\u0131 olarak genel sa\u011fl\u0131\u011f\u0131 ve berrak bir cildi destekler.<\/p>\n<h3>\u2022 \u0130n\u00fclin:<\/h3>\n<p>\u0130n\u00fclin, sa\u011fl\u0131kl\u0131 bir ba\u011f\u0131rsak mikrobiyomunu destekleyen, sindirimi ve besin emilimini destekleyen prebiyotik bir liftir. Ayn\u0131 zamanda sabit kan \u015fekeri seviyelerinin korunmas\u0131na yard\u0131mc\u0131 olur ve dolgunluk hissine katk\u0131da bulunur.<\/p>\n<h3>\u2022 Kolajen:<\/h3>\n<p>Kolajen, cilde, eklemlere ve ba\u011f dokular\u0131na g\u00fc\u00e7 ve elastikiyet sa\u011flayan yap\u0131sal bir proteindir. Sa\u011fl\u0131kl\u0131 cildi destekler, sa\u00e7 ve t\u0131rnak b\u00fcy\u00fcmesini destekler ve eklem esnekli\u011fine yard\u0131mc\u0131 olur.<\/p>\n<h3>\u2022 C Vitamini:<\/h3>\n<p>C vitamini, ba\u011f\u0131\u015f\u0131kl\u0131k fonksiyonunu ve kolajen sentezini destekleyen g\u00fc\u00e7l\u00fc bir antioksidand\u0131r. V\u00fccudu serbest radikallere kar\u015f\u0131 korumaya yard\u0131mc\u0131 olur, sa\u011fl\u0131kl\u0131 cildi destekler ve demir emilimini art\u0131r\u0131r.<\/p>\n<h3>\u2022 Hidrolize Elastin:<\/h3>\n<p>Hidrolize elastin, cilde ve ba\u011f dokular\u0131na esneklik ve esneklik sa\u011flayan bir proteindir. Cildin s\u0131k\u0131l\u0131\u011f\u0131n\u0131 destekler, k\u0131r\u0131\u015f\u0131kl\u0131klar\u0131n g\u00f6r\u00fcn\u00fcm\u00fcn\u00fc azalt\u0131r ve eklem sa\u011fl\u0131\u011f\u0131n\u0131 destekler.<\/p>\n<h3>\u2022 Hyaluronik Asit:<\/h3>\n<p>Hyaluronik asit ciltteki, eklemlerdeki ve g\u00f6zlerdeki nemin korunmas\u0131na yard\u0131mc\u0131 olan do\u011fal bir bile\u015fiktir. Hidrasyonu, dolgunlu\u011fu ve esnekli\u011fi destekleyerek gen\u00e7 bir g\u00f6r\u00fcn\u00fcm\u00fcn korunmas\u0131na yard\u0131mc\u0131 olur.<\/p>\n<h3>\u2022 Alfa Lipoik Asit:<\/h3>\n<p>Alfa lipoik asit, h\u00fccreleri oksidatif stresten korumaya yard\u0131mc\u0131 olan g\u00fc\u00e7l\u00fc bir antioksidand\u0131r. Sa\u011fl\u0131kl\u0131 ya\u015flanmay\u0131 destekler, gen\u00e7 bir cildi destekler ve di\u011fer antioksidanlar\u0131n yenilenmesine yard\u0131mc\u0131 olur.<\/p>\n<h3>\u2022 Glutatyon:<\/h3>\n<p>Glutatyon, serbest radikalleri n\u00f6tralize etmeye yard\u0131mc\u0131 olan, detoksifikasyonu destekleyen ve sa\u011fl\u0131kl\u0131 bir ba\u011f\u0131\u015f\u0131kl\u0131k sistemini destekleyen ana bir antioksidand\u0131r. Ayr\u0131ca parlak ve e\u015fit tonlu cildin korunmas\u0131na yard\u0131mc\u0131 olur.<\/p>\n<h3>\u2022 E Vitamini:<\/h3>\n<p>E vitamini, h\u00fccreleri oksidatif hasarlardan koruyan g\u00fc\u00e7l\u00fc bir antioksidand\u0131r. Cilt sa\u011fl\u0131\u011f\u0131n\u0131 destekler, sa\u00e7 ve t\u0131rnak b\u00fcy\u00fcmesini destekler ve sa\u011fl\u0131kl\u0131 bir kardiyovask\u00fcler sisteme katk\u0131da bulunur.<\/p>\n<h3>\u2022 Selenyum:<\/h3>\n<p>Selenyum, h\u00fccreleri oksidatif stresten korumak i\u00e7in antioksidanlarla birlikte \u00e7al\u0131\u015fan \u00f6nemli bir mineraldir. Sa\u011fl\u0131kl\u0131 bir ba\u011f\u0131\u015f\u0131kl\u0131k sistemini, tiroid fonksiyonunu destekler ve antienflamatuar etkileri olabilir.<\/p>\n<h3>\u00c7inko:<\/h3>\n<p>\u00c7inko, \u00e7e\u015fitli v\u00fccut fonksiyonlar\u0131nda \u00e7ok \u00f6nemli bir rol oynayan bir mineraldir. Ba\u011f\u0131\u015f\u0131kl\u0131k sa\u011fl\u0131\u011f\u0131n\u0131 destekler, yara iyile\u015fmesini destekler, sa\u011fl\u0131kl\u0131 cildin korunmas\u0131na yard\u0131mc\u0131 olur ve kolajen sentezine yard\u0131mc\u0131 olur.<\/p>\n<h3>\u2022 B3 Vitamini:<\/h3>\n<p>Niasin olarak da bilinen B3 vitamini, enerji \u00fcretimini, uygun dola\u015f\u0131m\u0131 ve sa\u011fl\u0131kl\u0131 cilt i\u015flevini destekler. Cilt lekelerinin g\u00f6r\u00fcn\u00fcm\u00fcn\u00fc azaltmaya yard\u0131mc\u0131 olur, dengeli bir cildi destekler ve DNA onar\u0131m\u0131na yard\u0131mc\u0131 olur.<\/p>\n<h3>\u2022 B5 Vitamini:<\/h3>\n<p>B5 Vitamini veya pantotenik asit, enerji metabolizmas\u0131nda ve hormonlar ve lipitler de dahil olmak \u00fczere \u00e7e\u015fitli bile\u015fiklerin sentezinde rol oynar. Sa\u011fl\u0131kl\u0131 cildi destekler, yara iyile\u015fmesini destekler ve uygun sinir sistemi i\u015flevinin korunmas\u0131na yard\u0131mc\u0131 olur.<\/p>\n<h3>\u2022 B6 Vitamini:<\/h3>\n<p>B6 Vitamini veya piridoksin, amino asitlerin enerji \u00fcretiminde ve metabolizmas\u0131nda hayati bir rol oynar. Sa\u011fl\u0131kl\u0131 bir sinir sistemini destekler, sa\u011fl\u0131kl\u0131 cildi destekler ve hormonal dengeyi d\u00fczenlemeye yard\u0131mc\u0131 olur.<\/p>\n<h3>\u2022 Biyotin:<\/h3>\n<p>B7 vitamini olarak da bilinen biyotin, sa\u011fl\u0131kl\u0131 sa\u00e7lar, cilt ve t\u0131rnaklar i\u00e7in gereklidir. Protein ve ya\u011flar\u0131n metabolizmas\u0131n\u0131 destekler, sa\u00e7 ve t\u0131rnak b\u00fcy\u00fcmesini destekler ve parlak bir cildin korunmas\u0131na yard\u0131mc\u0131 olur.<\/p>\n<h3>\u2022 B12 Vitamini:<\/h3>\n<p>B12 vitamini, k\u0131rm\u0131z\u0131 kan h\u00fccresi \u00fcretimi ve sinir sistemi i\u015flevi de dahil olmak \u00fczere \u00e7e\u015fitli v\u00fccut s\u00fcre\u00e7lerinde rol oynar. Sa\u011fl\u0131kl\u0131 cildi destekler, enerji \u00fcretimini destekler ve DNA sentezine yard\u0131mc\u0131 olur.<\/p>\n<h3>\u2022 D Vitamini:<\/h3>\n<p>Genellikle &#8220;g\u00fcne\u015f \u0131\u015f\u0131\u011f\u0131 vitamini&#8221; olarak adland\u0131r\u0131lan D vitamini, kemik sa\u011fl\u0131\u011f\u0131n\u0131, ba\u011f\u0131\u015f\u0131kl\u0131k fonksiyonunu ve genel refah\u0131 destekler. Ayr\u0131ca sa\u011fl\u0131kl\u0131 cildin korunmas\u0131nda rol oynar ve anti-inflamatuar etkiye sahip olabilir.<\/p>\n<\/div>\n<p>G\u00fcnl\u00fck al\u0131m dozu ve kullan\u0131m \u015fekli: 11 ya\u015f ve \u00fczeri bireyler i\u00e7in g\u00fcnde 2 sa\u015fe sabah ve ak\u015fam yemeklerle birlikte \u00f6nerilmektedir. Ard\u0131ndan 2-3 bardak ilave su i\u00e7ilmesi tavsiye edilir.<\/p>\n<p>\u0130LA\u00c7 DE\u011e\u0130LD\u0130R!<\/p>\n<p>Hastal\u0131klar\u0131n \u00f6nlenmesi veya tedavi edilmesi amac\u0131yla kullan\u0131lamaz. Takviye edici g\u0131dalar normal beslenmenin yerine ge\u00e7mez. Hamilelik ve emzirme d\u00f6nemi ile hastal\u0131k veya ila\u00e7 kullan\u0131lmas\u0131 durumunda doktorunuza dan\u0131\u015f\u0131n\u0131z. Tavsiye edilen g\u00fcnl\u00fck porsiyonu a\u015fmay\u0131n\u0131z. \u00c7ocuklar\u0131n ula\u015famayaca\u011f\u0131 yerlerde muhafaza ediniz.<\/p>\n<p>&nbsp;<\/p>\n<div id=\"divIcerik\" class=\"ticiContainer productDetailContainer\">\n<div id=\"mainHolder_divBlocks\">\n<div id=\"divCenterBlock\" class=\"centerCount Middle\">\n<div>\n<div>\n<div id=\"contentProductDetail\" class=\"contentProductDetail\">\n<div class=\"ProductDetail\">\n<div id=\"ProductDetailMain\" class=\"ProductDetailMain\">\n<div class=\"ProductDetailMainRow\">\n<div class=\"clear ResetClear\"><\/div>\n<div class=\"clear ResetClear\"><\/div>\n<div class=\"clear\"><\/div>\n<div class=\"clear\"><\/div>\n<div class=\"middleBottomBlock\"><\/div>\n<\/div>\n<\/div>\n<\/div>\n<\/div>\n<\/div>\n<\/div>\n<div class=\"middleBottomBlock\"><\/div>\n<\/div>\n<\/div>\n<\/div>\n<div class=\"clear\"><\/div>\n<div class=\"ticiBottomBlockContent\"><\/div>\n<div class=\"clear\"><\/div>\n<div id=\"footer\" class=\"productFooter\">\n<div class=\"footerTop\"><\/div>\n<div class=\"footerCenter\">\n<div class=\"ticiFooterContent\">\n<div class=\"ticiFooterTop\">\n<div class=\"ticiContainer\"><\/div>\n<\/div>\n<\/div>\n<\/div>\n<\/div>\n","protected":false},"excerpt":{"rendered":"<p>Aktif zeolit, v\u00fccuttaki toksinlerin ve a\u011f\u0131r metallerin temizlenmesine yard\u0131mc\u0131 olan do\u011fal bir mineraldir. Sindirim sistemi yoluyla v\u00fccuttan zararl\u0131 maddelerin at\u0131lmas\u0131na yard\u0131mc\u0131 olabilir. Detoksifikasyon s\u00fcrecini destekleyerek, sa\u011fl\u0131kl\u0131 bir ba\u011f\u0131rsak floras\u0131 olu\u015fumuna katk\u0131da bulunabilir. Ayr\u0131ca, ba\u011f\u0131\u015f\u0131kl\u0131k sistemi fonksiyonlar\u0131n\u0131 destekleyerek genel sa\u011fl\u0131k ve iyilik haline olumlu etki edebilir. Bunun yan\u0131 s\u0131ra, antioksidan \u00f6zellikleri ile h\u00fccreleri serbest radikallerin zararl\u0131 etkilerine kar\u015f\u0131 koruyabilir. Enfeksiyonlarla m\u00fccadele etme kabiliyeti, kanaman\u0131n kontrol\u00fc ve h\u0131zl\u0131 yara iyile\u015fmesi gibi belirgin etkileri bulunmaktad\u0131r.<\/p>\n","protected":false},"featured_media":5362,"comment_status":"closed","ping_status":"closed","template":"","meta":{"_uf_show_specific_survey":0,"_uf_disable_surveys":false},"product_brand":[],"product_cat":[401],"product_tag":[404,239,312,411,416,431],"class_list":{"0":"post-4013","1":"product","2":"type-product","3":"status-publish","4":"has-post-thumbnail","6":"product_cat-aktif-zeolit","7":"product_tag-aktif-zeolit-tr","8":"product_tag-docanpharma-tr","9":"product_tag-inulin","10":"product_tag-kollajen","11":"product_tag-saglik-tr","12":"product_tag-zeolit-tr","13":"product_shipping_class-test-gonderim-sinifi","14":"brands-docan-zeolite","16":"first","17":"instock","18":"shipping-taxable","19":"purchasable","20":"product-type-simple"},"acf":[],"aioseo_notices":[],"_links":{"self":[{"href":"https:\/\/docanpharma.com\/tr\/wp-json\/wp\/v2\/product\/4013","targetHints":{"allow":["GET"]}}],"collection":[{"href":"https:\/\/docanpharma.com\/tr\/wp-json\/wp\/v2\/product"}],"about":[{"href":"https:\/\/docanpharma.com\/tr\/wp-json\/wp\/v2\/types\/product"}],"replies":[{"embeddable":true,"href":"https:\/\/docanpharma.com\/tr\/wp-json\/wp\/v2\/comments?post=4013"}],"version-history":[{"count":1,"href":"https:\/\/docanpharma.com\/tr\/wp-json\/wp\/v2\/product\/4013\/revisions"}],"predecessor-version":[{"id":5366,"href":"https:\/\/docanpharma.com\/tr\/wp-json\/wp\/v2\/product\/4013\/revisions\/5366"}],"wp:featuredmedia":[{"embeddable":true,"href":"https:\/\/docanpharma.com\/tr\/wp-json\/wp\/v2\/media\/5362"}],"wp:attachment":[{"href":"https:\/\/docanpharma.com\/tr\/wp-json\/wp\/v2\/media?parent=4013"}],"wp:term":[{"taxonomy":"product_brand","embeddable":true,"href":"https:\/\/docanpharma.com\/tr\/wp-json\/wp\/v2\/product_brand?post=4013"},{"taxonomy":"product_cat","embeddable":true,"href":"https:\/\/docanpharma.com\/tr\/wp-json\/wp\/v2\/product_cat?post=4013"},{"taxonomy":"product_tag","embeddable":true,"href":"https:\/\/docanpharma.com\/tr\/wp-json\/wp\/v2\/product_tag?post=4013"}],"curies":[{"name":"wp","href":"https:\/\/api.w.org\/{rel}","templated":true}]}}