{"id":4001,"date":"2021-05-26T19:16:14","date_gmt":"2021-05-26T16:16:14","guid":{"rendered":"https:\/\/docanpharma.com\/?post_type=product&#038;p=4001"},"modified":"2024-01-25T18:18:08","modified_gmt":"2024-01-25T15:18:08","slug":"aktif-zeolit-portakal-aromali-ve-probiyotik","status":"publish","type":"product","link":"https:\/\/docanpharma.com\/tr\/urun\/aktif-zeolit-portakal-aromali-ve-probiyotik\/","title":{"rendered":"Aktif Zeolit Portakal Aromal\u0131 ve Probiyotik"},"content":{"rendered":"<div id=\"divIcerik\" class=\"ticiContainer productDetailContainer\">\n<div id=\"mainHolder_divBlocks\">\n<div id=\"divCenterBlock\" class=\"centerCount Middle\">\n<div>\n<div>\n<div id=\"contentProductDetail\" class=\"contentProductDetail\">\n<div class=\"ProductDetail\">\n<div id=\"ProductDetailMain\" class=\"ProductDetailMain\">\n<div class=\"TopDet\">\n<div class=\"RightDetail\">\n<div id=\"divUrunOzellikAlani\" class=\"urunOzellik\">\n<div class=\"webTab\">\n<div class=\"urunDetayPanel\">\n<div class=\"urunTabAlt\"><a href=\"https:\/\/docanpharma.com\/tr\/\">DoCan Pharma<\/a> \u00fcr\u00fcnlerinde bulunan\u00a0<strong>aktif zeolit<\/strong>, piyasadaki zeolit \u00fcr\u00fcnlerinin ham maddesinden tamamen farkl\u0131, zeoliti 7 kez aktifle\u015ftirebilen yeni nesil teknolojiye sahip birka\u00e7 \u015firketten biri olan\u00a0Dokuzo\u011flu Can \u0130la\u00e7 \u0130la\u00e7 Sanayi ve Ticaret Limited \u015eirketi taraf\u0131ndan yap\u0131lan\u00a0uzun ar-ge \u00e7al\u0131\u015fmalar\u0131 sonucu ortaya \u00e7\u0131kan\u00a0<strong>aktifle\u015ftirilmi\u015f zeolitten<\/strong>\u00a0elde edilmektedir.<\/div>\n<\/div>\n<\/div>\n<\/div>\n<\/div>\n<\/div>\n<\/div>\n<\/div>\n<\/div>\n<\/div>\n<\/div>\n<\/div>\n<\/div>\n<\/div>\n<div class=\"clear ResetClear\"><\/div>\n<div>\n<h2>Aktif Zeolit Portakal Aromal\u0131 ve Probiyotik <b>\u0130\u00e7endekiler <\/b>:<\/h2>\n<h3><strong>\u2022 Zeolit:<\/strong><\/h3>\n<p>Zeolit, detoksifikasyon \u00f6zellikleriyle bilinen do\u011fal bir mineraldir. Toksinlerin, a\u011f\u0131r metallerin ve di\u011fer safs\u0131zl\u0131klar\u0131n v\u00fccuttan at\u0131lmas\u0131na yard\u0131mc\u0131 olarak genel sa\u011fl\u0131\u011f\u0131 ve berrak bir cildi destekler.<\/p>\n<h3>\u2022 Probiyotik:<\/h3>\n<p>Probiyotikler sindirim sistemi sa\u011fl\u0131\u011f\u0131na b\u00fcy\u00fck katk\u0131 sa\u011flayan &#8220;iyi&#8221; bakterilerdir. Ba\u011f\u0131rsak floras\u0131n\u0131n dengelenmesine yard\u0131mc\u0131 olarak sindirimi kolayla\u015ft\u0131rabilir, sindirim sistemi rahats\u0131zl\u0131klar\u0131n\u0131 azaltabilir ve ba\u011f\u0131\u015f\u0131kl\u0131k sistemi fonksiyonlar\u0131n\u0131 destekleyebilir. Ayn\u0131 zamanda, probiyotiklerin kullan\u0131m\u0131 ba\u011f\u0131rsak hareketlili\u011fini art\u0131rabilir, kab\u0131zl\u0131k gibi sorunlara kar\u015f\u0131 yard\u0131mc\u0131 olabilir ve sindirim rahats\u0131zl\u0131klar\u0131n\u0131n giderilmesine yard\u0131mc\u0131 olabilir. Baz\u0131 ara\u015ft\u0131rmalar, probiyotiklerin ayr\u0131ca alerji riskini azaltabilece\u011fini, ba\u011f\u0131\u015f\u0131kl\u0131k sistemi \u00fczerinde olumlu etkiler g\u00f6sterebilece\u011fini ve sindirim sisteminden ba\u011f\u0131ms\u0131z olarak genel sa\u011fl\u0131k \u00fczerinde faydal\u0131 etkileri olabilece\u011fini \u00f6ne s\u00fcrmektedir.<\/p>\n<\/div>\n<p><i>G\u00fcnl\u00fck al\u0131m dozu ve kullan\u0131m \u015fekli: 11 ya\u015f ve \u00fczeri bireyler i\u00e7in g\u00fcnde 2 sa\u015fe sabah ve ak\u015fam yemeklerle birlikte \u00f6nerilmektedir. Ard\u0131ndan 2-3 bardak ilave su i\u00e7ilmesi tavsiye edilir.<\/i><\/p>\n<p>\u0130LA\u00c7 DE\u011e\u0130LD\u0130R!<\/p>\n<p>Hastal\u0131klar\u0131n \u00f6nlenmesi veya tedavi edilmesi amac\u0131yla kullan\u0131lamaz. Takviye edici g\u0131dalar normal beslenmenin yerine ge\u00e7mez. Hamilelik ve emzirme d\u00f6nemi ile hastal\u0131k veya ila\u00e7 kullan\u0131lmas\u0131 durumunda doktorunuza dan\u0131\u015f\u0131n\u0131z. Tavsiye edilen g\u00fcnl\u00fck porsiyonu a\u015fmay\u0131n\u0131z. \u00c7ocuklar\u0131n ula\u015famayaca\u011f\u0131 yerlerde muhafaza ediniz.<\/p>\n<p>&nbsp;<\/p>\n<div id=\"divIcerik\" class=\"ticiContainer productDetailContainer\">\n<div id=\"mainHolder_divBlocks\">\n<div id=\"divCenterBlock\" class=\"centerCount Middle\">\n<div>\n<div>\n<div id=\"contentProductDetail\" class=\"contentProductDetail\">\n<div class=\"ProductDetail\">\n<div id=\"ProductDetailMain\" class=\"ProductDetailMain\">\n<div class=\"ProductDetailMainRow\">\n<div class=\"clear ResetClear\"><\/div>\n<div class=\"clear\"><\/div>\n<div class=\"clear\"><\/div>\n<div class=\"middleBottomBlock\"><\/div>\n<\/div>\n<\/div>\n<\/div>\n<\/div>\n<\/div>\n<\/div>\n<div class=\"middleBottomBlock\"><\/div>\n<\/div>\n<\/div>\n<\/div>\n<div class=\"clear\"><\/div>\n<div class=\"ticiBottomBlockContent\"><\/div>\n<div class=\"clear\"><\/div>\n<div id=\"footer\" class=\"productFooter\">\n<div class=\"footerTop\"><\/div>\n<div class=\"footerCenter\">\n<div class=\"ticiFooterContent\">\n<div class=\"ticiFooterTop\">\n<div class=\"ticiContainer\"><\/div>\n<\/div>\n<\/div>\n<\/div>\n<\/div>\n","protected":false},"excerpt":{"rendered":"<p>Aktif zeolit, v\u00fccuttaki toksinlerin ve a\u011f\u0131r metallerin temizlenmesine yard\u0131mc\u0131 olan do\u011fal bir mineraldir. Sindirim sistemi yoluyla v\u00fccuttan zararl\u0131 maddelerin at\u0131lmas\u0131na yard\u0131mc\u0131 olabilir. Detoksifikasyon s\u00fcrecini destekleyerek, sa\u011fl\u0131kl\u0131 bir ba\u011f\u0131rsak floras\u0131 olu\u015fumuna katk\u0131da bulunabilir. Ayr\u0131ca, ba\u011f\u0131\u015f\u0131kl\u0131k sistemi fonksiyonlar\u0131n\u0131 destekleyerek genel sa\u011fl\u0131k ve iyilik haline olumlu etki edebilir. Bunun yan\u0131 s\u0131ra, antioksidan \u00f6zellikleri ile h\u00fccreleri serbest radikallerin zararl\u0131 etkilerine kar\u015f\u0131 koruyabilir. Enfeksiyonlarla m\u00fccadele etme kabiliyeti, kanaman\u0131n kontrol\u00fc ve h\u0131zl\u0131 yara iyile\u015fmesi gibi belirgin etkileri bulunmaktad\u0131r.<\/p>\n","protected":false},"featured_media":5358,"comment_status":"closed","ping_status":"closed","template":"","meta":{"_uf_show_specific_survey":0,"_uf_disable_surveys":false},"product_brand":[],"product_cat":[401],"product_tag":[404,239,312,423,425,416,431],"class_list":{"0":"post-4001","1":"product","2":"type-product","3":"status-publish","4":"has-post-thumbnail","6":"product_cat-aktif-zeolit","7":"product_tag-aktif-zeolit-tr","8":"product_tag-docanpharma-tr","9":"product_tag-inulin","10":"product_tag-portakal-tr","11":"product_tag-probiyotik-tr","12":"product_tag-saglik-tr","13":"product_tag-zeolit-tr","14":"product_shipping_class-test-gonderim-sinifi","15":"brands-docan-zeolite","17":"first","18":"instock","19":"shipping-taxable","20":"purchasable","21":"product-type-simple"},"acf":[],"aioseo_notices":[],"_links":{"self":[{"href":"https:\/\/docanpharma.com\/tr\/wp-json\/wp\/v2\/product\/4001","targetHints":{"allow":["GET"]}}],"collection":[{"href":"https:\/\/docanpharma.com\/tr\/wp-json\/wp\/v2\/product"}],"about":[{"href":"https:\/\/docanpharma.com\/tr\/wp-json\/wp\/v2\/types\/product"}],"replies":[{"embeddable":true,"href":"https:\/\/docanpharma.com\/tr\/wp-json\/wp\/v2\/comments?post=4001"}],"version-history":[{"count":1,"href":"https:\/\/docanpharma.com\/tr\/wp-json\/wp\/v2\/product\/4001\/revisions"}],"predecessor-version":[{"id":5374,"href":"https:\/\/docanpharma.com\/tr\/wp-json\/wp\/v2\/product\/4001\/revisions\/5374"}],"wp:featuredmedia":[{"embeddable":true,"href":"https:\/\/docanpharma.com\/tr\/wp-json\/wp\/v2\/media\/5358"}],"wp:attachment":[{"href":"https:\/\/docanpharma.com\/tr\/wp-json\/wp\/v2\/media?parent=4001"}],"wp:term":[{"taxonomy":"product_brand","embeddable":true,"href":"https:\/\/docanpharma.com\/tr\/wp-json\/wp\/v2\/product_brand?post=4001"},{"taxonomy":"product_cat","embeddable":true,"href":"https:\/\/docanpharma.com\/tr\/wp-json\/wp\/v2\/product_cat?post=4001"},{"taxonomy":"product_tag","embeddable":true,"href":"https:\/\/docanpharma.com\/tr\/wp-json\/wp\/v2\/product_tag?post=4001"}],"curies":[{"name":"wp","href":"https:\/\/api.w.org\/{rel}","templated":true}]}}