{"id":3996,"date":"2023-12-11T13:37:18","date_gmt":"2023-12-11T10:37:18","guid":{"rendered":"https:\/\/docanpharma.com\/?post_type=product&#038;p=3996"},"modified":"2024-01-25T18:17:44","modified_gmt":"2024-01-25T15:17:44","slug":"aktif-zeolit-astaksantin-ve-inulin","status":"publish","type":"product","link":"https:\/\/docanpharma.com\/tr\/urun\/aktif-zeolit-astaksantin-ve-inulin\/","title":{"rendered":"Aktif Zeolit Astaksantin ve \u0130n\u00fclin"},"content":{"rendered":"<div id=\"divIcerik\" class=\"ticiContainer productDetailContainer\">\n<div id=\"mainHolder_divBlocks\">\n<div id=\"divCenterBlock\" class=\"centerCount Middle\">\n<div>\n<div>\n<div id=\"contentProductDetail\" class=\"contentProductDetail\">\n<div class=\"ProductDetail\">\n<div id=\"ProductDetailMain\" class=\"ProductDetailMain\">\n<div class=\"TopDet\">\n<div class=\"RightDetail\">\n<div id=\"divUrunOzellikAlani\" class=\"urunOzellik\">\n<div class=\"webTab\">\n<div class=\"urunDetayPanel\">\n<div class=\"urunTabAlt\">DoCan Pharma \u00fcr\u00fcnlerinde bulunan\u00a0<strong>aktif zeolit<\/strong>, piyasadaki zeolit \u00fcr\u00fcnlerinin ham maddesinden tamamen farkl\u0131, zeoliti 7 kez aktifle\u015ftirebilen yeni nesil teknolojiye sahip birka\u00e7 \u015firketten biri olan\u00a0Dokuzo\u011flu Can \u0130la\u00e7 \u0130la\u00e7 Sanayi ve Ticaret Limited \u015eirketi taraf\u0131ndan yap\u0131lan\u00a0uzun ar-ge \u00e7al\u0131\u015fmalar\u0131 sonucu ortaya \u00e7\u0131kan\u00a0<strong>aktifle\u015ftirilmi\u015f zeolitten<\/strong>\u00a0elde edilmektedir.<\/div>\n<\/div>\n<\/div>\n<\/div>\n<\/div>\n<\/div>\n<\/div>\n<\/div>\n<\/div>\n<\/div>\n<\/div>\n<\/div>\n<\/div>\n<\/div>\n<div class=\"clear ResetClear\"><\/div>\n<div>\n<h3><b>Aktif Zeolit Astaksantin ve \u0130n\u00fclin \u0130\u00e7indekiler:<\/b><\/h3>\n<p><strong>\u2022 Zeolit:<\/strong><\/p>\n<p>Zeolit, detoksifikasyon \u00f6zellikleriyle bilinen do\u011fal bir mineraldir. Toksinlerin, a\u011f\u0131r metallerin ve di\u011fer safs\u0131zl\u0131klar\u0131n v\u00fccuttan at\u0131lmas\u0131na yard\u0131mc\u0131 olarak genel sa\u011fl\u0131\u011f\u0131 ve berrak bir cildi destekler.<\/p>\n<p><strong>\u2022 \u0130n\u00fclin:<\/strong><\/p>\n<p>\u0130n\u00fclin, sindirim sa\u011fl\u0131\u011f\u0131na pek \u00e7ok fayda sa\u011flayabilen bir prebiyotiktir. Ba\u011f\u0131rsaklardaki iyi bakterilerin beslenmesine katk\u0131da bulunarak sindirim sisteminin dengelenmesine yard\u0131mc\u0131 olabilir. Sindirim sistemine dost olan bu madde, sindirim sa\u011fl\u0131\u011f\u0131n\u0131 destekler, ba\u011f\u0131rsak hareketlili\u011fini art\u0131rabilir ve kab\u0131zl\u0131k gibi sindirim sorunlar\u0131na kar\u015f\u0131 yard\u0131mc\u0131 olabilir. Ayr\u0131ca, in\u00fclinin kan \u015fekerini dengeleme ve ba\u011f\u0131\u015f\u0131kl\u0131k sistemini g\u00fc\u00e7lendirme gibi olumlu etkileri de bulunmaktad\u0131r.<\/p>\n<p><strong>\u2022 Astaksantin<\/strong><\/p>\n<p>Astaksantin g\u00fc\u00e7l\u00fc bir antioksidand\u0131r ve bir\u00e7ok sa\u011fl\u0131k faydas\u0131 sunabilir. \u00d6ncelikle, h\u00fccreleri serbest radikallerin neden oldu\u011fu oksidatif stresten koruyarak anti-aging \u00f6zelliklere sahiptir. G\u00f6z sa\u011fl\u0131\u011f\u0131 i\u00e7in \u00f6nemlidir, mak\u00fcler dejenerasyon gibi g\u00f6z hastal\u0131klar\u0131n\u0131 azaltmada etkili olabilir. Ayn\u0131 zamanda cilt sa\u011fl\u0131\u011f\u0131n\u0131 destekleyerek g\u00fcne\u015fe kar\u015f\u0131 koruyucu bir etki g\u00f6sterebilir. Anti-enflamatuar \u00f6zellikleri vard\u0131r ve egzersiz performans\u0131n\u0131 art\u0131rabilir, kas hasar\u0131n\u0131 azaltabilir. Kardiyovask\u00fcler sa\u011fl\u0131\u011f\u0131 destekleyebilir ve beyin fonksiyonlar\u0131n\u0131 iyile\u015ftirebilir. Astaksantin, genel olarak v\u00fccuttaki iltihaplanmay\u0131 azalt\u0131c\u0131 ve ba\u011f\u0131\u015f\u0131kl\u0131k sistemini g\u00fc\u00e7lendirici \u00f6zelliklere sahiptir.<\/p>\n<\/div>\n<p>G\u00fcnl\u00fck al\u0131m dozu ve kullan\u0131m \u015fekli: 11 ya\u015f ve \u00fczeri bireyler i\u00e7in g\u00fcnde 2 sa\u015fe sabah ve ak\u015fam yemeklerle birlikte \u00f6nerilmektedir. Ard\u0131ndan 2-3 bardak ilave su i\u00e7ilmesi tavsiye edilir.<\/p>\n<p>\u0130LA\u00c7 DE\u011e\u0130LD\u0130R!<\/p>\n<p>Hastal\u0131klar\u0131n \u00f6nlenmesi veya tedavi edilmesi amac\u0131yla kullan\u0131lamaz. Takviye edici g\u0131dalar normal beslenmenin yerine ge\u00e7mez. Hamilelik ve emzirme d\u00f6nemi ile hastal\u0131k veya ila\u00e7 kullan\u0131lmas\u0131 durumunda doktorunuza dan\u0131\u015f\u0131n\u0131z. Tavsiye edilen g\u00fcnl\u00fck porsiyonu a\u015fmay\u0131n\u0131z. \u00c7ocuklar\u0131n ula\u015famayaca\u011f\u0131 yerlerde muhafaza ediniz.<\/p>\n<p>&nbsp;<\/p>\n<div id=\"divIcerik\" class=\"ticiContainer productDetailContainer\">\n<div id=\"mainHolder_divBlocks\">\n<div id=\"divCenterBlock\" class=\"centerCount Middle\">\n<div>\n<div>\n<div id=\"contentProductDetail\" class=\"contentProductDetail\">\n<div class=\"ProductDetail\">\n<div id=\"ProductDetailMain\" class=\"ProductDetailMain\">\n<div class=\"ProductDetailMainRow\">\n<div class=\"clear ResetClear\"><\/div>\n<div class=\"clear\"><\/div>\n<div class=\"clear\"><\/div>\n<div class=\"middleBottomBlock\"><\/div>\n<\/div>\n<\/div>\n<\/div>\n<\/div>\n<\/div>\n<\/div>\n<div class=\"middleBottomBlock\"><\/div>\n<\/div>\n<\/div>\n<\/div>\n<div class=\"clear\"><\/div>\n<div class=\"ticiBottomBlockContent\"><\/div>\n<div class=\"clear\"><\/div>\n<div id=\"footer\" class=\"productFooter\">\n<div class=\"footerTop\"><\/div>\n<div class=\"footerCenter\">\n<div class=\"ticiFooterContent\">\n<div class=\"ticiFooterTop\">\n<div class=\"ticiContainer\"><\/div>\n<\/div>\n<\/div>\n<\/div>\n<\/div>\n","protected":false},"excerpt":{"rendered":"<p>Aktif zeolit, v\u00fccuttaki toksinlerin ve a\u011f\u0131r metallerin temizlenmesine yard\u0131mc\u0131 olan do\u011fal bir mineraldir. Sindirim sistemi yoluyla v\u00fccuttan zararl\u0131 maddelerin at\u0131lmas\u0131na yard\u0131mc\u0131 olabilir. Detoksifikasyon s\u00fcrecini destekleyerek, sa\u011fl\u0131kl\u0131 bir ba\u011f\u0131rsak floras\u0131 olu\u015fumuna katk\u0131da bulunabilir. Ayr\u0131ca, ba\u011f\u0131\u015f\u0131kl\u0131k sistemi fonksiyonlar\u0131n\u0131 destekleyerek genel sa\u011fl\u0131k ve iyilik haline olumlu etki edebilir. Bunun yan\u0131 s\u0131ra, antioksidan \u00f6zellikleri ile h\u00fccreleri serbest radikallerin zararl\u0131 etkilerine kar\u015f\u0131 koruyabilir. Enfeksiyonlarla m\u00fccadele etme kabiliyeti, kanaman\u0131n kontrol\u00fc ve h\u0131zl\u0131 yara iyile\u015fmesi gibi belirgin etkileri bulunmaktad\u0131r.<\/p>\n","protected":false},"featured_media":5341,"comment_status":"closed","ping_status":"closed","template":"","meta":{"_uf_show_specific_survey":0,"_uf_disable_surveys":false},"product_brand":[],"product_cat":[401],"product_tag":[404,407,239,312,416,431],"class_list":{"0":"post-3996","1":"product","2":"type-product","3":"status-publish","4":"has-post-thumbnail","6":"product_cat-aktif-zeolit","7":"product_tag-aktif-zeolit-tr","8":"product_tag-astaksantin-tr","9":"product_tag-docanpharma-tr","10":"product_tag-inulin","11":"product_tag-saglik-tr","12":"product_tag-zeolit-tr","13":"product_shipping_class-test-gonderim-sinifi","14":"brands-docan-zeolite","16":"first","17":"instock","18":"shipping-taxable","19":"purchasable","20":"product-type-simple"},"acf":[],"aioseo_notices":[],"_links":{"self":[{"href":"https:\/\/docanpharma.com\/tr\/wp-json\/wp\/v2\/product\/3996","targetHints":{"allow":["GET"]}}],"collection":[{"href":"https:\/\/docanpharma.com\/tr\/wp-json\/wp\/v2\/product"}],"about":[{"href":"https:\/\/docanpharma.com\/tr\/wp-json\/wp\/v2\/types\/product"}],"replies":[{"embeddable":true,"href":"https:\/\/docanpharma.com\/tr\/wp-json\/wp\/v2\/comments?post=3996"}],"version-history":[{"count":1,"href":"https:\/\/docanpharma.com\/tr\/wp-json\/wp\/v2\/product\/3996\/revisions"}],"predecessor-version":[{"id":5344,"href":"https:\/\/docanpharma.com\/tr\/wp-json\/wp\/v2\/product\/3996\/revisions\/5344"}],"wp:featuredmedia":[{"embeddable":true,"href":"https:\/\/docanpharma.com\/tr\/wp-json\/wp\/v2\/media\/5341"}],"wp:attachment":[{"href":"https:\/\/docanpharma.com\/tr\/wp-json\/wp\/v2\/media?parent=3996"}],"wp:term":[{"taxonomy":"product_brand","embeddable":true,"href":"https:\/\/docanpharma.com\/tr\/wp-json\/wp\/v2\/product_brand?post=3996"},{"taxonomy":"product_cat","embeddable":true,"href":"https:\/\/docanpharma.com\/tr\/wp-json\/wp\/v2\/product_cat?post=3996"},{"taxonomy":"product_tag","embeddable":true,"href":"https:\/\/docanpharma.com\/tr\/wp-json\/wp\/v2\/product_tag?post=3996"}],"curies":[{"name":"wp","href":"https:\/\/api.w.org\/{rel}","templated":true}]}}