{"id":3970,"date":"2023-12-20T16:36:25","date_gmt":"2023-12-20T13:36:25","guid":{"rendered":"https:\/\/docanpharma.com\/?post_type=product&#038;p=3970"},"modified":"2024-01-25T17:41:55","modified_gmt":"2024-01-25T14:41:55","slug":"altin-tozlu-zeolit-yuz-maskesi","status":"publish","type":"product","link":"https:\/\/docanpharma.com\/tr\/urun\/altin-tozlu-zeolit-yuz-maskesi\/","title":{"rendered":"Alt\u0131n Tozlu Zeolit Y\u00fcz Maskesi"},"content":{"rendered":"<p>DoCan Pharma\u00a0\u00fcr\u00fcnlerinde bulunan\u00a0<strong>aktif zeolit<\/strong>, piyasadaki zeolit \u00fcr\u00fcnlerinin ham maddesinden tamamen farkl\u0131, zeoliti 7 kez aktifle\u015ftirebilen yeni nesil teknolojiye sahip birka\u00e7 \u015firketten biri olan\u00a0Dokuzo\u011flu Can \u0130la\u00e7 \u0130la\u00e7 Sanayi ve Ticaret Limited \u015eirketi taraf\u0131ndan yap\u0131lan\u00a0uzun ar-ge \u00e7al\u0131\u015fmalar\u0131 sonucu ortaya \u00e7\u0131kan\u00a0<strong>aktifle\u015ftirilmi\u015f zeolitten<\/strong>\u00a0elde edilmektedir.<\/p>\n<h3><q>Alt\u0131n Tozlu Zeolit Y\u00fcz Maskesi, cildinizi sevgiyle sarar ve ona canl\u0131l\u0131k katar. Bu \u00f6zel maskenin kullan\u0131m\u0131, cildinize bir dizi harika fayda sunar.<\/q><\/h3>\n<h3><b>Kullan\u0131m Faydalar\u0131:<\/b><\/h3>\n<ul>\n<li><b>Kan Dola\u015f\u0131m\u0131n\u0131 Art\u0131r\u0131c\u0131:<\/b>\u00a0Alt\u0131n maskesi, ciltteki kan dola\u015f\u0131m\u0131n\u0131 art\u0131rarak cildin canlanmas\u0131na yard\u0131mc\u0131 olur.<\/li>\n<li><b>Cilt Yenileyici:<\/b>\u00a0Cildi yeniden a\u00e7ar, g\u00fc\u00e7lendirir ve esneklik kazand\u0131r\u0131r. Ayn\u0131 zamanda cildin kollajen kayb\u0131n\u0131 \u00f6nlemeye yard\u0131mc\u0131 olur.<\/li>\n<li><b>Sivilce ve Siyah Noktalar\u0131 Azalt\u0131c\u0131:<\/b>\u00a0Siyah nokta ve sivilceleri azalt\u0131r, cildi parlat\u0131r ve cilt h\u00fccrelerini onar\u0131r.<\/li>\n<li><b>Ya\u015flanma Kar\u015f\u0131t\u0131:<\/b>\u00a0Cildin ya\u015flanmas\u0131n\u0131 ve k\u0131r\u0131\u015f\u0131kl\u0131klar\u0131 \u00f6nlemeye yard\u0131mc\u0131 olur.<\/li>\n<li><b>Nemlendirici:<\/b>\u00a0Cilt h\u00fccrelerini yeniden a\u00e7maya te\u015fvik eder, sert cildi nemlendirir ve canl\u0131l\u0131k katar.<\/li>\n<\/ul>\n<p>Alt\u0131n Tozlu Zeolit Y\u00fcz Maskesi ile cildinize de\u011ferli bir dokunu\u015f yap\u0131n. Sa\u011fl\u0131kl\u0131, parlak ve gen\u00e7 g\u00f6r\u00fcnen bir cilt i\u00e7in bu maskeyi deneyin.<\/p>\n<h3><b>Not:<\/b><\/h3>\n<p>\u00dcr\u00fcn\u00fc kullanmadan \u00f6nce talimatlar\u0131 okuyun ve d\u00fczenli olarak kullanmaya \u00f6zen g\u00f6sterin. Cildinizi sevgiyle koruyarak, canl\u0131 ve gen\u00e7 bir g\u00f6r\u00fcn\u00fcm elde edebilirsiniz.<\/p>\n","protected":false},"excerpt":{"rendered":"<div id=\"divOnyazi\" class=\"Formline BorderNone OnYaziContent\">\n<p>Alt\u0131n Tozlu Zeolit Y\u00fcz Maskesi, cildinizi sevgiyle sarar ve ona canl\u0131l\u0131k katar. Bu \u00f6zel maskenin kullan\u0131m\u0131, cildinize bir dizi harika fayda sunar.<\/p>\n<\/div>\n<div class=\"PriceList\">\n<div id=\"pnlFiyatlar\">\n<div id=\"divFiyatAlanlari\">\n<p class=\"urunDetayFiyatContainer\">\n<\/div>\n<\/div>\n<\/div>\n","protected":false},"featured_media":5268,"comment_status":"closed","ping_status":"closed","template":"","meta":{"_uf_show_specific_survey":0,"_uf_disable_surveys":false},"product_brand":[],"product_cat":[402],"product_tag":[404,415,239,408,413,431],"class_list":{"0":"post-3970","1":"product","2":"type-product","3":"status-publish","4":"has-post-thumbnail","6":"product_cat-guzellik-ve-kisisel-bakim","7":"product_tag-aktif-zeolit-tr","8":"product_tag-altin-tozu","9":"product_tag-docanpharma-tr","10":"product_tag-guzellik-tr","11":"product_tag-yuz-maskesi-tr","12":"product_tag-zeolit-tr","13":"product_shipping_class-test-gonderim-sinifi","14":"brands-cosmetics","16":"first","17":"instock","18":"shipping-taxable","19":"purchasable","20":"product-type-simple"},"acf":[],"aioseo_notices":[],"_links":{"self":[{"href":"https:\/\/docanpharma.com\/tr\/wp-json\/wp\/v2\/product\/3970","targetHints":{"allow":["GET"]}}],"collection":[{"href":"https:\/\/docanpharma.com\/tr\/wp-json\/wp\/v2\/product"}],"about":[{"href":"https:\/\/docanpharma.com\/tr\/wp-json\/wp\/v2\/types\/product"}],"replies":[{"embeddable":true,"href":"https:\/\/docanpharma.com\/tr\/wp-json\/wp\/v2\/comments?post=3970"}],"version-history":[{"count":2,"href":"https:\/\/docanpharma.com\/tr\/wp-json\/wp\/v2\/product\/3970\/revisions"}],"predecessor-version":[{"id":5264,"href":"https:\/\/docanpharma.com\/tr\/wp-json\/wp\/v2\/product\/3970\/revisions\/5264"}],"wp:featuredmedia":[{"embeddable":true,"href":"https:\/\/docanpharma.com\/tr\/wp-json\/wp\/v2\/media\/5268"}],"wp:attachment":[{"href":"https:\/\/docanpharma.com\/tr\/wp-json\/wp\/v2\/media?parent=3970"}],"wp:term":[{"taxonomy":"product_brand","embeddable":true,"href":"https:\/\/docanpharma.com\/tr\/wp-json\/wp\/v2\/product_brand?post=3970"},{"taxonomy":"product_cat","embeddable":true,"href":"https:\/\/docanpharma.com\/tr\/wp-json\/wp\/v2\/product_cat?post=3970"},{"taxonomy":"product_tag","embeddable":true,"href":"https:\/\/docanpharma.com\/tr\/wp-json\/wp\/v2\/product_tag?post=3970"}],"curies":[{"name":"wp","href":"https:\/\/api.w.org\/{rel}","templated":true}]}}