{"id":3962,"date":"2023-12-20T16:14:27","date_gmt":"2023-12-20T13:14:27","guid":{"rendered":"https:\/\/docanpharma.com\/?post_type=product&#038;p=3962"},"modified":"2024-01-25T17:34:17","modified_gmt":"2024-01-25T14:34:17","slug":"aktif-zeolitli-yuz-maskesi-hyaluronik-asitli","status":"publish","type":"product","link":"https:\/\/docanpharma.com\/tr\/urun\/aktif-zeolitli-yuz-maskesi-hyaluronik-asitli\/","title":{"rendered":"Hyaluronik Asitli Zeolit Y\u00fcz Maskesi"},"content":{"rendered":"<div id=\"divIcerik\" class=\"ticiContainer productDetailContainer\">\n<div id=\"mainHolder_divBlocks\">\n<div id=\"divCenterBlock\" class=\"centerCount Middle\">\n<div id=\"contentProductDetail\" class=\"contentProductDetail\">\n<div class=\"ProductDetail\">\n<div id=\"ProductDetailMain\" class=\"ProductDetailMain\">\n<div class=\"TopDet\">\n<div class=\"RightDetail\">\n<div id=\"divUrunOzellikAlani\" class=\"urunOzellik\">\n<div class=\"webTab\">\n<div class=\"urunDetayPanel\">\n<div>\n<p>DoCan Pharma \u00fcr\u00fcnlerinde bulunan\u00a0<strong>aktif zeolit<\/strong>, piyasadaki zeolit \u00fcr\u00fcnlerinin ham maddesinden tamamen farkl\u0131, zeoliti 7 kez aktifle\u015ftirebilen yeni nesil teknolojiye sahip birka\u00e7 \u015firketten biri olan\u00a0Dokuzo\u011flu Can \u0130la\u00e7 \u0130la\u00e7 Sanayi ve Ticaret Limited \u015eirketi taraf\u0131ndan yap\u0131lan\u00a0uzun ar-ge \u00e7al\u0131\u015fmalar\u0131 sonucu ortaya \u00e7\u0131kan\u00a0<strong>aktifle\u015ftirilmi\u015f zeolitten<\/strong>\u00a0elde edilmektedir.<\/p>\n<\/div>\n<\/div>\n<\/div>\n<\/div>\n<\/div>\n<\/div>\n<\/div>\n<\/div>\n<\/div>\n<\/div>\n<\/div>\n<\/div>\n<div class=\"clear ResetClear\">\n<h3><b>Hyaluronik Asitli Zeolit Y\u00fcz Maskesi<\/b><\/h3>\n<p>Cildinize muazzam bir etki sunar. Bu \u00f6zel form\u00fcl, cildinizi derinlemesine nemlendirir, daha yumu\u015fak ve hassas hale getirir.<\/p>\n<ul>\n<li><b>Derinlemesine Nemlendirme:<\/b>\u00a0Bu \u00fcr\u00fcn, cildi etkili bir \u015fekilde nemlendirir ve su kayb\u0131n\u0131 \u00f6nler. Cildinizin sa\u011fl\u0131kl\u0131 ve canl\u0131 g\u00f6r\u00fcnmesine yard\u0131mc\u0131 olur.<\/li>\n<li><b>Cildi Gen\u00e7 Tutma:<\/b>\u00a0Erken ya\u015flanma belirtileri ve k\u0131r\u0131\u015f\u0131kl\u0131klar\u0131n etkilerini azaltmaya yard\u0131mc\u0131 olur, cildinizi gen\u00e7 ve taze tutar.<\/li>\n<li><b>Anti-\u0130ltihap Etkisi:<\/b>\u00a0Cilt iltihaplanmas\u0131n\u0131 azaltarak cildinizi rahatlat\u0131r ve sakinle\u015ftirir.<\/li>\n<\/ul>\n<p>Hyaluronik Asitli Zeolit Y\u00fcz Maskesi ile cildinize \u00f6zel bak\u0131m yap\u0131n. Cildinizin nemli, gen\u00e7 ve sa\u011fl\u0131kl\u0131 g\u00f6r\u00fcnmesini sa\u011flay\u0131n.<\/p>\n<h3><b>Not:<\/b><\/h3>\n<p>\u00dcr\u00fcn\u00fc kullanmadan \u00f6nce talimatlar\u0131 okuyun ve d\u00fczenli olarak kullanmaya \u00f6zen g\u00f6sterin.<\/p>\n<\/div>\n<div>\n<p>&nbsp;<\/p>\n<\/div>\n<div id=\"divIcerik\" class=\"ticiContainer productDetailContainer\">\n<div id=\"mainHolder_divBlocks\">\n<div id=\"divCenterBlock\" class=\"centerCount Middle\">\n<div>\n<div>\n<div id=\"contentProductDetail\" class=\"contentProductDetail\">\n<div class=\"ProductDetail\">\n<div id=\"ProductDetailMain\" class=\"ProductDetailMain\">\n<div class=\"ProductDetailMainRow\">\n<div class=\"clear ResetClear\"><\/div>\n<div class=\"clear\"><\/div>\n<div class=\"clear\"><\/div>\n<div class=\"middleBottomBlock\"><\/div>\n<\/div>\n<\/div>\n<\/div>\n<\/div>\n<\/div>\n<\/div>\n<div class=\"middleBottomBlock\"><\/div>\n<\/div>\n<\/div>\n<\/div>\n<div class=\"clear\"><\/div>\n<div class=\"ticiBottomBlockContent\"><\/div>\n<div class=\"clear\"><\/div>\n<div id=\"footer\" class=\"productFooter\">\n<div class=\"footerTop\"><\/div>\n<div class=\"footerCenter\">\n<div class=\"ticiFooterContent\">\n<div class=\"ticiFooterTop\">\n<div class=\"ticiContainer\"><\/div>\n<\/div>\n<\/div>\n<\/div>\n<\/div>\n","protected":false},"excerpt":{"rendered":"<div id=\"divOnyazi\" class=\"Formline BorderNone OnYaziContent\">\n<p>Hyaluronik Asitli Zeolit Y\u00fcz Maskesi, cildinize muazzam bir etki sunar. Bu \u00f6zel form\u00fcl, cildinizi derinlemesine nemlendirir, daha yumu\u015fak ve hassas hale getirir.<\/p>\n<\/div>\n<div class=\"PriceList\">\n<div id=\"pnlFiyatlar\">\n<div id=\"divFiyatAlanlari\">\n<p class=\"urunDetayFiyatContainer\">\n<\/div>\n<\/div>\n<\/div>\n","protected":false},"featured_media":5277,"comment_status":"closed","ping_status":"closed","template":"","meta":{"_uf_show_specific_survey":0,"_uf_disable_surveys":false},"product_brand":[],"product_cat":[402],"product_tag":[404,239,408,419,413,431],"class_list":{"0":"post-3962","1":"product","2":"type-product","3":"status-publish","4":"has-post-thumbnail","6":"product_cat-guzellik-ve-kisisel-bakim","7":"product_tag-aktif-zeolit-tr","8":"product_tag-docanpharma-tr","9":"product_tag-guzellik-tr","10":"product_tag-hiyaluronik-asit","11":"product_tag-yuz-maskesi-tr","12":"product_tag-zeolit-tr","13":"product_shipping_class-test-gonderim-sinifi","14":"brands-cosmetics","16":"first","17":"instock","18":"shipping-taxable","19":"purchasable","20":"product-type-simple"},"acf":[],"aioseo_notices":[],"_links":{"self":[{"href":"https:\/\/docanpharma.com\/tr\/wp-json\/wp\/v2\/product\/3962","targetHints":{"allow":["GET"]}}],"collection":[{"href":"https:\/\/docanpharma.com\/tr\/wp-json\/wp\/v2\/product"}],"about":[{"href":"https:\/\/docanpharma.com\/tr\/wp-json\/wp\/v2\/types\/product"}],"replies":[{"embeddable":true,"href":"https:\/\/docanpharma.com\/tr\/wp-json\/wp\/v2\/comments?post=3962"}],"version-history":[{"count":2,"href":"https:\/\/docanpharma.com\/tr\/wp-json\/wp\/v2\/product\/3962\/revisions"}],"predecessor-version":[{"id":5279,"href":"https:\/\/docanpharma.com\/tr\/wp-json\/wp\/v2\/product\/3962\/revisions\/5279"}],"wp:featuredmedia":[{"embeddable":true,"href":"https:\/\/docanpharma.com\/tr\/wp-json\/wp\/v2\/media\/5277"}],"wp:attachment":[{"href":"https:\/\/docanpharma.com\/tr\/wp-json\/wp\/v2\/media?parent=3962"}],"wp:term":[{"taxonomy":"product_brand","embeddable":true,"href":"https:\/\/docanpharma.com\/tr\/wp-json\/wp\/v2\/product_brand?post=3962"},{"taxonomy":"product_cat","embeddable":true,"href":"https:\/\/docanpharma.com\/tr\/wp-json\/wp\/v2\/product_cat?post=3962"},{"taxonomy":"product_tag","embeddable":true,"href":"https:\/\/docanpharma.com\/tr\/wp-json\/wp\/v2\/product_tag?post=3962"}],"curies":[{"name":"wp","href":"https:\/\/api.w.org\/{rel}","templated":true}]}}