{"id":3958,"date":"2023-12-20T15:47:35","date_gmt":"2023-12-20T12:47:35","guid":{"rendered":"https:\/\/docanpharma.com\/?post_type=product&#038;p=3958"},"modified":"2024-01-25T17:38:44","modified_gmt":"2024-01-25T14:38:44","slug":"humik-asitli-zeolitli-yuz-maskesi","status":"publish","type":"product","link":"https:\/\/docanpharma.com\/tr\/urun\/humik-asitli-zeolitli-yuz-maskesi\/","title":{"rendered":"H\u00fcmik Asitli, Zeolitli Y\u00fcz Maskesi"},"content":{"rendered":"<div id=\"divIcerik\" class=\"ticiContainer productDetailContainer\">\n<div id=\"mainHolder_divBlocks\">\n<div id=\"divCenterBlock\" class=\"centerCount Middle\">\n<div>\n<div>\n<div id=\"contentProductDetail\" class=\"contentProductDetail\">\n<div class=\"ProductDetail\">\n<div id=\"ProductDetailMain\" class=\"ProductDetailMain\">\n<div class=\"TopDet\">\n<div class=\"RightDetail\">\n<div id=\"divUrunOzellikAlani\" class=\"urunOzellik\">\n<div class=\"webTab\">\n<div class=\"urunDetayPanel\">\n<div class=\"urunTabAlt\">DoCan Pharma \u00fcr\u00fcnlerinde bulunan\u00a0<strong>aktif zeolit<\/strong>, piyasadaki zeolit \u00fcr\u00fcnlerinin ham maddesinden tamamen farkl\u0131, zeoliti 7 kez aktifle\u015ftirebilen yeni nesil teknolojiye sahip birka\u00e7 \u015firketten biri olan\u00a0Dokuzo\u011flu Can \u0130la\u00e7 \u0130la\u00e7 Sanayi ve Ticaret Limited \u015eirketi taraf\u0131ndan yap\u0131lan\u00a0uzun ar-ge \u00e7al\u0131\u015fmalar\u0131 sonucu ortaya \u00e7\u0131kan\u00a0<strong>aktifle\u015ftirilmi\u015f zeolitten<\/strong>\u00a0elde edilmektedir.<\/div>\n<\/div>\n<\/div>\n<\/div>\n<\/div>\n<\/div>\n<\/div>\n<\/div>\n<\/div>\n<\/div>\n<\/div>\n<\/div>\n<\/div>\n<\/div>\n<div><\/div>\n<div>\n<h3><b>Humik Asitli Zeolit Y\u00fcz Maskesi<\/b><\/h3>\n<p>Cildinizin en iyi halini ortaya \u00e7\u0131kar\u0131r. Bu benzersiz form\u00fcl, cildinizi nemlendirirken ayn\u0131 zamanda gen\u00e7le\u015ftirir.<\/p>\n<ul>\n<li><b>Kollajen Destekli:<\/b>\u00a0Bu maske, cildin kolajen \u00fcretimini destekler ve b\u00f6ylece cildinizi nemlendirir ve gen\u00e7le\u015ftirir.<\/li>\n<li><b>Elastikiyet Art\u0131r\u0131c\u0131:<\/b>\u00a0Cilt elastikiyetini art\u0131rarak s\u0131k\u0131la\u015fm\u0131\u015f bir cilt hissi sunar.<\/li>\n<li><b>Ya\u015flanma Kar\u015f\u0131t\u0131 Etki:<\/b>\u00a0Kollajen miktar\u0131n\u0131 art\u0131rarak cilt sarkmalar\u0131n\u0131 \u00f6nlemeye yard\u0131mc\u0131 olur ve daha gen\u00e7 ve canl\u0131 bir g\u00f6r\u00fcn\u00fcm sa\u011flar.<\/li>\n<\/ul>\n<p>Humik Asitli Zeolit Y\u00fcz Maskesi ile cildinize gen\u00e7lik ve tazelik kazand\u0131r\u0131n. Daha sa\u011fl\u0131kl\u0131 ve parlak bir cilt i\u00e7in bu maskeyi deneyin.<\/p>\n<h3><b>Not:<\/b><\/h3>\n<p>\u00dcr\u00fcn\u00fc kullanmadan \u00f6nce talimatlar\u0131 okuyun ve d\u00fczenli olarak kullanmaya \u00f6zen g\u00f6sterin.<\/p>\n<\/div>\n<div id=\"divIcerik\" class=\"ticiContainer productDetailContainer\">\n<div id=\"mainHolder_divBlocks\">\n<div id=\"divCenterBlock\" class=\"centerCount Middle\">\n<div>\n<div>\n<div id=\"contentProductDetail\" class=\"contentProductDetail\">\n<div class=\"ProductDetail\">\n<div id=\"ProductDetailMain\" class=\"ProductDetailMain\">\n<div class=\"ProductDetailMainRow\">\n<div class=\"clear ResetClear\"><\/div>\n<div class=\"clear ResetClear\"><\/div>\n<div class=\"clear\"><\/div>\n<div class=\"clear\"><\/div>\n<div class=\"middleBottomBlock\"><\/div>\n<\/div>\n<\/div>\n<\/div>\n<\/div>\n<\/div>\n<\/div>\n<div class=\"middleBottomBlock\"><\/div>\n<\/div>\n<\/div>\n<\/div>\n<div class=\"clear\"><\/div>\n<div class=\"ticiBottomBlockContent\"><\/div>\n<div class=\"clear\"><\/div>\n<div id=\"footer\" class=\"productFooter\">\n<div class=\"footerTop\"><\/div>\n<div class=\"footerCenter\">\n<div class=\"ticiFooterContent\">\n<div class=\"ticiFooterTop\">\n<div class=\"ticiContainer\"><\/div>\n<\/div>\n<\/div>\n<\/div>\n<\/div>\n","protected":false},"excerpt":{"rendered":"<div id=\"divOnyazi\" class=\"Formline BorderNone OnYaziContent\">\n<p>Humik Asitli Zeolit Y\u00fcz Maskesi, cildinizin en iyi halini ortaya \u00e7\u0131kar\u0131r. Bu benzersiz form\u00fcl, cildinizi nemlendirirken ayn\u0131 zamanda gen\u00e7le\u015ftirir.<\/p>\n<\/div>\n<div class=\"PriceList\">\n<div id=\"pnlFiyatlar\">\n<div id=\"divFiyatAlanlari\">\n<p class=\"urunDetayFiyatContainer\">\n<\/div>\n<\/div>\n<\/div>\n","protected":false},"featured_media":5283,"comment_status":"closed","ping_status":"closed","template":"","meta":{"_uf_show_specific_survey":0,"_uf_disable_surveys":false},"product_brand":[],"product_cat":[402],"product_tag":[404,239,408,418,413,431],"class_list":{"0":"post-3958","1":"product","2":"type-product","3":"status-publish","4":"has-post-thumbnail","6":"product_cat-guzellik-ve-kisisel-bakim","7":"product_tag-aktif-zeolit-tr","8":"product_tag-docanpharma-tr","9":"product_tag-guzellik-tr","10":"product_tag-humik-asit-tr","11":"product_tag-yuz-maskesi-tr","12":"product_tag-zeolit-tr","13":"product_shipping_class-test-gonderim-sinifi","14":"brands-cosmetics","16":"first","17":"instock","18":"shipping-taxable","19":"purchasable","20":"product-type-simple"},"acf":[],"aioseo_notices":[],"_links":{"self":[{"href":"https:\/\/docanpharma.com\/tr\/wp-json\/wp\/v2\/product\/3958","targetHints":{"allow":["GET"]}}],"collection":[{"href":"https:\/\/docanpharma.com\/tr\/wp-json\/wp\/v2\/product"}],"about":[{"href":"https:\/\/docanpharma.com\/tr\/wp-json\/wp\/v2\/types\/product"}],"replies":[{"embeddable":true,"href":"https:\/\/docanpharma.com\/tr\/wp-json\/wp\/v2\/comments?post=3958"}],"version-history":[{"count":2,"href":"https:\/\/docanpharma.com\/tr\/wp-json\/wp\/v2\/product\/3958\/revisions"}],"predecessor-version":[{"id":5259,"href":"https:\/\/docanpharma.com\/tr\/wp-json\/wp\/v2\/product\/3958\/revisions\/5259"}],"wp:featuredmedia":[{"embeddable":true,"href":"https:\/\/docanpharma.com\/tr\/wp-json\/wp\/v2\/media\/5283"}],"wp:attachment":[{"href":"https:\/\/docanpharma.com\/tr\/wp-json\/wp\/v2\/media?parent=3958"}],"wp:term":[{"taxonomy":"product_brand","embeddable":true,"href":"https:\/\/docanpharma.com\/tr\/wp-json\/wp\/v2\/product_brand?post=3958"},{"taxonomy":"product_cat","embeddable":true,"href":"https:\/\/docanpharma.com\/tr\/wp-json\/wp\/v2\/product_cat?post=3958"},{"taxonomy":"product_tag","embeddable":true,"href":"https:\/\/docanpharma.com\/tr\/wp-json\/wp\/v2\/product_tag?post=3958"}],"curies":[{"name":"wp","href":"https:\/\/api.w.org\/{rel}","templated":true}]}}