{"id":3951,"date":"2023-12-20T15:24:06","date_gmt":"2023-12-20T12:24:06","guid":{"rendered":"https:\/\/docanpharma.com\/?post_type=product&#038;p=3951"},"modified":"2024-01-25T17:56:48","modified_gmt":"2024-01-25T14:56:48","slug":"aktif-zeolit-ayak-bakimi","status":"publish","type":"product","link":"https:\/\/docanpharma.com\/tr\/urun\/aktif-zeolit-ayak-bakimi\/","title":{"rendered":"Aktif Zeolit Ayak Bak\u0131m\u0131"},"content":{"rendered":"<div id=\"divIcerik\" class=\"ticiContainer productDetailContainer\">\n<div id=\"mainHolder_divBlocks\">\n<div id=\"divCenterBlock\" class=\"centerCount Middle\">\n<div>\n<div>\n<div id=\"contentProductDetail\" class=\"contentProductDetail\">\n<div class=\"ProductDetail\">\n<div id=\"ProductDetailMain\" class=\"ProductDetailMain\">\n<div class=\"TopDet\">\n<div class=\"RightDetail\">\n<div id=\"divUrunOzellikAlani\" class=\"urunOzellik\">\n<div class=\"webTab\">\n<div class=\"urunDetayPanel\">\n<div class=\"urunTabAlt\"><a href=\"https:\/\/docanpharma.com\/tr\/\">DoCan Pharma<\/a> \u00fcr\u00fcnlerinde bulunan\u00a0<strong>aktif zeolit<\/strong>, piyasadaki zeolit \u00fcr\u00fcnlerinin ham maddesinden tamamen farkl\u0131, zeoliti 7 kez aktifle\u015ftirebilen yeni nesil teknolojiye sahip birka\u00e7 \u015firketten biri olan\u00a0Dokuzo\u011flu Can \u0130la\u00e7 \u0130la\u00e7 Sanayi ve Ticaret Limited \u015eirketi taraf\u0131ndan yap\u0131lan\u00a0uzun ar-ge \u00e7al\u0131\u015fmalar\u0131 sonucu ortaya \u00e7\u0131kan\u00a0<strong>aktifle\u015ftirilmi\u015f zeolitten<\/strong>\u00a0elde edilmektedir.<\/div>\n<\/div>\n<\/div>\n<\/div>\n<\/div>\n<\/div>\n<\/div>\n<\/div>\n<\/div>\n<\/div>\n<\/div>\n<\/div>\n<\/div>\n<\/div>\n<div><\/div>\n<div>\n<h3><b>Sa\u011fl\u0131k ve Canl\u0131l\u0131k: Zeolit Ayak Bak\u0131m\u0131 ile Toksinleri Temizleyin, Enerji Kazan\u0131n<\/b><\/h3>\n<p>Zeolit Ayak Bak\u0131m\u0131, sa\u011fl\u0131kl\u0131 bir ya\u015fam tarz\u0131na ad\u0131m atmak isteyenler i\u00e7in m\u00fckemmel bir se\u00e7enektir. Bu \u00fcr\u00fcn, g\u00fcnl\u00fck bak\u0131m rutininizin vazge\u00e7ilmez bir par\u00e7as\u0131 olacak. \u0130\u015fte size Zeolit Ayak Bak\u0131m\u0131&#8217;n\u0131n sundu\u011fu faydalar:<\/p>\n<h3><b>1. T\u00fcm V\u00fccut Detoks Temizli\u011fi<\/b><\/h3>\n<p>V\u00fccudumuz, g\u00fcnl\u00fck ya\u015famda maruz kald\u0131\u011f\u0131 toksinlere kar\u015f\u0131 sava\u015f verirken yorulur. Zeolit Ayak Bak\u0131m\u0131, v\u00fccudunuzdaki toksinlerin etkili bir \u015fekilde at\u0131lmas\u0131na yard\u0131mc\u0131 olur. Sonu\u00e7 olarak, yorgunlu\u011funuz azal\u0131r ve enerjiniz artar. Ayr\u0131ca, ba\u015f a\u011fr\u0131lar\u0131na ve beyin bulan\u0131kl\u0131\u011f\u0131na veda edebilirsiniz.<\/p>\n<h3><b>2. Sa\u011fl\u0131kl\u0131 pH Dengesi<\/b><\/h3>\n<p>V\u00fccudun pH dengesi, sa\u011fl\u0131\u011f\u0131n\u0131z i\u00e7in hayati \u00f6neme sahiptir. Zeolit Ayak Bak\u0131m\u0131, v\u00fccudunuzun do\u011fal pH dengesini d\u00fczelten do\u011fal bir \u00fcr\u00fcnd\u00fcr. Bu sayede daha alkali bir i\u00e7 ortam olu\u015fturarak sa\u011fl\u0131\u011f\u0131n\u0131z\u0131 destekler ve v\u00fccudunuz daha sa\u011fl\u0131kl\u0131 ve g\u00fc\u00e7l\u00fc kal\u0131r.<\/p>\n<h3><b>3. Kilo Kontrol\u00fc<\/b><\/h3>\n<p>Toksini olan bir v\u00fccut, kilo kontrol\u00fcn\u00fc zorla\u015ft\u0131rabilir. Zeolit Ayak Bak\u0131m\u0131, toksinlerin at\u0131lmas\u0131n\u0131 kolayla\u015ft\u0131rarak kilo kontrol\u00fcn\u00fc destekler. \u0130deal kilonuza ula\u015fman\u0131za yard\u0131mc\u0131 olabilir.<\/p>\n<p>Zeolit Ayak Bak\u0131m\u0131 ile sa\u011fl\u0131\u011f\u0131n\u0131za \u00f6nem verin. G\u00fcnl\u00fck bak\u0131m rutininize bu do\u011fal destek\u00e7iyi ekleyin ve kendinizi daha iyi hissedin.<\/p>\n<p><strong>Not:<\/strong>\u00a0\u00dcr\u00fcn\u00fc kullanmadan \u00f6nce talimatlar\u0131 okuyun ve dikkate al\u0131n. \u0130htiyac\u0131n\u0131za uygun kullan\u0131m y\u00f6nergelerini takip edin.<\/p>\n<h2>S\u0131k\u00e7a Sorulan Sorular<\/h2>\n<h3><b>Soru 1: Zeolit Ayak Bak\u0131m\u0131&#8217;n\u0131 nas\u0131l kullanmal\u0131y\u0131m?<\/b><\/h3>\n<p>Cevap 1: Zeolit Ayak Bak\u0131m\u0131&#8217;n\u0131 kullanmadan \u00f6nce, ayaklar\u0131n\u0131z\u0131 \u0131l\u0131k suyla y\u0131kay\u0131n ve iyice kurulay\u0131n. Ard\u0131ndan \u00fcr\u00fcn\u00fc ayaklar\u0131n\u0131za uygulay\u0131n, hafif\u00e7e masaj yaparak yay\u0131lmas\u0131n\u0131 sa\u011flay\u0131n. En iyi sonu\u00e7lar\u0131 elde etmek i\u00e7in g\u00fcnde bir kez kullan\u0131n.<\/p>\n<h3><b>Soru 2: Bu \u00fcr\u00fcn\u00fcn yan etkileri var m\u0131?<\/b><\/h3>\n<p>Cevap 2: Zeolit Ayak Bak\u0131m\u0131, genellikle yan etkilere neden olmayan do\u011fal bir \u00fcr\u00fcnd\u00fcr. Ancak herhangi bir alerjik reaksiyon veya tahri\u015f belirtisi g\u00f6sterirseniz, kullan\u0131m\u0131 derhal durdurmal\u0131 ve bir sa\u011fl\u0131k profesyoneline dan\u0131\u015fmal\u0131s\u0131n\u0131z.<\/p>\n<h3><b>Soru 3: Ka\u00e7 g\u00fcn i\u00e7inde sonu\u00e7lar\u0131n\u0131 g\u00f6rmeye ba\u015flar\u0131m?<\/b><\/h3>\n<p>Cevap 3: Sonu\u00e7lar ki\u015fiden ki\u015fiye farkl\u0131l\u0131k g\u00f6sterebilir, ancak bir\u00e7ok insan Zeolit Ayak Bak\u0131m\u0131&#8217;n\u0131n kullan\u0131m\u0131na ba\u015flad\u0131ktan sonra birka\u00e7 hafta i\u00e7inde olumlu de\u011fi\u015fiklikler ya\u015fad\u0131klar\u0131n\u0131 fark ederler. D\u00fczenli kullan\u0131m sonu\u00e7lar\u0131 h\u0131zland\u0131rabilir.<\/p>\n<h3><b>Soru 4: Bu \u00fcr\u00fcn\u00fc hamile veya emziren biri kullanabilir mi?<\/b><\/h3>\n<p>Cevap 4: Hamilelik veya emzirme d\u00f6nemindeyseniz, \u00fcr\u00fcn\u00fc kullanmadan \u00f6nce doktorunuza dan\u0131\u015fman\u0131z \u00f6nemlidir. Herhangi bir takviye \u00fcr\u00fcn\u00fcn\u00fc kullanmadan \u00f6nce sa\u011fl\u0131k profesyonelinin onay\u0131n\u0131 almak her zaman en iyisi olacakt\u0131r.<\/p>\n<h3><b>Soru 5: Bu \u00fcr\u00fcn\u00fc nas\u0131l sat\u0131n alabilirim?<\/b><\/h3>\n<p>Cevap 5: Zeolit Ayak Bak\u0131m\u0131&#8217;n\u0131 \u00e7evrimi\u00e7i olarak veya yetkili sat\u0131c\u0131lar\u0131m\u0131zdan birinden sat\u0131n alabilirsiniz. Resmi web sitemizi ziyaret ederek veya yerel sat\u0131\u015f noktalar\u0131m\u0131z\u0131 kontrol ederek \u00fcr\u00fcn\u00fc temin edebilirsiniz.<\/p>\n<\/div>\n<div id=\"divIcerik\" class=\"ticiContainer productDetailContainer\">\n<div id=\"mainHolder_divBlocks\">\n<div id=\"divCenterBlock\" class=\"centerCount Middle\">\n<div>\n<div>\n<div id=\"contentProductDetail\" class=\"contentProductDetail\">\n<div class=\"ProductDetail\">\n<div id=\"ProductDetailMain\" class=\"ProductDetailMain\">\n<div class=\"ProductDetailMainRow\">\n<div class=\"clear ResetClear\"><\/div>\n<div class=\"clear ResetClear\"><\/div>\n<div class=\"clear\"><\/div>\n<div class=\"clear\"><\/div>\n<div class=\"middleBottomBlock\"><\/div>\n<\/div>\n<\/div>\n<\/div>\n<\/div>\n<\/div>\n<\/div>\n<div class=\"middleBottomBlock\"><\/div>\n<\/div>\n<\/div>\n<\/div>\n<div class=\"clear\"><\/div>\n<div class=\"ticiBottomBlockContent\"><\/div>\n<div class=\"clear\"><\/div>\n<div id=\"footer\" class=\"productFooter\">\n<div class=\"footerTop\"><\/div>\n<div class=\"footerCenter\">\n<div class=\"ticiFooterContent\">\n<div class=\"ticiFooterTop\">\n<div class=\"ticiContainer\"><\/div>\n<\/div>\n<\/div>\n<\/div>\n<\/div>\n","protected":false},"excerpt":{"rendered":"<div id=\"divOnyazi\" class=\"Formline BorderNone OnYaziContent\">\n<p>Zeolit Ayak Bak\u0131m\u0131, sa\u011fl\u0131kl\u0131 bir ya\u015fam tarz\u0131 i\u00e7in m\u00fckemmel bir ba\u015flang\u0131\u00e7t\u0131r. Bu \u00fcr\u00fcn, g\u00fcnl\u00fck bak\u0131m\u0131n\u0131z\u0131n vazge\u00e7ilmezi olacak. Zeolit Ayak Bak\u0131m\u0131 ile sa\u011fl\u0131\u011f\u0131n\u0131za \u00f6nem verin. Toksinleri temizleyin, enerji kazan\u0131n ve kilo kontrol\u00fcn\u00fc destekleyin.<\/p>\n<\/div>\n<div class=\"PriceList\">\n<div id=\"pnlFiyatlar\">\n<div id=\"divFiyatAlanlari\">\n<p class=\"urunDetayFiyatContainer\">\n<\/div>\n<\/div>\n<\/div>\n","protected":false},"featured_media":5295,"comment_status":"closed","ping_status":"closed","template":"","meta":{"_uf_show_specific_survey":0,"_uf_disable_surveys":false},"product_brand":[],"product_cat":[402],"product_tag":[404,430,239,416,427,431],"class_list":{"0":"post-3951","1":"product","2":"type-product","3":"status-publish","4":"has-post-thumbnail","6":"product_cat-guzellik-ve-kisisel-bakim","7":"product_tag-aktif-zeolit-tr","8":"product_tag-ayak-bakimi-tr","9":"product_tag-docanpharma-tr","10":"product_tag-saglik-tr","11":"product_tag-toksin","12":"product_tag-zeolit-tr","13":"product_shipping_class-test-gonderim-sinifi","14":"brands-cosmetics","16":"first","17":"instock","18":"shipping-taxable","19":"purchasable","20":"product-type-simple"},"acf":[],"aioseo_notices":[],"_links":{"self":[{"href":"https:\/\/docanpharma.com\/tr\/wp-json\/wp\/v2\/product\/3951","targetHints":{"allow":["GET"]}}],"collection":[{"href":"https:\/\/docanpharma.com\/tr\/wp-json\/wp\/v2\/product"}],"about":[{"href":"https:\/\/docanpharma.com\/tr\/wp-json\/wp\/v2\/types\/product"}],"replies":[{"embeddable":true,"href":"https:\/\/docanpharma.com\/tr\/wp-json\/wp\/v2\/comments?post=3951"}],"version-history":[{"count":1,"href":"https:\/\/docanpharma.com\/tr\/wp-json\/wp\/v2\/product\/3951\/revisions"}],"predecessor-version":[{"id":5296,"href":"https:\/\/docanpharma.com\/tr\/wp-json\/wp\/v2\/product\/3951\/revisions\/5296"}],"wp:featuredmedia":[{"embeddable":true,"href":"https:\/\/docanpharma.com\/tr\/wp-json\/wp\/v2\/media\/5295"}],"wp:attachment":[{"href":"https:\/\/docanpharma.com\/tr\/wp-json\/wp\/v2\/media?parent=3951"}],"wp:term":[{"taxonomy":"product_brand","embeddable":true,"href":"https:\/\/docanpharma.com\/tr\/wp-json\/wp\/v2\/product_brand?post=3951"},{"taxonomy":"product_cat","embeddable":true,"href":"https:\/\/docanpharma.com\/tr\/wp-json\/wp\/v2\/product_cat?post=3951"},{"taxonomy":"product_tag","embeddable":true,"href":"https:\/\/docanpharma.com\/tr\/wp-json\/wp\/v2\/product_tag?post=3951"}],"curies":[{"name":"wp","href":"https:\/\/api.w.org\/{rel}","templated":true}]}}