{"id":3949,"date":"2023-12-20T15:18:45","date_gmt":"2023-12-20T12:18:45","guid":{"rendered":"https:\/\/docanpharma.com\/?post_type=product&#038;p=3949"},"modified":"2024-01-25T17:58:17","modified_gmt":"2024-01-25T14:58:17","slug":"aktif-zeolitli-beyazlatici-ve-leke-giderici-krem","status":"publish","type":"product","link":"https:\/\/docanpharma.com\/tr\/urun\/aktif-zeolitli-beyazlatici-ve-leke-giderici-krem\/","title":{"rendered":"Aktif Zeolitli Beyazlat\u0131c\u0131 Ve Leke Giderici Krem"},"content":{"rendered":"<div id=\"divIcerik\" class=\"ticiContainer productDetailContainer\">\n<div id=\"mainHolder_divBlocks\">\n<div id=\"divCenterBlock\" class=\"centerCount Middle\">\n<div>\n<div>\n<div id=\"contentProductDetail\" class=\"contentProductDetail\">\n<div class=\"ProductDetail\">\n<div id=\"ProductDetailMain\" class=\"ProductDetailMain\">\n<div class=\"TopDet\">\n<div class=\"RightDetail\">\n<div id=\"divUrunOzellikAlani\" class=\"urunOzellik\">\n<div class=\"webTab\">\n<div class=\"urunDetayPanel\">\n<div class=\"urunTabAlt\">DoCan Pharma \u00fcr\u00fcnlerinde bulunan\u00a0<strong>aktif zeolit<\/strong>, piyasadaki zeolit \u00fcr\u00fcnlerinin ham maddesinden tamamen farkl\u0131, zeoliti 7 kez aktifle\u015ftirebilen yeni nesil teknolojiye sahip birka\u00e7 \u015firketten biri olan\u00a0Dokuzo\u011flu Can \u0130la\u00e7 \u0130la\u00e7 Sanayi ve Ticaret Limited \u015eirketi taraf\u0131ndan yap\u0131lan\u00a0uzun ar-ge \u00e7al\u0131\u015fmalar\u0131 sonucu ortaya \u00e7\u0131kan\u00a0<strong>aktifle\u015ftirilmi\u015f zeolitten<\/strong>\u00a0elde edilmektedir.<\/div>\n<\/div>\n<\/div>\n<\/div>\n<\/div>\n<\/div>\n<\/div>\n<\/div>\n<\/div>\n<\/div>\n<\/div>\n<\/div>\n<\/div>\n<\/div>\n<div><\/div>\n<div>\n<h2>Beyazlat\u0131c\u0131 Ve Leke Giderici Krem<\/h2>\n<p>Volkanik bir madde olan zeolitin cilt \u00fczerinde baz\u0131 inan\u0131lmaz faydalar\u0131 vard\u0131r.<\/p>\n<p>Zeolit, v\u00fccudunuzun ihtiyac\u0131na g\u00f6re di\u011fer kimyasallar\u0131, toksinleri ve besinleri emmek, serbest b\u0131rakmak ve de\u011fi\u015ftirmek i\u00e7in muazzam faydal\u0131 yeteneklere sahiptir.<\/p>\n<ul>\n<li>Hormonal lekelerin ve hamilelik lekelerinin ve y\u00fcz sivilcelerinden kalan lekelerin giderilmesi<\/li>\n<li>Y\u00fcz\u00fcn ten rengini ayd\u0131nlatmak<\/li>\n<li>Cilt pigment \u00fcretimini azaltmak<\/li>\n<li>Cilt y\u00fczeyindeki pigmentasyonu \u00f6nlemek<\/li>\n<li>Y\u00fcz ten renginde homojenlik<\/li>\n<li>Cilt y\u00fczeyine pigment transferini azaltmak<\/li>\n<li>G\u00fc\u00e7l\u00fc antioksidan \u00f6zellikler<\/li>\n<li>Melanin pigmentinin \u00e7\u00f6z\u00fcn\u00fcrl\u00fc\u011f\u00fcn\u00fc art\u0131r\u0131n<\/li>\n<\/ul>\n<\/div>\n<div id=\"divIcerik\" class=\"ticiContainer productDetailContainer\">\n<div id=\"mainHolder_divBlocks\">\n<div id=\"divCenterBlock\" class=\"centerCount Middle\">\n<div>\n<div>\n<div id=\"contentProductDetail\" class=\"contentProductDetail\">\n<div class=\"ProductDetail\">\n<div id=\"ProductDetailMain\" class=\"ProductDetailMain\">\n<div class=\"ProductDetailMainRow\">\n<div class=\"clear ResetClear\"><\/div>\n<div class=\"clear ResetClear\"><\/div>\n<div class=\"clear\"><\/div>\n<div class=\"clear\"><\/div>\n<div class=\"middleBottomBlock\"><\/div>\n<\/div>\n<\/div>\n<\/div>\n<\/div>\n<\/div>\n<\/div>\n<div class=\"middleBottomBlock\"><\/div>\n<\/div>\n<\/div>\n<\/div>\n<div class=\"clear\"><\/div>\n<div class=\"ticiBottomBlockContent\"><\/div>\n<div class=\"clear\"><\/div>\n<div id=\"footer\" class=\"productFooter\">\n<div class=\"footerTop\"><\/div>\n<div class=\"footerCenter\">\n<div class=\"ticiFooterContent\">\n<div class=\"ticiFooterTop\">\n<div class=\"ticiContainer\"><\/div>\n<\/div>\n<\/div>\n<\/div>\n<\/div>\n","protected":false},"excerpt":{"rendered":"<div id=\"divOnyazi\" class=\"Formline BorderNone OnYaziContent\">\n<p>Beyazlat\u0131c\u0131 ve Leke Giderici Krem<\/p>\n<\/div>\n<div class=\"PriceList\">\n<div id=\"pnlFiyatlar\">\n<div id=\"divFiyatAlanlari\">\n<p class=\"urunDetayFiyatContainer\">\n<\/div>\n<\/div>\n<\/div>\n","protected":false},"featured_media":5299,"comment_status":"closed","ping_status":"closed","template":"","meta":{"_uf_show_specific_survey":0,"_uf_disable_surveys":false},"product_brand":[],"product_cat":[402],"product_tag":[404,239,408,405,431],"class_list":{"0":"post-3949","1":"product","2":"type-product","3":"status-publish","4":"has-post-thumbnail","6":"product_cat-guzellik-ve-kisisel-bakim","7":"product_tag-aktif-zeolit-tr","8":"product_tag-docanpharma-tr","9":"product_tag-guzellik-tr","10":"product_tag-yaslanma-karsiti-tr","11":"product_tag-zeolit-tr","12":"product_shipping_class-test-gonderim-sinifi","13":"brands-cosmetics","15":"first","16":"instock","17":"shipping-taxable","18":"purchasable","19":"product-type-simple"},"acf":[],"aioseo_notices":[],"_links":{"self":[{"href":"https:\/\/docanpharma.com\/tr\/wp-json\/wp\/v2\/product\/3949","targetHints":{"allow":["GET"]}}],"collection":[{"href":"https:\/\/docanpharma.com\/tr\/wp-json\/wp\/v2\/product"}],"about":[{"href":"https:\/\/docanpharma.com\/tr\/wp-json\/wp\/v2\/types\/product"}],"replies":[{"embeddable":true,"href":"https:\/\/docanpharma.com\/tr\/wp-json\/wp\/v2\/comments?post=3949"}],"version-history":[{"count":2,"href":"https:\/\/docanpharma.com\/tr\/wp-json\/wp\/v2\/product\/3949\/revisions"}],"predecessor-version":[{"id":5300,"href":"https:\/\/docanpharma.com\/tr\/wp-json\/wp\/v2\/product\/3949\/revisions\/5300"}],"wp:featuredmedia":[{"embeddable":true,"href":"https:\/\/docanpharma.com\/tr\/wp-json\/wp\/v2\/media\/5299"}],"wp:attachment":[{"href":"https:\/\/docanpharma.com\/tr\/wp-json\/wp\/v2\/media?parent=3949"}],"wp:term":[{"taxonomy":"product_brand","embeddable":true,"href":"https:\/\/docanpharma.com\/tr\/wp-json\/wp\/v2\/product_brand?post=3949"},{"taxonomy":"product_cat","embeddable":true,"href":"https:\/\/docanpharma.com\/tr\/wp-json\/wp\/v2\/product_cat?post=3949"},{"taxonomy":"product_tag","embeddable":true,"href":"https:\/\/docanpharma.com\/tr\/wp-json\/wp\/v2\/product_tag?post=3949"}],"curies":[{"name":"wp","href":"https:\/\/api.w.org\/{rel}","templated":true}]}}