{"id":4523,"date":"2024-01-08T16:26:16","date_gmt":"2024-01-08T13:26:16","guid":{"rendered":"https:\/\/docanpharma.com\/?page_id=4523"},"modified":"2024-02-07T18:02:19","modified_gmt":"2024-02-07T15:02:19","slug":"guzellik-ve-kisisel-bakim","status":"publish","type":"page","link":"https:\/\/docanpharma.com\/tr\/guzellik-ve-kisisel-bakim\/","title":{"rendered":"G\u00fczellik ve Ki\u015fisel Bak\u0131m"},"content":{"rendered":"\t\t<div data-elementor-type=\"wp-page\" data-elementor-id=\"4523\" class=\"elementor elementor-4523 elementor-4433\">\n\t\t\t\t\t\t<section class=\"elementor-section elementor-top-section elementor-element elementor-element-b5ef717 elementor-section-height-min-height elementor-section-boxed elementor-section-height-default elementor-section-items-middle\" data-id=\"b5ef717\" data-element_type=\"section\" data-e-type=\"section\" data-settings=\"{&quot;background_background&quot;:&quot;classic&quot;}\">\n\t\t\t\t\t\t<div class=\"elementor-container elementor-column-gap-extended\">\n\t\t\t\t\t<div class=\"elementor-column elementor-col-100 elementor-top-column elementor-element elementor-element-33e17c2\" data-id=\"33e17c2\" data-element_type=\"column\" data-e-type=\"column\">\n\t\t\t<div class=\"elementor-widget-wrap elementor-element-populated\">\n\t\t\t\t\t\t<div class=\"elementor-element elementor-element-0bf5971 elementor-widget elementor-widget-heading\" data-id=\"0bf5971\" data-element_type=\"widget\" data-e-type=\"widget\" data-widget_type=\"heading.default\">\n\t\t\t\t<div class=\"elementor-widget-container\">\n\t\t\t\t\t<h1 class=\"elementor-heading-title elementor-size-medium\">G\u00fczellik ve Ki\u015fisel Bak\u0131m<\/h1>\t\t\t\t<\/div>\n\t\t\t\t<\/div>\n\t\t\t\t\t<\/div>\n\t\t<\/div>\n\t\t\t\t\t<\/div>\n\t\t<\/section>\n\t\t        <div class=\"elementor-element elementor-element-68fede2 e-flex e-con-boxed e-con e-parent\" data-id=\"68fede2\" data-element_type=\"container\" data-e-type=\"container\">\n\t\t\t\t\t<div class=\"e-con-inner\">\n\t\t\t\t<div class=\"elementor-element elementor-element-91ef53a elementor-widget elementor-widget-spacer\" data-id=\"91ef53a\" data-element_type=\"widget\" data-e-type=\"widget\" data-widget_type=\"spacer.default\">\n\t\t\t\t<div class=\"elementor-widget-container\">\n\t\t\t\t\t\t\t<div class=\"elementor-spacer\">\n\t\t\t<div class=\"elementor-spacer-inner\"><\/div>\n\t\t<\/div>\n\t\t\t\t\t\t<\/div>\n\t\t\t\t<\/div>\n\t\t\t\t\t<\/div>\n\t\t\t\t<\/div>\n\t\t<div class=\"elementor-element elementor-element-317abb9 e-flex e-con-boxed e-con e-parent\" data-id=\"317abb9\" data-element_type=\"container\" data-e-type=\"container\">\n\t\t\t\t\t<div class=\"e-con-inner\">\n\t\t\t\t<div class=\"elementor-element elementor-element-cf96eb1 elementor-widget elementor-widget-shortcode\" data-id=\"cf96eb1\" data-element_type=\"widget\" data-e-type=\"widget\" data-widget_type=\"shortcode.default\">\n\t\t\t\t<div class=\"elementor-widget-container\">\n\t\t\t\t\t\t\t<div class=\"elementor-shortcode\"><div class=\"woocommerce columns-4 \"><ul class=\"products columns-4\">\n\t\n\t<li class=\"product type-product post-3996 status-publish first instock product_cat-aktif-zeolit product_tag-aktif-zeolit-tr product_tag-astaksantin-tr product_tag-docanpharma-tr product_tag-inulin product_tag-saglik-tr product_tag-zeolit-tr has-post-thumbnail shipping-taxable purchasable product-type-simple\" data-product-id=\"3996\">\n\t\t\n\t\t<div class=\"product-inner\">\n\t\t\t\n\t\t\t<div class=\"thumbnail-wrapper\">\n\t\t\t\t\n\t\t\t\t    <div class=\"badges-wrapper\">\n\n        \n    <\/div>\n\n<img fetchpriority=\"high\" decoding=\"async\" width=\"480\" height=\"480\" src=\"https:\/\/docanpharma.com\/wp-content\/uploads\/2023\/12\/15-1.jpg\" class=\"attachment-fs-vertical-size-large size-fs-vertical-size-large\" alt=\"Aktif Zeolit Astaksantin ve \u0130n\u00fclin\" srcset=\"https:\/\/docanpharma.com\/wp-content\/uploads\/2023\/12\/15-1.jpg 480w, https:\/\/docanpharma.com\/wp-content\/uploads\/2023\/12\/15-1-300x300.jpg 300w, https:\/\/docanpharma.com\/wp-content\/uploads\/2023\/12\/15-1-150x150.jpg 150w, https:\/\/docanpharma.com\/wp-content\/uploads\/2023\/12\/15-1-100x100.jpg 100w, https:\/\/docanpharma.com\/wp-content\/uploads\/2023\/12\/15-1-50x50.jpg 50w\" sizes=\"(max-width: 480px) 100vw, 480px\" \/>\t\t\t\t\n\t\t\t\t<a href=\"https:\/\/docanpharma.com\/tr\/urun\/aktif-zeolit-astaksantin-ve-inulin\/\" class=\"link-overlay\"><\/a>\n\t\t\t\t\n\t\t\t\t\t\t\t\n\t\t\t<\/div>\n\t\t\t\n\t\t\t<div class=\"responsive-rating\">\n\t\t\t\t\n\t\t\t\t\t\t\t\n\t\t\t<\/div>\n\t\t\t\n\t\t\t<a href=\"https:\/\/docanpharma.com\/tr\/urun\/aktif-zeolit-astaksantin-ve-inulin\/\">\n\t\t\t\t\n\t\t\t\t<h5 class=\"woocommerce-loop-product__title\">Aktif Zeolit Astaksantin ve \u0130n\u00fclin<\/h6>\t\t\t\n\t\t\t<\/a>\n\t\t\t\n\t\t\t\n\t<span class=\"price\"><span class=\"woocommerce-Price-amount amount\"><bdi><span class=\"woocommerce-Price-currencySymbol\">&#8378;<\/span>719,00<\/bdi><\/span><\/span>\n\t\t\n\t\t<\/div>\n\t\n\t<\/li>\n\n\t\n\t<li class=\"product type-product post-3951 status-publish instock product_cat-guzellik-ve-kisisel-bakim product_tag-aktif-zeolit-tr product_tag-ayak-bakimi-tr product_tag-docanpharma-tr product_tag-saglik-tr product_tag-toksin product_tag-zeolit-tr has-post-thumbnail shipping-taxable purchasable product-type-simple\" data-product-id=\"3951\">\n\t\t\n\t\t<div class=\"product-inner\">\n\t\t\t\n\t\t\t<div class=\"thumbnail-wrapper\">\n\t\t\t\t\n\t\t\t\t    <div class=\"badges-wrapper\">\n\n        \n    <\/div>\n\n<img decoding=\"async\" width=\"480\" height=\"388\" src=\"https:\/\/docanpharma.com\/wp-content\/uploads\/2023\/12\/2088-1.jpg\" class=\"attachment-fs-vertical-size-large size-fs-vertical-size-large\" alt=\"Aktif Zeolit Ayak Bak\u0131m\u0131\" srcset=\"https:\/\/docanpharma.com\/wp-content\/uploads\/2023\/12\/2088-1.jpg 480w, https:\/\/docanpharma.com\/wp-content\/uploads\/2023\/12\/2088-1-300x243.jpg 300w\" sizes=\"(max-width: 480px) 100vw, 480px\" \/>\t\t\t\t\n\t\t\t\t<a href=\"https:\/\/docanpharma.com\/tr\/urun\/aktif-zeolit-ayak-bakimi\/\" class=\"link-overlay\"><\/a>\n\t\t\t\t\n\t\t\t\t\t\t\t\n\t\t\t<\/div>\n\t\t\t\n\t\t\t<div class=\"responsive-rating\">\n\t\t\t\t\n\t\t\t\t\t\t\t\n\t\t\t<\/div>\n\t\t\t\n\t\t\t<a href=\"https:\/\/docanpharma.com\/tr\/urun\/aktif-zeolit-ayak-bakimi\/\">\n\t\t\t\t\n\t\t\t\t<h5 class=\"woocommerce-loop-product__title\">Aktif Zeolit Ayak Bak\u0131m\u0131<\/h6>\t\t\t\n\t\t\t<\/a>\n\t\t\t\n\t\t\t\n\t<span class=\"price\"><span class=\"woocommerce-Price-amount amount\"><bdi><span class=\"woocommerce-Price-currencySymbol\">&#8378;<\/span>360,00<\/bdi><\/span><\/span>\n\t\t\n\t\t<\/div>\n\t\n\t<\/li>\n\n\t\n\t<li class=\"product type-product post-4028 status-publish instock product_cat-aktif-zeolit product_tag-aktif-zeolit-tr product_tag-docanpharma-tr product_tag-fulvik-asit-tr product_tag-humik product_tag-humik-asit-tr product_tag-saglik-tr product_tag-zeolit-tr has-post-thumbnail shipping-taxable purchasable product-type-simple\" data-product-id=\"4028\">\n\t\t\n\t\t<div class=\"product-inner\">\n\t\t\t\n\t\t\t<div class=\"thumbnail-wrapper\">\n\t\t\t\t\n\t\t\t\t    <div class=\"badges-wrapper\">\n\n        \n    <\/div>\n\n<img decoding=\"async\" width=\"480\" height=\"480\" src=\"https:\/\/docanpharma.com\/wp-content\/uploads\/2023\/12\/14-1.jpg\" class=\"attachment-fs-vertical-size-large size-fs-vertical-size-large\" alt=\"Aktif Zeolit H\u00fcmik Asit ve Fulvik Asit\" srcset=\"https:\/\/docanpharma.com\/wp-content\/uploads\/2023\/12\/14-1.jpg 480w, https:\/\/docanpharma.com\/wp-content\/uploads\/2023\/12\/14-1-300x300.jpg 300w, https:\/\/docanpharma.com\/wp-content\/uploads\/2023\/12\/14-1-150x150.jpg 150w, https:\/\/docanpharma.com\/wp-content\/uploads\/2023\/12\/14-1-100x100.jpg 100w, https:\/\/docanpharma.com\/wp-content\/uploads\/2023\/12\/14-1-50x50.jpg 50w\" sizes=\"(max-width: 480px) 100vw, 480px\" \/>\t\t\t\t\n\t\t\t\t<a href=\"https:\/\/docanpharma.com\/tr\/urun\/aktif-zeolit-humik-asit-ve-fulvik-asit\/\" class=\"link-overlay\"><\/a>\n\t\t\t\t\n\t\t\t\t\t\t\t\n\t\t\t<\/div>\n\t\t\t\n\t\t\t<div class=\"responsive-rating\">\n\t\t\t\t\n\t\t\t\t\t\t\t\n\t\t\t<\/div>\n\t\t\t\n\t\t\t<a href=\"https:\/\/docanpharma.com\/tr\/urun\/aktif-zeolit-humik-asit-ve-fulvik-asit\/\">\n\t\t\t\t\n\t\t\t\t<h5 class=\"woocommerce-loop-product__title\">Aktif Zeolit H\u00fcmik Asit ve Fulvik Asit<\/h6>\t\t\t\n\t\t\t<\/a>\n\t\t\t\n\t\t\t\n\t<span class=\"price\"><span class=\"woocommerce-Price-amount amount\"><bdi><span class=\"woocommerce-Price-currencySymbol\">&#8378;<\/span>709,00<\/bdi><\/span><\/span>\n\t\t\n\t\t<\/div>\n\t\n\t<\/li>\n\n\t\n\t<li class=\"product type-product post-4023 status-publish last instock product_cat-aktif-zeolit product_tag-aktif-zeolit-tr product_tag-docanpharma-tr product_tag-inulin product_tag-saglik-tr product_tag-zeolit-tr has-post-thumbnail shipping-taxable purchasable product-type-simple\" data-product-id=\"4023\">\n\t\t\n\t\t<div class=\"product-inner\">\n\t\t\t\n\t\t\t<div class=\"thumbnail-wrapper\">\n\t\t\t\t\n\t\t\t\t    <div class=\"badges-wrapper\">\n\n        \n    <\/div>\n\n<img loading=\"lazy\" decoding=\"async\" width=\"480\" height=\"480\" src=\"https:\/\/docanpharma.com\/wp-content\/uploads\/2023\/12\/oral-zeolite-powder-with-inulin-765-94-1.jpg\" class=\"attachment-fs-vertical-size-large size-fs-vertical-size-large\" alt=\"Aktif Zeolit \u0130n\u00fclin\" srcset=\"https:\/\/docanpharma.com\/wp-content\/uploads\/2023\/12\/oral-zeolite-powder-with-inulin-765-94-1.jpg 480w, https:\/\/docanpharma.com\/wp-content\/uploads\/2023\/12\/oral-zeolite-powder-with-inulin-765-94-1-300x300.jpg 300w, https:\/\/docanpharma.com\/wp-content\/uploads\/2023\/12\/oral-zeolite-powder-with-inulin-765-94-1-150x150.jpg 150w, https:\/\/docanpharma.com\/wp-content\/uploads\/2023\/12\/oral-zeolite-powder-with-inulin-765-94-1-100x100.jpg 100w, https:\/\/docanpharma.com\/wp-content\/uploads\/2023\/12\/oral-zeolite-powder-with-inulin-765-94-1-50x50.jpg 50w\" sizes=\"(max-width: 480px) 100vw, 480px\" \/>\t\t\t\t\n\t\t\t\t<a href=\"https:\/\/docanpharma.com\/tr\/urun\/aktif-zeolit-inulin\/\" class=\"link-overlay\"><\/a>\n\t\t\t\t\n\t\t\t\t\t\t\t\n\t\t\t<\/div>\n\t\t\t\n\t\t\t<div class=\"responsive-rating\">\n\t\t\t\t\n\t\t\t\t\t\t\t\n\t\t\t<\/div>\n\t\t\t\n\t\t\t<a href=\"https:\/\/docanpharma.com\/tr\/urun\/aktif-zeolit-inulin\/\">\n\t\t\t\t\n\t\t\t\t<h5 class=\"woocommerce-loop-product__title\">Aktif Zeolit \u0130n\u00fclin<\/h6>\t\t\t\n\t\t\t<\/a>\n\t\t\t\n\t\t\t\n\t<span class=\"price\"><span class=\"woocommerce-Price-amount amount\"><bdi><span class=\"woocommerce-Price-currencySymbol\">&#8378;<\/span>819,00<\/bdi><\/span><\/span>\n\t\t\n\t\t<\/div>\n\t\n\t<\/li>\n\n\t\n\t<li class=\"product type-product post-4013 status-publish first instock product_cat-aktif-zeolit product_tag-aktif-zeolit-tr product_tag-docanpharma-tr product_tag-inulin product_tag-kollajen product_tag-saglik-tr product_tag-zeolit-tr has-post-thumbnail shipping-taxable purchasable product-type-simple\" data-product-id=\"4013\">\n\t\t\n\t\t<div class=\"product-inner\">\n\t\t\t\n\t\t\t<div class=\"thumbnail-wrapper\">\n\t\t\t\t\n\t\t\t\t    <div class=\"badges-wrapper\">\n\n        \n    <\/div>\n\n<img loading=\"lazy\" decoding=\"async\" width=\"480\" height=\"480\" src=\"https:\/\/docanpharma.com\/wp-content\/uploads\/2023\/12\/13-1.jpg\" class=\"attachment-fs-vertical-size-large size-fs-vertical-size-large\" alt=\"Aktif Zeolit Kolajen ve \u0130n\u00fclin\" srcset=\"https:\/\/docanpharma.com\/wp-content\/uploads\/2023\/12\/13-1.jpg 480w, https:\/\/docanpharma.com\/wp-content\/uploads\/2023\/12\/13-1-300x300.jpg 300w, https:\/\/docanpharma.com\/wp-content\/uploads\/2023\/12\/13-1-150x150.jpg 150w, https:\/\/docanpharma.com\/wp-content\/uploads\/2023\/12\/13-1-100x100.jpg 100w, https:\/\/docanpharma.com\/wp-content\/uploads\/2023\/12\/13-1-50x50.jpg 50w\" sizes=\"(max-width: 480px) 100vw, 480px\" \/>\t\t\t\t\n\t\t\t\t<a href=\"https:\/\/docanpharma.com\/tr\/urun\/zeolit-kolajen-ve-inulin\/\" class=\"link-overlay\"><\/a>\n\t\t\t\t\n\t\t\t\t\t\t\t\n\t\t\t<\/div>\n\t\t\t\n\t\t\t<div class=\"responsive-rating\">\n\t\t\t\t\n\t\t\t\t\t\t\t\n\t\t\t<\/div>\n\t\t\t\n\t\t\t<a href=\"https:\/\/docanpharma.com\/tr\/urun\/zeolit-kolajen-ve-inulin\/\">\n\t\t\t\t\n\t\t\t\t<h5 class=\"woocommerce-loop-product__title\">Aktif Zeolit Kolajen ve \u0130n\u00fclin<\/h6>\t\t\t\n\t\t\t<\/a>\n\t\t\t\n\t\t\t\n\t<span class=\"price\"><span class=\"woocommerce-Price-amount amount\"><bdi><span class=\"woocommerce-Price-currencySymbol\">&#8378;<\/span>1.799,00<\/bdi><\/span><\/span>\n\t\t\n\t\t<\/div>\n\t\n\t<\/li>\n\n\t\n\t<li class=\"product type-product post-4001 status-publish instock product_cat-aktif-zeolit product_tag-aktif-zeolit-tr product_tag-docanpharma-tr product_tag-inulin product_tag-portakal-tr product_tag-probiyotik-tr product_tag-saglik-tr product_tag-zeolit-tr has-post-thumbnail shipping-taxable purchasable product-type-simple\" data-product-id=\"4001\">\n\t\t\n\t\t<div class=\"product-inner\">\n\t\t\t\n\t\t\t<div class=\"thumbnail-wrapper\">\n\t\t\t\t\n\t\t\t\t    <div class=\"badges-wrapper\">\n\n        \n    <\/div>\n\n<img loading=\"lazy\" decoding=\"async\" width=\"480\" height=\"480\" src=\"https:\/\/docanpharma.com\/wp-content\/uploads\/2023\/12\/01.jpg\" class=\"attachment-fs-vertical-size-large size-fs-vertical-size-large\" alt=\"Aktif Zeolit Portakal Aromal\u0131 ve Probiyotik\" srcset=\"https:\/\/docanpharma.com\/wp-content\/uploads\/2023\/12\/01.jpg 480w, https:\/\/docanpharma.com\/wp-content\/uploads\/2023\/12\/01-300x300.jpg 300w, https:\/\/docanpharma.com\/wp-content\/uploads\/2023\/12\/01-150x150.jpg 150w, https:\/\/docanpharma.com\/wp-content\/uploads\/2023\/12\/01-100x100.jpg 100w, https:\/\/docanpharma.com\/wp-content\/uploads\/2023\/12\/01-50x50.jpg 50w\" sizes=\"(max-width: 480px) 100vw, 480px\" \/>\t\t\t\t\n\t\t\t\t<a href=\"https:\/\/docanpharma.com\/tr\/urun\/aktif-zeolit-portakal-aromali-ve-probiyotik\/\" class=\"link-overlay\"><\/a>\n\t\t\t\t\n\t\t\t\t\t\t\t\n\t\t\t<\/div>\n\t\t\t\n\t\t\t<div class=\"responsive-rating\">\n\t\t\t\t\n\t\t\t\t\t\t\t\n\t\t\t<\/div>\n\t\t\t\n\t\t\t<a href=\"https:\/\/docanpharma.com\/tr\/urun\/aktif-zeolit-portakal-aromali-ve-probiyotik\/\">\n\t\t\t\t\n\t\t\t\t<h5 class=\"woocommerce-loop-product__title\">Aktif Zeolit Portakal Aromal\u0131 ve Probiyotik<\/h6>\t\t\t\n\t\t\t<\/a>\n\t\t\t\n\t\t\t\n\t<span class=\"price\"><span class=\"woocommerce-Price-amount amount\"><bdi><span class=\"woocommerce-Price-currencySymbol\">&#8378;<\/span>1.439,00<\/bdi><\/span><\/span>\n\t\t\n\t\t<\/div>\n\t\n\t<\/li>\n\n\t\n\t<li class=\"product type-product post-4008 status-publish instock product_cat-aktif-zeolit product_tag-aktif-zeolit-tr product_tag-docanpharma-tr product_tag-inulin product_tag-zeolit-tr has-post-thumbnail shipping-taxable purchasable product-type-simple\" data-product-id=\"4008\">\n\t\t\n\t\t<div class=\"product-inner\">\n\t\t\t\n\t\t\t<div class=\"thumbnail-wrapper\">\n\t\t\t\t\n\t\t\t\t    <div class=\"badges-wrapper\">\n\n        \n    <\/div>\n\n<img loading=\"lazy\" decoding=\"async\" width=\"480\" height=\"480\" src=\"https:\/\/docanpharma.com\/wp-content\/uploads\/2023\/12\/1700.png\" class=\"attachment-fs-vertical-size-large size-fs-vertical-size-large\" alt=\"Aktif Zeolit Probiyotik ve \u0130n\u00fclin\" srcset=\"https:\/\/docanpharma.com\/wp-content\/uploads\/2023\/12\/1700.png 480w, https:\/\/docanpharma.com\/wp-content\/uploads\/2023\/12\/1700-420x420.png 420w, https:\/\/docanpharma.com\/wp-content\/uploads\/2023\/12\/1700-100x100.png 100w, https:\/\/docanpharma.com\/wp-content\/uploads\/2023\/12\/1700-300x300.png 300w, https:\/\/docanpharma.com\/wp-content\/uploads\/2023\/12\/1700-150x150.png 150w, https:\/\/docanpharma.com\/wp-content\/uploads\/2023\/12\/1700-50x50.png 50w\" sizes=\"(max-width: 480px) 100vw, 480px\" \/>\t\t\t\t\n\t\t\t\t<a href=\"https:\/\/docanpharma.com\/tr\/urun\/zeolit-probiyotik-ve-inulin\/\" class=\"link-overlay\"><\/a>\n\t\t\t\t\n\t\t\t\t\t\t\t\n\t\t\t<\/div>\n\t\t\t\n\t\t\t<div class=\"responsive-rating\">\n\t\t\t\t\n\t\t\t\t\t\t\t\n\t\t\t<\/div>\n\t\t\t\n\t\t\t<a href=\"https:\/\/docanpharma.com\/tr\/urun\/zeolit-probiyotik-ve-inulin\/\">\n\t\t\t\t\n\t\t\t\t<h5 class=\"woocommerce-loop-product__title\">Aktif Zeolit Probiyotik ve \u0130n\u00fclin<\/h6>\t\t\t\n\t\t\t<\/a>\n\t\t\t\n\t\t\t\n\t<span class=\"price\"><span class=\"woocommerce-Price-amount amount\"><bdi><span class=\"woocommerce-Price-currencySymbol\">&#8378;<\/span>719,00<\/bdi><\/span><\/span>\n\t\t\n\t\t<\/div>\n\t\n\t<\/li>\n\n\t\n\t<li class=\"product type-product post-3949 status-publish last instock product_cat-guzellik-ve-kisisel-bakim product_tag-aktif-zeolit-tr product_tag-docanpharma-tr product_tag-guzellik-tr product_tag-yaslanma-karsiti-tr product_tag-zeolit-tr has-post-thumbnail shipping-taxable purchasable product-type-simple\" data-product-id=\"3949\">\n\t\t\n\t\t<div class=\"product-inner\">\n\t\t\t\n\t\t\t<div class=\"thumbnail-wrapper\">\n\t\t\t\t\n\t\t\t\t    <div class=\"badges-wrapper\">\n\n        \n    <\/div>\n\n<img loading=\"lazy\" decoding=\"async\" width=\"480\" height=\"480\" src=\"https:\/\/docanpharma.com\/wp-content\/uploads\/2023\/12\/203-1.jpg\" class=\"attachment-fs-vertical-size-large size-fs-vertical-size-large\" alt=\"Aktif Zeolitli Beyazlat\u0131c\u0131 Ve Leke Giderici Krem\" srcset=\"https:\/\/docanpharma.com\/wp-content\/uploads\/2023\/12\/203-1.jpg 480w, https:\/\/docanpharma.com\/wp-content\/uploads\/2023\/12\/203-1-300x300.jpg 300w, https:\/\/docanpharma.com\/wp-content\/uploads\/2023\/12\/203-1-150x150.jpg 150w, https:\/\/docanpharma.com\/wp-content\/uploads\/2023\/12\/203-1-100x100.jpg 100w, https:\/\/docanpharma.com\/wp-content\/uploads\/2023\/12\/203-1-50x50.jpg 50w\" sizes=\"(max-width: 480px) 100vw, 480px\" \/>\t\t\t\t\n\t\t\t\t<a href=\"https:\/\/docanpharma.com\/tr\/urun\/aktif-zeolitli-beyazlatici-ve-leke-giderici-krem\/\" class=\"link-overlay\"><\/a>\n\t\t\t\t\n\t\t\t\t\t\t\t\n\t\t\t<\/div>\n\t\t\t\n\t\t\t<div class=\"responsive-rating\">\n\t\t\t\t\n\t\t\t\t\t\t\t\n\t\t\t<\/div>\n\t\t\t\n\t\t\t<a href=\"https:\/\/docanpharma.com\/tr\/urun\/aktif-zeolitli-beyazlatici-ve-leke-giderici-krem\/\">\n\t\t\t\t\n\t\t\t\t<h5 class=\"woocommerce-loop-product__title\">Aktif Zeolitli Beyazlat\u0131c\u0131 Ve Leke Giderici Krem<\/h6>\t\t\t\n\t\t\t<\/a>\n\t\t\t\n\t\t\t\n\t<span class=\"price\"><span class=\"woocommerce-Price-amount amount\"><bdi><span class=\"woocommerce-Price-currencySymbol\">&#8378;<\/span>2.159,00<\/bdi><\/span><\/span>\n\t\t\n\t\t<\/div>\n\t\n\t<\/li>\n\n<\/ul>\n<\/div><\/div>\n\t\t\t\t\t\t<\/div>\n\t\t\t\t<\/div>\n\t\t\t\t\t<\/div>\n\t\t\t\t<\/div>\n\t\t<div class=\"elementor-element elementor-element-273c056 e-flex e-con-boxed e-con e-parent\" data-id=\"273c056\" data-element_type=\"container\" data-e-type=\"container\">\n\t\t\t\t\t<div class=\"e-con-inner\">\n\t\t\t\t<div class=\"elementor-element elementor-element-9065072 elementor-widget elementor-widget-spacer\" data-id=\"9065072\" data-element_type=\"widget\" data-e-type=\"widget\" data-widget_type=\"spacer.default\">\n\t\t\t\t<div class=\"elementor-widget-container\">\n\t\t\t\t\t\t\t<div class=\"elementor-spacer\">\n\t\t\t<div class=\"elementor-spacer-inner\"><\/div>\n\t\t<\/div>\n\t\t\t\t\t\t<\/div>\n\t\t\t\t<\/div>\n\t\t\t\t\t<\/div>\n\t\t\t\t<\/div>\n\t\t<div class=\"elementor-element elementor-element-1607e89 e-flex e-con-boxed e-con e-parent\" data-id=\"1607e89\" data-element_type=\"container\" data-e-type=\"container\">\n\t\t\t\t\t<div class=\"e-con-inner\">\n\t\t\t\t<div class=\"elementor-element elementor-element-3938550 elementor-widget elementor-widget-text-editor\" data-id=\"3938550\" data-element_type=\"widget\" data-e-type=\"widget\" data-widget_type=\"text-editor.default\">\n\t\t\t\t<div class=\"elementor-widget-container\">\n\t\t\t\t\t\t\t\t\t<h3>Kategori tan\u0131m\u0131:<\/h3>\n<p>Ki\u015fisel bak\u0131m hayat\u0131m\u0131z\u0131n ayr\u0131lmaz bir par\u00e7as\u0131d\u0131r. Sa\u011fl\u0131k ve hijyenin yan\u0131 s\u0131ra iyi bir ki\u015fisel bak\u0131m rutini ruh halimizi ve \u00f6zg\u00fcvenimizi olumlu etkiler. Bu nedenle ki\u015fisel bak\u0131m \u00fcr\u00fcnlerini se\u00e7me ve markalar aras\u0131nda gezinme s\u00fcreci olduk\u00e7a \u00f6nemlidir. \u0130\u015fte ki\u015fisel bak\u0131m d\u00fcnyas\u0131nda ke\u015ffedebilece\u011finiz birka\u00e7 \u00f6nemli konu.   <\/p>\n\t\t\t\t\t\t\t\t<\/div>\n\t\t\t\t<\/div>\n\t\t\t\t\t<\/div>\n\t\t\t\t<\/div>\n\t\t<div class=\"elementor-element elementor-element-3a9ba3f e-flex e-con-boxed e-con e-parent\" data-id=\"3a9ba3f\" data-element_type=\"container\" data-e-type=\"container\">\n\t\t\t\t\t<div class=\"e-con-inner\">\n\t\t\t\t<div class=\"elementor-element elementor-element-7e6c5d5 elementor-widget elementor-widget-spacer\" data-id=\"7e6c5d5\" data-element_type=\"widget\" data-e-type=\"widget\" data-widget_type=\"spacer.default\">\n\t\t\t\t<div class=\"elementor-widget-container\">\n\t\t\t\t\t\t\t<div class=\"elementor-spacer\">\n\t\t\t<div class=\"elementor-spacer-inner\"><\/div>\n\t\t<\/div>\n\t\t\t\t\t\t<\/div>\n\t\t\t\t<\/div>\n\t\t\t\t\t<\/div>\n\t\t\t\t<\/div>\n\t\t\t\t<\/div>\n\t\t","protected":false},"excerpt":{"rendered":"<p>G\u00fczellik ve Ki\u015fisel Bak\u0131m Kategori tan\u0131m\u0131: Ki\u015fisel bak\u0131m hayat\u0131m\u0131z\u0131n ayr\u0131lmaz bir par\u00e7as\u0131d\u0131r. Sa\u011fl\u0131k ve hijyenin yan\u0131 s\u0131ra iyi bir ki\u015fisel bak\u0131m rutini ruh halimizi ve \u00f6zg\u00fcvenimizi olumlu etkiler. Bu nedenle ki\u015fisel bak\u0131m \u00fcr\u00fcnlerini se\u00e7me ve markalar aras\u0131nda gezinme s\u00fcreci olduk\u00e7a \u00f6nemlidir. \u0130\u015fte ki\u015fisel bak\u0131m d\u00fcnyas\u0131nda ke\u015ffedebilece\u011finiz birka\u00e7 \u00f6nemli konu.<\/p>\n","protected":false},"author":2,"featured_media":0,"parent":0,"menu_order":0,"comment_status":"closed","ping_status":"closed","template":"","meta":{"_uf_show_specific_survey":0,"_uf_disable_surveys":false,"footnotes":""},"class_list":["post-4523","page","type-page","status-publish","hentry"],"acf":[],"aioseo_notices":[],"_links":{"self":[{"href":"https:\/\/docanpharma.com\/tr\/wp-json\/wp\/v2\/pages\/4523","targetHints":{"allow":["GET"]}}],"collection":[{"href":"https:\/\/docanpharma.com\/tr\/wp-json\/wp\/v2\/pages"}],"about":[{"href":"https:\/\/docanpharma.com\/tr\/wp-json\/wp\/v2\/types\/page"}],"author":[{"embeddable":true,"href":"https:\/\/docanpharma.com\/tr\/wp-json\/wp\/v2\/users\/2"}],"replies":[{"embeddable":true,"href":"https:\/\/docanpharma.com\/tr\/wp-json\/wp\/v2\/comments?post=4523"}],"version-history":[{"count":28,"href":"https:\/\/docanpharma.com\/tr\/wp-json\/wp\/v2\/pages\/4523\/revisions"}],"predecessor-version":[{"id":5835,"href":"https:\/\/docanpharma.com\/tr\/wp-json\/wp\/v2\/pages\/4523\/revisions\/5835"}],"wp:attachment":[{"href":"https:\/\/docanpharma.com\/tr\/wp-json\/wp\/v2\/media?parent=4523"}],"curies":[{"name":"wp","href":"https:\/\/api.w.org\/{rel}","templated":true}]}}