{"id":4518,"date":"2024-01-02T18:25:47","date_gmt":"2024-01-02T15:25:47","guid":{"rendered":"https:\/\/docanpharma.com\/?page_id=4518"},"modified":"2024-01-29T12:38:32","modified_gmt":"2024-01-29T09:38:32","slug":"aktif-zeolit","status":"publish","type":"page","link":"https:\/\/docanpharma.com\/tr\/aktif-zeolit\/","title":{"rendered":"Aktif Zeolit"},"content":{"rendered":"\t\t<div data-elementor-type=\"wp-page\" data-elementor-id=\"4518\" class=\"elementor elementor-4518 elementor-4331\">\n\t\t\t\t\t\t<section class=\"elementor-section elementor-top-section elementor-element elementor-element-4707fc8 elementor-section-height-min-height elementor-section-boxed elementor-section-height-default elementor-section-items-middle\" data-id=\"4707fc8\" data-element_type=\"section\" data-e-type=\"section\" data-settings=\"{&quot;background_background&quot;:&quot;classic&quot;}\">\n\t\t\t\t\t\t<div class=\"elementor-container elementor-column-gap-extended\">\n\t\t\t\t\t<div class=\"elementor-column elementor-col-100 elementor-top-column elementor-element elementor-element-9b4daeb\" data-id=\"9b4daeb\" data-element_type=\"column\" data-e-type=\"column\">\n\t\t\t<div class=\"elementor-widget-wrap elementor-element-populated\">\n\t\t\t\t\t\t<div class=\"elementor-element elementor-element-c59bc23 elementor-widget elementor-widget-heading\" data-id=\"c59bc23\" data-element_type=\"widget\" data-e-type=\"widget\" data-widget_type=\"heading.default\">\n\t\t\t\t<div class=\"elementor-widget-container\">\n\t\t\t\t\t<h1 class=\"elementor-heading-title elementor-size-default\"><b>Aktif Zeolit<\/b><\/h1>\t\t\t\t<\/div>\n\t\t\t\t<\/div>\n\t\t\t\t\t<\/div>\n\t\t<\/div>\n\t\t\t\t\t<\/div>\n\t\t<\/section>\n\t\t        <div class=\"elementor-element elementor-element-a8dd4b8 e-flex e-con-boxed e-con e-parent\" data-id=\"a8dd4b8\" data-element_type=\"container\" data-e-type=\"container\">\n\t\t\t\t\t<div class=\"e-con-inner\">\n\t\t\t\t<div class=\"elementor-element elementor-element-216b81f elementor-widget elementor-widget-spacer\" data-id=\"216b81f\" data-element_type=\"widget\" data-e-type=\"widget\" data-widget_type=\"spacer.default\">\n\t\t\t\t<div class=\"elementor-widget-container\">\n\t\t\t\t\t\t\t<div class=\"elementor-spacer\">\n\t\t\t<div class=\"elementor-spacer-inner\"><\/div>\n\t\t<\/div>\n\t\t\t\t\t\t<\/div>\n\t\t\t\t<\/div>\n\t\t\t\t\t<\/div>\n\t\t\t\t<\/div>\n\t\t<div class=\"elementor-element elementor-element-af044b4 e-flex e-con-boxed e-con e-parent\" data-id=\"af044b4\" data-element_type=\"container\" data-e-type=\"container\">\n\t\t\t\t\t<div class=\"e-con-inner\">\n\t\t\t\t<div class=\"elementor-element elementor-element-0543558 elementor-widget elementor-widget-shortcode\" data-id=\"0543558\" data-element_type=\"widget\" data-e-type=\"widget\" data-widget_type=\"shortcode.default\">\n\t\t\t\t<div class=\"elementor-widget-container\">\n\t\t\t\t\t\t\t<div class=\"elementor-shortcode\"><div class=\"woocommerce columns-4 \"><ul class=\"products columns-4\">\n\t\n\t<li class=\"product type-product post-3996 status-publish first instock product_cat-aktif-zeolit product_tag-aktif-zeolit-tr product_tag-astaksantin-tr product_tag-docanpharma-tr product_tag-inulin product_tag-saglik-tr product_tag-zeolit-tr has-post-thumbnail shipping-taxable purchasable product-type-simple\" data-product-id=\"3996\">\n\t\t\n\t\t<div class=\"product-inner\">\n\t\t\t\n\t\t\t<div class=\"thumbnail-wrapper\">\n\t\t\t\t\n\t\t\t\t    <div class=\"badges-wrapper\">\n\n        \n    <\/div>\n\n<img fetchpriority=\"high\" decoding=\"async\" width=\"480\" height=\"480\" src=\"https:\/\/docanpharma.com\/wp-content\/uploads\/2023\/12\/15-1.jpg\" class=\"attachment-fs-vertical-size-large size-fs-vertical-size-large\" alt=\"Aktif Zeolit Astaksantin ve \u0130n\u00fclin\" srcset=\"https:\/\/docanpharma.com\/wp-content\/uploads\/2023\/12\/15-1.jpg 480w, https:\/\/docanpharma.com\/wp-content\/uploads\/2023\/12\/15-1-300x300.jpg 300w, https:\/\/docanpharma.com\/wp-content\/uploads\/2023\/12\/15-1-150x150.jpg 150w, https:\/\/docanpharma.com\/wp-content\/uploads\/2023\/12\/15-1-100x100.jpg 100w, https:\/\/docanpharma.com\/wp-content\/uploads\/2023\/12\/15-1-50x50.jpg 50w\" sizes=\"(max-width: 480px) 100vw, 480px\" \/>\t\t\t\t\n\t\t\t\t<a href=\"https:\/\/docanpharma.com\/tr\/urun\/aktif-zeolit-astaksantin-ve-inulin\/\" class=\"link-overlay\"><\/a>\n\t\t\t\t\n\t\t\t\t\t\t\t\n\t\t\t<\/div>\n\t\t\t\n\t\t\t<div class=\"responsive-rating\">\n\t\t\t\t\n\t\t\t\t\t\t\t\n\t\t\t<\/div>\n\t\t\t\n\t\t\t<a href=\"https:\/\/docanpharma.com\/tr\/urun\/aktif-zeolit-astaksantin-ve-inulin\/\">\n\t\t\t\t\n\t\t\t\t<h5 class=\"woocommerce-loop-product__title\">Aktif Zeolit Astaksantin ve \u0130n\u00fclin<\/h6>\t\t\t\n\t\t\t<\/a>\n\t\t\t\n\t\t\t\n\t<span class=\"price\"><span class=\"woocommerce-Price-amount amount\"><bdi><span class=\"woocommerce-Price-currencySymbol\">&#8378;<\/span>719,00<\/bdi><\/span><\/span>\n\t\t\n\t\t<\/div>\n\t\n\t<\/li>\n\n\t\n\t<li class=\"product type-product post-4028 status-publish instock product_cat-aktif-zeolit product_tag-aktif-zeolit-tr product_tag-docanpharma-tr product_tag-fulvik-asit-tr product_tag-humik product_tag-humik-asit-tr product_tag-saglik-tr product_tag-zeolit-tr has-post-thumbnail shipping-taxable purchasable product-type-simple\" data-product-id=\"4028\">\n\t\t\n\t\t<div class=\"product-inner\">\n\t\t\t\n\t\t\t<div class=\"thumbnail-wrapper\">\n\t\t\t\t\n\t\t\t\t    <div class=\"badges-wrapper\">\n\n        \n    <\/div>\n\n<img decoding=\"async\" width=\"480\" height=\"480\" src=\"https:\/\/docanpharma.com\/wp-content\/uploads\/2023\/12\/14-1.jpg\" class=\"attachment-fs-vertical-size-large size-fs-vertical-size-large\" alt=\"Aktif Zeolit H\u00fcmik Asit ve Fulvik Asit\" srcset=\"https:\/\/docanpharma.com\/wp-content\/uploads\/2023\/12\/14-1.jpg 480w, https:\/\/docanpharma.com\/wp-content\/uploads\/2023\/12\/14-1-300x300.jpg 300w, https:\/\/docanpharma.com\/wp-content\/uploads\/2023\/12\/14-1-150x150.jpg 150w, https:\/\/docanpharma.com\/wp-content\/uploads\/2023\/12\/14-1-100x100.jpg 100w, https:\/\/docanpharma.com\/wp-content\/uploads\/2023\/12\/14-1-50x50.jpg 50w\" sizes=\"(max-width: 480px) 100vw, 480px\" \/>\t\t\t\t\n\t\t\t\t<a href=\"https:\/\/docanpharma.com\/tr\/urun\/aktif-zeolit-humik-asit-ve-fulvik-asit\/\" class=\"link-overlay\"><\/a>\n\t\t\t\t\n\t\t\t\t\t\t\t\n\t\t\t<\/div>\n\t\t\t\n\t\t\t<div class=\"responsive-rating\">\n\t\t\t\t\n\t\t\t\t\t\t\t\n\t\t\t<\/div>\n\t\t\t\n\t\t\t<a href=\"https:\/\/docanpharma.com\/tr\/urun\/aktif-zeolit-humik-asit-ve-fulvik-asit\/\">\n\t\t\t\t\n\t\t\t\t<h5 class=\"woocommerce-loop-product__title\">Aktif Zeolit H\u00fcmik Asit ve Fulvik Asit<\/h6>\t\t\t\n\t\t\t<\/a>\n\t\t\t\n\t\t\t\n\t<span class=\"price\"><span class=\"woocommerce-Price-amount amount\"><bdi><span class=\"woocommerce-Price-currencySymbol\">&#8378;<\/span>709,00<\/bdi><\/span><\/span>\n\t\t\n\t\t<\/div>\n\t\n\t<\/li>\n\n\t\n\t<li class=\"product type-product post-4023 status-publish instock product_cat-aktif-zeolit product_tag-aktif-zeolit-tr product_tag-docanpharma-tr product_tag-inulin product_tag-saglik-tr product_tag-zeolit-tr has-post-thumbnail shipping-taxable purchasable product-type-simple\" data-product-id=\"4023\">\n\t\t\n\t\t<div class=\"product-inner\">\n\t\t\t\n\t\t\t<div class=\"thumbnail-wrapper\">\n\t\t\t\t\n\t\t\t\t    <div class=\"badges-wrapper\">\n\n        \n    <\/div>\n\n<img decoding=\"async\" width=\"480\" height=\"480\" src=\"https:\/\/docanpharma.com\/wp-content\/uploads\/2023\/12\/oral-zeolite-powder-with-inulin-765-94-1.jpg\" class=\"attachment-fs-vertical-size-large size-fs-vertical-size-large\" alt=\"Aktif Zeolit \u0130n\u00fclin\" srcset=\"https:\/\/docanpharma.com\/wp-content\/uploads\/2023\/12\/oral-zeolite-powder-with-inulin-765-94-1.jpg 480w, https:\/\/docanpharma.com\/wp-content\/uploads\/2023\/12\/oral-zeolite-powder-with-inulin-765-94-1-300x300.jpg 300w, https:\/\/docanpharma.com\/wp-content\/uploads\/2023\/12\/oral-zeolite-powder-with-inulin-765-94-1-150x150.jpg 150w, https:\/\/docanpharma.com\/wp-content\/uploads\/2023\/12\/oral-zeolite-powder-with-inulin-765-94-1-100x100.jpg 100w, https:\/\/docanpharma.com\/wp-content\/uploads\/2023\/12\/oral-zeolite-powder-with-inulin-765-94-1-50x50.jpg 50w\" sizes=\"(max-width: 480px) 100vw, 480px\" \/>\t\t\t\t\n\t\t\t\t<a href=\"https:\/\/docanpharma.com\/tr\/urun\/aktif-zeolit-inulin\/\" class=\"link-overlay\"><\/a>\n\t\t\t\t\n\t\t\t\t\t\t\t\n\t\t\t<\/div>\n\t\t\t\n\t\t\t<div class=\"responsive-rating\">\n\t\t\t\t\n\t\t\t\t\t\t\t\n\t\t\t<\/div>\n\t\t\t\n\t\t\t<a href=\"https:\/\/docanpharma.com\/tr\/urun\/aktif-zeolit-inulin\/\">\n\t\t\t\t\n\t\t\t\t<h5 class=\"woocommerce-loop-product__title\">Aktif Zeolit \u0130n\u00fclin<\/h6>\t\t\t\n\t\t\t<\/a>\n\t\t\t\n\t\t\t\n\t<span class=\"price\"><span class=\"woocommerce-Price-amount amount\"><bdi><span class=\"woocommerce-Price-currencySymbol\">&#8378;<\/span>819,00<\/bdi><\/span><\/span>\n\t\t\n\t\t<\/div>\n\t\n\t<\/li>\n\n\t\n\t<li class=\"product type-product post-4013 status-publish last instock product_cat-aktif-zeolit product_tag-aktif-zeolit-tr product_tag-docanpharma-tr product_tag-inulin product_tag-kollajen product_tag-saglik-tr product_tag-zeolit-tr has-post-thumbnail shipping-taxable purchasable product-type-simple\" data-product-id=\"4013\">\n\t\t\n\t\t<div class=\"product-inner\">\n\t\t\t\n\t\t\t<div class=\"thumbnail-wrapper\">\n\t\t\t\t\n\t\t\t\t    <div class=\"badges-wrapper\">\n\n        \n    <\/div>\n\n<img loading=\"lazy\" decoding=\"async\" width=\"480\" height=\"480\" src=\"https:\/\/docanpharma.com\/wp-content\/uploads\/2023\/12\/13-1.jpg\" class=\"attachment-fs-vertical-size-large size-fs-vertical-size-large\" alt=\"Aktif Zeolit Kolajen ve \u0130n\u00fclin\" srcset=\"https:\/\/docanpharma.com\/wp-content\/uploads\/2023\/12\/13-1.jpg 480w, https:\/\/docanpharma.com\/wp-content\/uploads\/2023\/12\/13-1-300x300.jpg 300w, https:\/\/docanpharma.com\/wp-content\/uploads\/2023\/12\/13-1-150x150.jpg 150w, https:\/\/docanpharma.com\/wp-content\/uploads\/2023\/12\/13-1-100x100.jpg 100w, https:\/\/docanpharma.com\/wp-content\/uploads\/2023\/12\/13-1-50x50.jpg 50w\" sizes=\"(max-width: 480px) 100vw, 480px\" \/>\t\t\t\t\n\t\t\t\t<a href=\"https:\/\/docanpharma.com\/tr\/urun\/zeolit-kolajen-ve-inulin\/\" class=\"link-overlay\"><\/a>\n\t\t\t\t\n\t\t\t\t\t\t\t\n\t\t\t<\/div>\n\t\t\t\n\t\t\t<div class=\"responsive-rating\">\n\t\t\t\t\n\t\t\t\t\t\t\t\n\t\t\t<\/div>\n\t\t\t\n\t\t\t<a href=\"https:\/\/docanpharma.com\/tr\/urun\/zeolit-kolajen-ve-inulin\/\">\n\t\t\t\t\n\t\t\t\t<h5 class=\"woocommerce-loop-product__title\">Aktif Zeolit Kolajen ve \u0130n\u00fclin<\/h6>\t\t\t\n\t\t\t<\/a>\n\t\t\t\n\t\t\t\n\t<span class=\"price\"><span class=\"woocommerce-Price-amount amount\"><bdi><span class=\"woocommerce-Price-currencySymbol\">&#8378;<\/span>1.799,00<\/bdi><\/span><\/span>\n\t\t\n\t\t<\/div>\n\t\n\t<\/li>\n\n\t\n\t<li class=\"product type-product post-4001 status-publish first instock product_cat-aktif-zeolit product_tag-aktif-zeolit-tr product_tag-docanpharma-tr product_tag-inulin product_tag-portakal-tr product_tag-probiyotik-tr product_tag-saglik-tr product_tag-zeolit-tr has-post-thumbnail shipping-taxable purchasable product-type-simple\" data-product-id=\"4001\">\n\t\t\n\t\t<div class=\"product-inner\">\n\t\t\t\n\t\t\t<div class=\"thumbnail-wrapper\">\n\t\t\t\t\n\t\t\t\t    <div class=\"badges-wrapper\">\n\n        \n    <\/div>\n\n<img loading=\"lazy\" decoding=\"async\" width=\"480\" height=\"480\" src=\"https:\/\/docanpharma.com\/wp-content\/uploads\/2023\/12\/01.jpg\" class=\"attachment-fs-vertical-size-large size-fs-vertical-size-large\" alt=\"Aktif Zeolit Portakal Aromal\u0131 ve Probiyotik\" srcset=\"https:\/\/docanpharma.com\/wp-content\/uploads\/2023\/12\/01.jpg 480w, https:\/\/docanpharma.com\/wp-content\/uploads\/2023\/12\/01-300x300.jpg 300w, https:\/\/docanpharma.com\/wp-content\/uploads\/2023\/12\/01-150x150.jpg 150w, https:\/\/docanpharma.com\/wp-content\/uploads\/2023\/12\/01-100x100.jpg 100w, https:\/\/docanpharma.com\/wp-content\/uploads\/2023\/12\/01-50x50.jpg 50w\" sizes=\"(max-width: 480px) 100vw, 480px\" \/>\t\t\t\t\n\t\t\t\t<a href=\"https:\/\/docanpharma.com\/tr\/urun\/aktif-zeolit-portakal-aromali-ve-probiyotik\/\" class=\"link-overlay\"><\/a>\n\t\t\t\t\n\t\t\t\t\t\t\t\n\t\t\t<\/div>\n\t\t\t\n\t\t\t<div class=\"responsive-rating\">\n\t\t\t\t\n\t\t\t\t\t\t\t\n\t\t\t<\/div>\n\t\t\t\n\t\t\t<a href=\"https:\/\/docanpharma.com\/tr\/urun\/aktif-zeolit-portakal-aromali-ve-probiyotik\/\">\n\t\t\t\t\n\t\t\t\t<h5 class=\"woocommerce-loop-product__title\">Aktif Zeolit Portakal Aromal\u0131 ve Probiyotik<\/h6>\t\t\t\n\t\t\t<\/a>\n\t\t\t\n\t\t\t\n\t<span class=\"price\"><span class=\"woocommerce-Price-amount amount\"><bdi><span class=\"woocommerce-Price-currencySymbol\">&#8378;<\/span>1.439,00<\/bdi><\/span><\/span>\n\t\t\n\t\t<\/div>\n\t\n\t<\/li>\n\n\t\n\t<li class=\"product type-product post-4008 status-publish instock product_cat-aktif-zeolit product_tag-aktif-zeolit-tr product_tag-docanpharma-tr product_tag-inulin product_tag-zeolit-tr has-post-thumbnail shipping-taxable purchasable product-type-simple\" data-product-id=\"4008\">\n\t\t\n\t\t<div class=\"product-inner\">\n\t\t\t\n\t\t\t<div class=\"thumbnail-wrapper\">\n\t\t\t\t\n\t\t\t\t    <div class=\"badges-wrapper\">\n\n        \n    <\/div>\n\n<img loading=\"lazy\" decoding=\"async\" width=\"480\" height=\"480\" src=\"https:\/\/docanpharma.com\/wp-content\/uploads\/2023\/12\/1700.png\" class=\"attachment-fs-vertical-size-large size-fs-vertical-size-large\" alt=\"Aktif Zeolit Probiyotik ve \u0130n\u00fclin\" srcset=\"https:\/\/docanpharma.com\/wp-content\/uploads\/2023\/12\/1700.png 480w, https:\/\/docanpharma.com\/wp-content\/uploads\/2023\/12\/1700-420x420.png 420w, https:\/\/docanpharma.com\/wp-content\/uploads\/2023\/12\/1700-100x100.png 100w, https:\/\/docanpharma.com\/wp-content\/uploads\/2023\/12\/1700-300x300.png 300w, https:\/\/docanpharma.com\/wp-content\/uploads\/2023\/12\/1700-150x150.png 150w, https:\/\/docanpharma.com\/wp-content\/uploads\/2023\/12\/1700-50x50.png 50w\" sizes=\"(max-width: 480px) 100vw, 480px\" \/>\t\t\t\t\n\t\t\t\t<a href=\"https:\/\/docanpharma.com\/tr\/urun\/zeolit-probiyotik-ve-inulin\/\" class=\"link-overlay\"><\/a>\n\t\t\t\t\n\t\t\t\t\t\t\t\n\t\t\t<\/div>\n\t\t\t\n\t\t\t<div class=\"responsive-rating\">\n\t\t\t\t\n\t\t\t\t\t\t\t\n\t\t\t<\/div>\n\t\t\t\n\t\t\t<a href=\"https:\/\/docanpharma.com\/tr\/urun\/zeolit-probiyotik-ve-inulin\/\">\n\t\t\t\t\n\t\t\t\t<h5 class=\"woocommerce-loop-product__title\">Aktif Zeolit Probiyotik ve \u0130n\u00fclin<\/h6>\t\t\t\n\t\t\t<\/a>\n\t\t\t\n\t\t\t\n\t<span class=\"price\"><span class=\"woocommerce-Price-amount amount\"><bdi><span class=\"woocommerce-Price-currencySymbol\">&#8378;<\/span>719,00<\/bdi><\/span><\/span>\n\t\t\n\t\t<\/div>\n\t\n\t<\/li>\n\n<\/ul>\n<\/div><\/div>\n\t\t\t\t\t\t<\/div>\n\t\t\t\t<\/div>\n\t\t\t\t\t<\/div>\n\t\t\t\t<\/div>\n\t\t<div class=\"elementor-element elementor-element-69a2817 e-flex e-con-boxed e-con e-parent\" data-id=\"69a2817\" data-element_type=\"container\" data-e-type=\"container\">\n\t\t\t\t\t<div class=\"e-con-inner\">\n\t\t\t\t<div class=\"elementor-element elementor-element-1b533d0 elementor-widget elementor-widget-spacer\" data-id=\"1b533d0\" data-element_type=\"widget\" data-e-type=\"widget\" data-widget_type=\"spacer.default\">\n\t\t\t\t<div class=\"elementor-widget-container\">\n\t\t\t\t\t\t\t<div class=\"elementor-spacer\">\n\t\t\t<div class=\"elementor-spacer-inner\"><\/div>\n\t\t<\/div>\n\t\t\t\t\t\t<\/div>\n\t\t\t\t<\/div>\n\t\t\t\t\t<\/div>\n\t\t\t\t<\/div>\n\t\t<div class=\"elementor-element elementor-element-a50f9d2 e-flex e-con-boxed e-con e-parent\" data-id=\"a50f9d2\" data-element_type=\"container\" data-e-type=\"container\">\n\t\t\t\t\t<div class=\"e-con-inner\">\n\t\t\t\t<div class=\"elementor-element elementor-element-ae73c2a elementor-widget elementor-widget-text-editor\" data-id=\"ae73c2a\" data-element_type=\"widget\" data-e-type=\"widget\" data-widget_type=\"text-editor.default\">\n\t\t\t\t<div class=\"elementor-widget-container\">\n\t\t\t\t\t\t\t\t\t<h3>Kategori tan\u0131m\u0131:<\/h3><p>Aktif zeolit, volkanik kaya\u00e7lardan elde edilen bir mineraldir ve kendine \u00f6zg\u00fc g\u00f6zenekli yap\u0131s\u0131 ile \u00e7e\u015fitli toksinleri absorbe etme \u00f6zelli\u011fine sahiptir. Bu \u00f6zellik, aktif zeoliti do\u011fal bir detoks arac\u0131 olarak pop\u00fcler k\u0131lar. Mineralin mikroskopik g\u00f6zenekleri, \u00e7evresindeki maddeleri i\u00e7ine \u00e7ekme yetene\u011fi ile bilinir ve bu \u00f6zelli\u011fiyle v\u00fccut i\u00e7in i\u00e7eriden temizlik sa\u011flama potansiyeline sahiptir.<\/p><p>G\u00fcn\u00fcm\u00fczde sa\u011fl\u0131k alan\u0131nda geni\u015f bir kullan\u0131m alan\u0131na sahip olan aktif zeolit, bir\u00e7ok farkl\u0131 form ve \u00e7e\u015fitte sa\u011fl\u0131k \u00fcr\u00fcnlerinde kar\u015f\u0131m\u0131za \u00e7\u0131kmaktad\u0131r. Aktif Zeolit i\u00e7eren \u00fcr\u00fcnler, \u00e7e\u015fitlilikleri sayesinde kullan\u0131c\u0131lar\u0131n ihtiya\u00e7lar\u0131na ve tercihlerine y\u00f6nelik geni\u015f bir se\u00e7enek sunar. Bu \u00fcr\u00fcnler, zeolitin benzersiz \u00f6zelliklerinden faydalanarak, genellikle takviyeler, cilt bak\u0131m\u0131 \u00fcr\u00fcnleri ve detoks \u00fcr\u00fcnleri olarak piyasada yer al\u0131r.<\/p><p>Her bir \u00fcr\u00fcn, aktif zeolitin \u00f6zelli\u011fini ta\u015f\u0131yan farkl\u0131 formlar\u0131 i\u00e7erir, b\u00f6ylece sa\u011fl\u0131\u011f\u0131m\u0131za \u00e7e\u015fitli yollarla katk\u0131da bulunabilir. Bu \u00f6zel \u00fcr\u00fcnler, i\u00e7erdikleri zeolit miktar\u0131na, form\u00fclasyona ve kullan\u0131m ama\u00e7lar\u0131na g\u00f6re \u00e7e\u015fitli faydalar sunar. Ayr\u0131ca, genellikle kullan\u0131m kolayl\u0131\u011f\u0131 sa\u011flamak amac\u0131yla \u015fase formunda paketlenmi\u015f olarak t\u00fcketicilere sunulurlar. Bu sayede kullan\u0131c\u0131lar, aktif zeolitin sa\u011fl\u0131k \u00fczerindeki olumlu etkilerinden kolayca faydalanabilirler.<\/p>\t\t\t\t\t\t\t\t<\/div>\n\t\t\t\t<\/div>\n\t\t\t\t\t<\/div>\n\t\t\t\t<\/div>\n\t\t<div class=\"elementor-element elementor-element-3a333be e-flex e-con-boxed e-con e-parent\" data-id=\"3a333be\" data-element_type=\"container\" data-e-type=\"container\">\n\t\t\t\t\t<div class=\"e-con-inner\">\n\t\t\t\t<div class=\"elementor-element elementor-element-4eaea3e elementor-widget elementor-widget-spacer\" data-id=\"4eaea3e\" data-element_type=\"widget\" data-e-type=\"widget\" data-widget_type=\"spacer.default\">\n\t\t\t\t<div class=\"elementor-widget-container\">\n\t\t\t\t\t\t\t<div class=\"elementor-spacer\">\n\t\t\t<div class=\"elementor-spacer-inner\"><\/div>\n\t\t<\/div>\n\t\t\t\t\t\t<\/div>\n\t\t\t\t<\/div>\n\t\t\t\t\t<\/div>\n\t\t\t\t<\/div>\n\t\t\t\t<\/div>\n\t\t","protected":false},"excerpt":{"rendered":"<p>Aktif Zeolit Kategori tan\u0131m\u0131: Aktif zeolit, volkanik kaya\u00e7lardan elde edilen bir mineraldir ve kendine \u00f6zg\u00fc g\u00f6zenekli yap\u0131s\u0131 ile \u00e7e\u015fitli toksinleri absorbe etme \u00f6zelli\u011fine sahiptir. Bu \u00f6zellik, aktif zeoliti do\u011fal bir detoks arac\u0131 olarak pop\u00fcler k\u0131lar. Mineralin mikroskopik g\u00f6zenekleri, \u00e7evresindeki maddeleri i\u00e7ine \u00e7ekme yetene\u011fi ile bilinir ve bu \u00f6zelli\u011fiyle v\u00fccut i\u00e7in i\u00e7eriden temizlik sa\u011flama potansiyeline sahiptir. [&hellip;]<\/p>\n","protected":false},"author":2,"featured_media":0,"parent":0,"menu_order":0,"comment_status":"closed","ping_status":"closed","template":"","meta":{"_uf_show_specific_survey":0,"_uf_disable_surveys":false,"footnotes":""},"class_list":["post-4518","page","type-page","status-publish","hentry"],"acf":[],"aioseo_notices":[],"_links":{"self":[{"href":"https:\/\/docanpharma.com\/tr\/wp-json\/wp\/v2\/pages\/4518","targetHints":{"allow":["GET"]}}],"collection":[{"href":"https:\/\/docanpharma.com\/tr\/wp-json\/wp\/v2\/pages"}],"about":[{"href":"https:\/\/docanpharma.com\/tr\/wp-json\/wp\/v2\/types\/page"}],"author":[{"embeddable":true,"href":"https:\/\/docanpharma.com\/tr\/wp-json\/wp\/v2\/users\/2"}],"replies":[{"embeddable":true,"href":"https:\/\/docanpharma.com\/tr\/wp-json\/wp\/v2\/comments?post=4518"}],"version-history":[{"count":12,"href":"https:\/\/docanpharma.com\/tr\/wp-json\/wp\/v2\/pages\/4518\/revisions"}],"predecessor-version":[{"id":5484,"href":"https:\/\/docanpharma.com\/tr\/wp-json\/wp\/v2\/pages\/4518\/revisions\/5484"}],"wp:attachment":[{"href":"https:\/\/docanpharma.com\/tr\/wp-json\/wp\/v2\/media?parent=4518"}],"curies":[{"name":"wp","href":"https:\/\/api.w.org\/{rel}","templated":true}]}}