{"id":4509,"date":"2024-01-08T16:02:01","date_gmt":"2024-01-08T13:02:01","guid":{"rendered":"https:\/\/docanpharma.com\/?page_id=4509"},"modified":"2024-02-12T15:50:01","modified_gmt":"2024-02-12T12:50:01","slug":"pastil","status":"publish","type":"page","link":"https:\/\/docanpharma.com\/tr\/pastil\/","title":{"rendered":"Pastil"},"content":{"rendered":"\t\t<div data-elementor-type=\"wp-page\" data-elementor-id=\"4509\" class=\"elementor elementor-4509 elementor-4424\">\n\t\t\t\t\t\t<section class=\"elementor-section elementor-top-section elementor-element elementor-element-16502fb elementor-section-height-min-height elementor-section-boxed elementor-section-height-default elementor-section-items-middle\" data-id=\"16502fb\" data-element_type=\"section\" data-e-type=\"section\" data-settings=\"{&quot;background_background&quot;:&quot;classic&quot;}\">\n\t\t\t\t\t\t<div class=\"elementor-container elementor-column-gap-extended\">\n\t\t\t\t\t<div class=\"elementor-column elementor-col-100 elementor-top-column elementor-element elementor-element-ec3b8bf\" data-id=\"ec3b8bf\" data-element_type=\"column\" data-e-type=\"column\">\n\t\t\t<div class=\"elementor-widget-wrap elementor-element-populated\">\n\t\t\t\t\t\t<div class=\"elementor-element elementor-element-4698f57 elementor-widget elementor-widget-heading\" data-id=\"4698f57\" data-element_type=\"widget\" data-e-type=\"widget\" data-widget_type=\"heading.default\">\n\t\t\t\t<div class=\"elementor-widget-container\">\n\t\t\t\t\t<h1 class=\"elementor-heading-title elementor-size-default\">Pastil<\/h1>\t\t\t\t<\/div>\n\t\t\t\t<\/div>\n\t\t\t\t\t<\/div>\n\t\t<\/div>\n\t\t\t\t\t<\/div>\n\t\t<\/section>\n\t\t        <div class=\"elementor-element elementor-element-af40dc4 e-flex e-con-boxed e-con e-parent\" data-id=\"af40dc4\" data-element_type=\"container\" data-e-type=\"container\">\n\t\t\t\t\t<div class=\"e-con-inner\">\n\t\t\t\t<div class=\"elementor-element elementor-element-92a4a72 elementor-widget elementor-widget-shortcode\" data-id=\"92a4a72\" data-element_type=\"widget\" data-e-type=\"widget\" data-widget_type=\"shortcode.default\">\n\t\t\t\t<div class=\"elementor-widget-container\">\n\t\t\t\t\t\t\t<div class=\"elementor-shortcode\"><div class=\"woocommerce columns-4 \"><ul class=\"products columns-4\">\n\t\n\t<li class=\"product type-product post-5376 status-publish first instock product_cat-pastil product_tag-caosis-tr product_tag-cilek-tr product_tag-docanpharma-tr product_tag-pastil-tr product_tag-sigara has-post-thumbnail shipping-taxable purchasable product-type-simple\" data-product-id=\"5376\">\n\t\t\n\t\t<div class=\"product-inner\">\n\t\t\t\n\t\t\t<div class=\"thumbnail-wrapper\">\n\t\t\t\t\n\t\t\t\t    <div class=\"badges-wrapper\">\n\n        \n    <\/div>\n\n<img fetchpriority=\"high\" decoding=\"async\" width=\"480\" height=\"459\" src=\"https:\/\/docanpharma.com\/wp-content\/uploads\/2023\/12\/2093-1.jpg\" class=\"attachment-fs-vertical-size-large size-fs-vertical-size-large\" alt=\"Caosis \u00c7ilek Aromal\u0131 Pastil\" srcset=\"https:\/\/docanpharma.com\/wp-content\/uploads\/2023\/12\/2093-1.jpg 480w, https:\/\/docanpharma.com\/wp-content\/uploads\/2023\/12\/2093-1-300x287.jpg 300w\" sizes=\"(max-width: 480px) 100vw, 480px\" \/>\t\t\t\t\n\t\t\t\t<a href=\"https:\/\/docanpharma.com\/tr\/urun\/caosis-cilek-aromali-pastil\/\" class=\"link-overlay\"><\/a>\n\t\t\t\t\n\t\t\t\t\t\t\t\n\t\t\t<\/div>\n\t\t\t\n\t\t\t<div class=\"responsive-rating\">\n\t\t\t\t\n\t\t\t\t\t\t\t\n\t\t\t<\/div>\n\t\t\t\n\t\t\t<a href=\"https:\/\/docanpharma.com\/tr\/urun\/caosis-cilek-aromali-pastil\/\">\n\t\t\t\t\n\t\t\t\t<h5 class=\"woocommerce-loop-product__title\">Caosis \u00c7ilek Aromal\u0131 Pastil<\/h6>\t\t\t\n\t\t\t<\/a>\n\t\t\t\n\t\t\t\n\t<span class=\"price\"><span class=\"woocommerce-Price-amount amount\"><bdi><span class=\"woocommerce-Price-currencySymbol\">&#8378;<\/span>169,00<\/bdi><\/span><\/span>\n\t\t\n\t\t<\/div>\n\t\n\t<\/li>\n\n\t\n\t<li class=\"product type-product post-3940 status-publish instock product_cat-pastil product_tag-caosis-tr product_tag-docanpharma-tr product_tag-limon-tr product_tag-pastil-tr product_tag-portakal-tr product_tag-sigara has-post-thumbnail shipping-taxable purchasable product-type-simple\" data-product-id=\"3940\">\n\t\t\n\t\t<div class=\"product-inner\">\n\t\t\t\n\t\t\t<div class=\"thumbnail-wrapper\">\n\t\t\t\t\n\t\t\t\t    <div class=\"badges-wrapper\">\n\n        \n    <\/div>\n\n<img decoding=\"async\" width=\"480\" height=\"460\" src=\"https:\/\/docanpharma.com\/wp-content\/uploads\/2023\/12\/Caosis-Limon-Portakal-Aromali-Pastil.png\" class=\"attachment-fs-vertical-size-large size-fs-vertical-size-large\" alt=\"Caosis Limon Portakal Aromal\u0131 Pastil\" srcset=\"https:\/\/docanpharma.com\/wp-content\/uploads\/2023\/12\/Caosis-Limon-Portakal-Aromali-Pastil.png 480w, https:\/\/docanpharma.com\/wp-content\/uploads\/2023\/12\/Caosis-Limon-Portakal-Aromali-Pastil-300x288.png 300w\" sizes=\"(max-width: 480px) 100vw, 480px\" \/>\t\t\t\t\n\t\t\t\t<a href=\"https:\/\/docanpharma.com\/tr\/urun\/caosis-limon-portakal-aromali-pastil\/\" class=\"link-overlay\"><\/a>\n\t\t\t\t\n\t\t\t\t\t\t\t\n\t\t\t<\/div>\n\t\t\t\n\t\t\t<div class=\"responsive-rating\">\n\t\t\t\t\n\t\t\t\t\t\t\t\n\t\t\t<\/div>\n\t\t\t\n\t\t\t<a href=\"https:\/\/docanpharma.com\/tr\/urun\/caosis-limon-portakal-aromali-pastil\/\">\n\t\t\t\t\n\t\t\t\t<h5 class=\"woocommerce-loop-product__title\">Caosis Limon Portakal Aromal\u0131 Pastil<\/h6>\t\t\t\n\t\t\t<\/a>\n\t\t\t\n\t\t\t\n\t<span class=\"price\"><span class=\"woocommerce-Price-amount amount\"><bdi><span class=\"woocommerce-Price-currencySymbol\">&#8378;<\/span>169,00<\/bdi><\/span><\/span>\n\t\t\n\t\t<\/div>\n\t\n\t<\/li>\n\n\t\n\t<li class=\"product type-product post-3943 status-publish instock product_cat-pastil product_tag-caosis-tr product_tag-docanpharma-tr product_tag-nane-tr product_tag-pastil-tr product_tag-sigara has-post-thumbnail shipping-taxable purchasable product-type-simple\" data-product-id=\"3943\">\n\t\t\n\t\t<div class=\"product-inner\">\n\t\t\t\n\t\t\t<div class=\"thumbnail-wrapper\">\n\t\t\t\t\n\t\t\t\t    <div class=\"badges-wrapper\">\n\n        \n    <\/div>\n\n<img decoding=\"async\" width=\"480\" height=\"459\" src=\"https:\/\/docanpharma.com\/wp-content\/uploads\/2023\/12\/2091-1.jpg\" class=\"attachment-fs-vertical-size-large size-fs-vertical-size-large\" alt=\"Caosis Nane Aromal\u0131 Pastil\" srcset=\"https:\/\/docanpharma.com\/wp-content\/uploads\/2023\/12\/2091-1.jpg 480w, https:\/\/docanpharma.com\/wp-content\/uploads\/2023\/12\/2091-1-300x287.jpg 300w\" sizes=\"(max-width: 480px) 100vw, 480px\" \/>\t\t\t\t\n\t\t\t\t<a href=\"https:\/\/docanpharma.com\/tr\/urun\/caosis-nane-aromali-pastil\/\" class=\"link-overlay\"><\/a>\n\t\t\t\t\n\t\t\t\t\t\t\t\n\t\t\t<\/div>\n\t\t\t\n\t\t\t<div class=\"responsive-rating\">\n\t\t\t\t\n\t\t\t\t\t\t\t\n\t\t\t<\/div>\n\t\t\t\n\t\t\t<a href=\"https:\/\/docanpharma.com\/tr\/urun\/caosis-nane-aromali-pastil\/\">\n\t\t\t\t\n\t\t\t\t<h5 class=\"woocommerce-loop-product__title\">Caosis Nane Aromal\u0131 Pastil<\/h6>\t\t\t\n\t\t\t<\/a>\n\t\t\t\n\t\t\t\n\t<span class=\"price\"><span class=\"woocommerce-Price-amount amount\"><bdi><span class=\"woocommerce-Price-currencySymbol\">&#8378;<\/span>169,00<\/bdi><\/span><\/span>\n\t\t\n\t\t<\/div>\n\t\n\t<\/li>\n\n<\/ul>\n<\/div><\/div>\n\t\t\t\t\t\t<\/div>\n\t\t\t\t<\/div>\n\t\t\t\t<div class=\"elementor-element elementor-element-da85dd1 elementor-widget elementor-widget-spacer\" data-id=\"da85dd1\" data-element_type=\"widget\" data-e-type=\"widget\" data-widget_type=\"spacer.default\">\n\t\t\t\t<div class=\"elementor-widget-container\">\n\t\t\t\t\t\t\t<div class=\"elementor-spacer\">\n\t\t\t<div class=\"elementor-spacer-inner\"><\/div>\n\t\t<\/div>\n\t\t\t\t\t\t<\/div>\n\t\t\t\t<\/div>\n\t\t<div class=\"elementor-element elementor-element-52d4d5e e-flex e-con-boxed e-con e-child\" data-id=\"52d4d5e\" data-element_type=\"container\" data-e-type=\"container\">\n\t\t\t\t\t<div class=\"e-con-inner\">\n\t\t\t\t<div class=\"elementor-element elementor-element-38940b2 elementor-widget elementor-widget-text-editor\" data-id=\"38940b2\" data-element_type=\"widget\" data-e-type=\"widget\" data-widget_type=\"text-editor.default\">\n\t\t\t\t<div class=\"elementor-widget-container\">\n\t\t\t\t\t\t\t\t\t<h3>Kategori tan\u0131m\u0131:<\/h3><p>T\u00fck\u00fcr\u00fck, a\u011f\u0131z ve di\u015f sa\u011fl\u0131\u011f\u0131 i\u00e7in hayati bir rol oynar. \u00d6zellikle bu do\u011fal s\u0131v\u0131n\u0131n salg\u0131lanmas\u0131, a\u011f\u0131z temizli\u011fi, sulama ve yiyecek art\u0131klar\u0131n\u0131n uzakla\u015ft\u0131r\u0131lmas\u0131 gibi \u00f6nemli i\u015flevleri vard\u0131r. Ancak baz\u0131 durumlarda, t\u00fck\u00fcr\u00fck eksikli\u011fi gibi problemler ortaya \u00e7\u0131kabilir. Bu durumlar, a\u011f\u0131z sa\u011fl\u0131\u011f\u0131n\u0131z\u0131 ciddi \u015fekilde etkileyebilir. \u00d6zel olarak geli\u015ftirilmi\u015f pastiller, bu t\u00fcr durumlarla ba\u015fa \u00e7\u0131kabilmenize yard\u0131mc\u0131 olabilir. \u00d6zellikle t\u00fck\u00fcr\u00fck salg\u0131s\u0131n\u0131 art\u0131rarak a\u011f\u0131z\u0131n temizlenmesine, nemlenmesine ve rahatlat\u0131c\u0131 bir etki sunmaya y\u00f6nelik olarak form\u00fcle edilmi\u015flerdir. Bu pastiller, t\u00fck\u00fcr\u00fck eksikli\u011fi gibi sorunlar\u0131 hafifletmede ve \u00f6nlemede etkili olabilirler. A\u011f\u0131z kurulu\u011fu, sadece a\u011f\u0131z sa\u011fl\u0131\u011f\u0131n\u0131 de\u011fil, ayn\u0131 zamanda di\u015flerin ve sindirimin de \u00f6nemli bir par\u00e7as\u0131d\u0131r. Bu rahats\u0131z edici durum, \u00e7e\u015fitli nedenlerden kaynaklanabilir. \u015eeker i\u00e7ermeyen ve etkili \u00fcr\u00fcnler, \u00f6zellikle bu soruna kar\u015f\u0131 \u00e7\u00f6z\u00fcm sunabilirler.<\/p><p>\u0130zomalt, kalsiyum, aloevera, hyaluronik asit ve B5 vitamini gibi \u00f6zel bile\u015fenlerle zenginle\u015ftirilmi\u015f bu \u00fcr\u00fcnler, a\u011f\u0131z kurulu\u011funu hafifletmede ve a\u011f\u0131z sa\u011fl\u0131\u011f\u0131n\u0131 korumada etkili olabilirler. Bu pastiller, a\u011f\u0131z kurulu\u011fu gibi rahats\u0131z edici durumlar\u0131 hafifletmekte ve a\u011f\u0131z sa\u011fl\u0131\u011f\u0131n\u0131z\u0131 koruman\u0131za yard\u0131mc\u0131 olmaktad\u0131r. Dolay\u0131s\u0131yla, t\u00fck\u00fcr\u00fck eksikli\u011fi gibi durumlarla m\u00fccadele ederken ve a\u011f\u0131z sa\u011fl\u0131\u011f\u0131n\u0131z\u0131 korurken bu t\u00fcr \u00fcr\u00fcnlerin kullan\u0131m\u0131 olduk\u00e7a \u00f6nemlidir.<\/p>\t\t\t\t\t\t\t\t<\/div>\n\t\t\t\t<\/div>\n\t\t\t\t<div class=\"elementor-element elementor-element-b93c6cb elementor-widget elementor-widget-spacer\" data-id=\"b93c6cb\" data-element_type=\"widget\" data-e-type=\"widget\" data-widget_type=\"spacer.default\">\n\t\t\t\t<div class=\"elementor-widget-container\">\n\t\t\t\t\t\t\t<div class=\"elementor-spacer\">\n\t\t\t<div class=\"elementor-spacer-inner\"><\/div>\n\t\t<\/div>\n\t\t\t\t\t\t<\/div>\n\t\t\t\t<\/div>\n\t\t\t\t\t<\/div>\n\t\t\t\t<\/div>\n\t\t\t\t\t<\/div>\n\t\t\t\t<\/div>\n\t\t\t\t<\/div>\n\t\t","protected":false},"excerpt":{"rendered":"<p>Pastil Kategori tan\u0131m\u0131: T\u00fck\u00fcr\u00fck, a\u011f\u0131z ve di\u015f sa\u011fl\u0131\u011f\u0131 i\u00e7in hayati bir rol oynar. \u00d6zellikle bu do\u011fal s\u0131v\u0131n\u0131n salg\u0131lanmas\u0131, a\u011f\u0131z temizli\u011fi, sulama ve yiyecek art\u0131klar\u0131n\u0131n uzakla\u015ft\u0131r\u0131lmas\u0131 gibi \u00f6nemli i\u015flevleri vard\u0131r. Ancak baz\u0131 durumlarda, t\u00fck\u00fcr\u00fck eksikli\u011fi gibi problemler ortaya \u00e7\u0131kabilir. Bu durumlar, a\u011f\u0131z sa\u011fl\u0131\u011f\u0131n\u0131z\u0131 ciddi \u015fekilde etkileyebilir. \u00d6zel olarak geli\u015ftirilmi\u015f pastiller, bu t\u00fcr durumlarla ba\u015fa \u00e7\u0131kabilmenize yard\u0131mc\u0131 [&hellip;]<\/p>\n","protected":false},"author":2,"featured_media":0,"parent":0,"menu_order":0,"comment_status":"closed","ping_status":"closed","template":"","meta":{"_uf_show_specific_survey":0,"_uf_disable_surveys":false,"footnotes":""},"class_list":["post-4509","page","type-page","status-publish","hentry"],"acf":[],"aioseo_notices":[],"_links":{"self":[{"href":"https:\/\/docanpharma.com\/tr\/wp-json\/wp\/v2\/pages\/4509","targetHints":{"allow":["GET"]}}],"collection":[{"href":"https:\/\/docanpharma.com\/tr\/wp-json\/wp\/v2\/pages"}],"about":[{"href":"https:\/\/docanpharma.com\/tr\/wp-json\/wp\/v2\/types\/page"}],"author":[{"embeddable":true,"href":"https:\/\/docanpharma.com\/tr\/wp-json\/wp\/v2\/users\/2"}],"replies":[{"embeddable":true,"href":"https:\/\/docanpharma.com\/tr\/wp-json\/wp\/v2\/comments?post=4509"}],"version-history":[{"count":21,"href":"https:\/\/docanpharma.com\/tr\/wp-json\/wp\/v2\/pages\/4509\/revisions"}],"predecessor-version":[{"id":5954,"href":"https:\/\/docanpharma.com\/tr\/wp-json\/wp\/v2\/pages\/4509\/revisions\/5954"}],"wp:attachment":[{"href":"https:\/\/docanpharma.com\/tr\/wp-json\/wp\/v2\/media?parent=4509"}],"curies":[{"name":"wp","href":"https:\/\/api.w.org\/{rel}","templated":true}]}}