{"id":4074,"date":"2023-12-21T15:14:11","date_gmt":"2023-12-21T12:14:11","guid":{"rendered":"https:\/\/docanpharma.com\/?page_id=4074"},"modified":"2024-02-19T16:38:12","modified_gmt":"2024-02-19T13:38:12","slug":"hakkimizda","status":"publish","type":"page","link":"https:\/\/docanpharma.com\/tr\/hakkimizda\/","title":{"rendered":"Hakk\u0131m\u0131zda"},"content":{"rendered":"\t\t<div data-elementor-type=\"wp-page\" data-elementor-id=\"4074\" class=\"elementor elementor-4074 elementor-3226\">\n\t\t\t\t\t\t<section class=\"elementor-section elementor-top-section elementor-element elementor-element-41f207c elementor-section-height-min-height elementor-section-boxed elementor-section-height-default elementor-section-items-middle\" data-id=\"41f207c\" data-element_type=\"section\" data-e-type=\"section\" data-settings=\"{&quot;background_background&quot;:&quot;classic&quot;}\">\n\t\t\t\t\t\t<div class=\"elementor-container elementor-column-gap-extended\">\n\t\t\t\t\t<div class=\"elementor-column elementor-col-100 elementor-top-column elementor-element elementor-element-d7c8643\" data-id=\"d7c8643\" data-element_type=\"column\" data-e-type=\"column\">\n\t\t\t<div class=\"elementor-widget-wrap elementor-element-populated\">\n\t\t\t\t\t\t<div class=\"elementor-element elementor-element-f5441cc elementor-widget__width-initial elementor-widget elementor-widget-heading\" data-id=\"f5441cc\" data-element_type=\"widget\" data-e-type=\"widget\" data-widget_type=\"heading.default\">\n\t\t\t\t<div class=\"elementor-widget-container\">\n\t\t\t\t\t<h1 class=\"elementor-heading-title elementor-size-default\">Hakk\u0131m\u0131zda<\/h1>\t\t\t\t<\/div>\n\t\t\t\t<\/div>\n\t\t\t\t<div class=\"elementor-element elementor-element-8eae376 elementor-widget elementor-widget-spacer\" data-id=\"8eae376\" data-element_type=\"widget\" data-e-type=\"widget\" data-widget_type=\"spacer.default\">\n\t\t\t\t<div class=\"elementor-widget-container\">\n\t\t\t\t\t\t\t<div class=\"elementor-spacer\">\n\t\t\t<div class=\"elementor-spacer-inner\"><\/div>\n\t\t<\/div>\n\t\t\t\t\t\t<\/div>\n\t\t\t\t<\/div>\n\t\t\t\t\t<\/div>\n\t\t<\/div>\n\t\t\t\t\t<\/div>\n\t\t<\/section>\n\t\t        \t\t<section class=\"elementor-section elementor-top-section elementor-element elementor-element-1e311a9 elementor-section-full_width elementor-section-height-default elementor-section-height-default\" data-id=\"1e311a9\" data-element_type=\"section\" data-e-type=\"section\">\n\t\t\t\t\t\t<div class=\"elementor-container elementor-column-gap-no\">\n\t\t\t\t\t<div class=\"elementor-column elementor-col-100 elementor-top-column elementor-element elementor-element-052fedb\" data-id=\"052fedb\" data-element_type=\"column\" data-e-type=\"column\">\n\t\t\t<div class=\"elementor-widget-wrap\">\n\t\t\t\t\t\t\t<\/div>\n\t\t<\/div>\n\t\t\t\t\t<\/div>\n\t\t<\/section>\n\t\t        \t\t<section class=\"elementor-section elementor-top-section elementor-element elementor-element-c78deb3 elementor-section-content-middle elementor-section-boxed elementor-section-height-default elementor-section-height-default\" data-id=\"c78deb3\" data-element_type=\"section\" data-e-type=\"section\" data-settings=\"{&quot;background_background&quot;:&quot;classic&quot;}\">\n\t\t\t\t\t\t<div class=\"elementor-container elementor-column-gap-extended\">\n\t\t\t\t\t<div class=\"elementor-column elementor-col-50 elementor-top-column elementor-element elementor-element-d49ca96\" data-id=\"d49ca96\" data-element_type=\"column\" data-e-type=\"column\">\n\t\t\t<div class=\"elementor-widget-wrap elementor-element-populated\">\n\t\t\t\t\t\t<div class=\"elementor-element elementor-element-750dcac elementor-widget elementor-widget-image\" data-id=\"750dcac\" data-element_type=\"widget\" data-e-type=\"widget\" data-widget_type=\"image.default\">\n\t\t\t\t<div class=\"elementor-widget-container\">\n\t\t\t\t\t\t\t\t\t\t\t\t\t\t\t<img fetchpriority=\"high\" decoding=\"async\" width=\"768\" height=\"513\" src=\"https:\/\/docanpharma.com\/wp-content\/uploads\/2024\/02\/About-us-2-768x513.jpg\" class=\"attachment-medium_large size-medium_large wp-image-5896\" alt=\"hakkimizda-DocanPharma\" srcset=\"https:\/\/docanpharma.com\/wp-content\/uploads\/2024\/02\/About-us-2-768x512.jpg 768w, https:\/\/docanpharma.com\/wp-content\/uploads\/2024\/02\/About-us-2-300x200.jpg 300w, https:\/\/docanpharma.com\/wp-content\/uploads\/2024\/02\/About-us-2-540x360.jpg 540w, https:\/\/docanpharma.com\/wp-content\/uploads\/2024\/02\/About-us-2-600x401.jpg 600w, https:\/\/docanpharma.com\/wp-content\/uploads\/2024\/02\/About-us-2.jpg 800w\" sizes=\"(max-width: 768px) 100vw, 768px\" \/>\t\t\t\t\t\t\t\t\t\t\t\t\t\t\t<\/div>\n\t\t\t\t<\/div>\n\t\t\t\t\t<\/div>\n\t\t<\/div>\n\t\t\t\t<div class=\"elementor-column elementor-col-50 elementor-top-column elementor-element elementor-element-cec7d0d\" data-id=\"cec7d0d\" data-element_type=\"column\" data-e-type=\"column\">\n\t\t\t<div class=\"elementor-widget-wrap elementor-element-populated\">\n\t\t\t\t\t\t<div class=\"elementor-element elementor-element-93a62e5 elementor-widget elementor-widget-heading\" data-id=\"93a62e5\" data-element_type=\"widget\" data-e-type=\"widget\" data-widget_type=\"heading.default\">\n\t\t\t\t<div class=\"elementor-widget-container\">\n\t\t\t\t\t<h1 class=\"elementor-heading-title elementor-size-default\">Kurucudan<\/h1>\t\t\t\t<\/div>\n\t\t\t\t<\/div>\n\t\t\t\t<div class=\"elementor-element elementor-element-e459197 elementor-widget elementor-widget-text-editor\" data-id=\"e459197\" data-element_type=\"widget\" data-e-type=\"widget\" data-widget_type=\"text-editor.default\">\n\t\t\t\t<div class=\"elementor-widget-container\">\n\t\t\t\t\t\t\t\t\t<p>&#8220;Dokuzo\u011flu Can Pharma \u0130la\u00e7 Sanayi ve Ticaret Limited \u015eirketi&#8221; 2006 y\u0131l\u0131nda kurulmu\u015ftur. \u015eirket orta\u011f\u0131 ve yetkili eczac\u0131 Mustafa DOKUZO\u011eLU: 1977 y\u0131l\u0131nda Ankara \u0130ktisadi ve Ticari \u0130limler Akademisi Eczac\u0131l\u0131k Y\u00fcksekokulu&#8217;ndan mezun olup 2010 y\u0131l\u0131na kadar aktif eczac\u0131 olarak g\u00f6rev yapm\u0131\u015ft\u0131r. 1992-1994 y\u0131llar\u0131 aras\u0131nda Isparta Burdur Eczac\u0131lar Odas\u0131 Ba\u015fkanl\u0131\u011f\u0131 g\u00f6revini y\u00fcr\u00fctt\u00fc.<\/p>\t\t\t\t\t\t\t\t<\/div>\n\t\t\t\t<\/div>\n\t\t\t\t\t<\/div>\n\t\t<\/div>\n\t\t\t\t\t<\/div>\n\t\t<\/section>\n\t\t        \t\t<section class=\"elementor-section elementor-top-section elementor-element elementor-element-bf6b17c elementor-section-boxed elementor-section-height-default elementor-section-height-default\" data-id=\"bf6b17c\" data-element_type=\"section\" data-e-type=\"section\">\n\t\t\t\t\t\t<div class=\"elementor-container elementor-column-gap-extended\">\n\t\t\t\t\t<div class=\"elementor-column elementor-col-100 elementor-top-column elementor-element elementor-element-ef956b2\" data-id=\"ef956b2\" data-element_type=\"column\" data-e-type=\"column\">\n\t\t\t<div class=\"elementor-widget-wrap elementor-element-populated\">\n\t\t\t\t\t\t<div class=\"elementor-element elementor-element-e227f5c elementor-widget elementor-widget-text-editor\" data-id=\"e227f5c\" data-element_type=\"widget\" data-e-type=\"widget\" data-widget_type=\"text-editor.default\">\n\t\t\t\t<div class=\"elementor-widget-container\">\n\t\t\t\t\t\t\t\t\t<p>Firmam\u0131z\u0131n uzun y\u0131llard\u0131r y\u00fcr\u00fctt\u00fc\u011f\u00fc Ar-Ge \u00e7al\u0131\u015fmalar\u0131 sonucunda; Aktif Zeolit hammaddesi geli\u015ftirildi. Aktif Zeolit kullan\u0131m\u0131 i\u00e7in hem g\u0131da takviyeleri hem de cilt bak\u0131m kozmetik \u00fcr\u00fcnleri geli\u015ftirilmi\u015ftir.<\/p>\t\t\t\t\t\t\t\t<\/div>\n\t\t\t\t<\/div>\n\t\t\t\t\t<\/div>\n\t\t<\/div>\n\t\t\t\t\t<\/div>\n\t\t<\/section>\n\t\t        \t\t<section class=\"elementor-section elementor-top-section elementor-element elementor-element-ba20c8c elementor-section-content-middle elementor-section-boxed elementor-section-height-default elementor-section-height-default\" data-id=\"ba20c8c\" data-element_type=\"section\" data-e-type=\"section\" data-settings=\"{&quot;background_background&quot;:&quot;classic&quot;}\">\n\t\t\t\t\t\t<div class=\"elementor-container elementor-column-gap-extended\">\n\t\t\t\t\t<div class=\"elementor-column elementor-col-100 elementor-top-column elementor-element elementor-element-172a51c\" data-id=\"172a51c\" data-element_type=\"column\" data-e-type=\"column\">\n\t\t\t<div class=\"elementor-widget-wrap elementor-element-populated\">\n\t\t\t\t\t\t<div class=\"elementor-element elementor-element-237438f elementor-widget elementor-widget-text-editor\" data-id=\"237438f\" data-element_type=\"widget\" data-e-type=\"widget\" data-widget_type=\"text-editor.default\">\n\t\t\t\t<div class=\"elementor-widget-container\">\n\t\t\t\t\t\t\t\t\t<p>Coasis Pastilleri T\u00fcrkiye&#8217;de ilk ve tek olan a\u011f\u0131z kurulu\u011funa kar\u015f\u0131 geli\u015ftirilmi\u015ftir. Firmam\u0131z\u0131n \u00fcr\u00fcnleri FDA GMP ISO 22000-2018 ISO 9001-2015 ISO 140000 45000 Sertifikalar\u0131na sahiptir.<\/p>\t\t\t\t\t\t\t\t<\/div>\n\t\t\t\t<\/div>\n\t\t\t\t\t<\/div>\n\t\t<\/div>\n\t\t\t\t\t<\/div>\n\t\t<\/section>\n\t\t        \t\t<section class=\"elementor-section elementor-top-section elementor-element elementor-element-df9f042 elementor-section-height-min-height elementor-section-boxed elementor-section-height-default elementor-section-items-middle\" data-id=\"df9f042\" data-element_type=\"section\" data-e-type=\"section\" data-settings=\"{&quot;background_background&quot;:&quot;classic&quot;}\">\n\t\t\t\t\t\t<div class=\"elementor-container elementor-column-gap-extended\">\n\t\t\t\t\t<div class=\"elementor-column elementor-col-100 elementor-top-column elementor-element elementor-element-a266a4a\" data-id=\"a266a4a\" data-element_type=\"column\" data-e-type=\"column\">\n\t\t\t<div class=\"elementor-widget-wrap elementor-element-populated\">\n\t\t\t\t\t\t<div class=\"elementor-element elementor-element-9298481 elementor-widget elementor-widget-heading\" data-id=\"9298481\" data-element_type=\"widget\" data-e-type=\"widget\" data-widget_type=\"heading.default\">\n\t\t\t\t<div class=\"elementor-widget-container\">\n\t\t\t\t\t<h1 class=\"elementor-heading-title elementor-size-default\">\u00dcr\u00fcnlerimizi Ke\u015ffedin<\/h1>\t\t\t\t<\/div>\n\t\t\t\t<\/div>\n\t\t\t\t\t<\/div>\n\t\t<\/div>\n\t\t\t\t\t<\/div>\n\t\t<\/section>\n\t\t            <script>\r\n                jQuery(document).ready(function ($) {\r\n                    \"use strict\";\r\n                    let target = $('.elementor-element-df9f042');\r\n                                        let ParallaxElement = {\r\n                        init: function () {\r\n                            elementorFrontend.hooks.addAction('frontend\/element_ready\/global', ParallaxElement.initWidget);\r\n                        },\r\n                        responsiveParallax: function () {\r\n                            let android = 1,\r\n                                ios = 1;\r\n                            switch (true || 1) {\r\n                                case android && ios:\r\n                                    return \/iPad|iPhone|iPod|Android\/;\r\n                                    break;\r\n                                case android && !ios:\r\n                                    return \/Android\/;\r\n                                    break;\r\n                                case !android && ios:\r\n                                    return \/iPad|iPhone|iPod\/;\r\n                                    break;\r\n                                case (!android && !ios):\r\n                                    return null;\r\n                            }\r\n                        },\r\n                        initWidget: function ($scope) {\r\n                            target.jarallax({\r\n                                type: 'scroll',\r\n                                speed: 0.8,\r\n                                keepImg: true,\r\n                                disableParallax: ParallaxElement.responsiveParallax(),\r\n                            });\r\n                        }\r\n                    };\r\n                    $(window).on('elementor\/frontend\/init', ParallaxElement.init);\r\n                                    });\r\n            <\/script>\r\n                \t\t<\/div>\n\t\t","protected":false},"excerpt":{"rendered":"<p>Hakk\u0131m\u0131zda Kurucudan &#8220;Dokuzo\u011flu Can Pharma \u0130la\u00e7 Sanayi ve Ticaret Limited \u015eirketi&#8221; 2006 y\u0131l\u0131nda kurulmu\u015ftur. \u015eirket orta\u011f\u0131 ve yetkili eczac\u0131 Mustafa DOKUZO\u011eLU: 1977 y\u0131l\u0131nda Ankara \u0130ktisadi ve Ticari \u0130limler Akademisi Eczac\u0131l\u0131k Y\u00fcksekokulu&#8217;ndan mezun olup 2010 y\u0131l\u0131na kadar aktif eczac\u0131 olarak g\u00f6rev yapm\u0131\u015ft\u0131r. 1992-1994 y\u0131llar\u0131 aras\u0131nda Isparta Burdur Eczac\u0131lar Odas\u0131 Ba\u015fkanl\u0131\u011f\u0131 g\u00f6revini y\u00fcr\u00fctt\u00fc. Firmam\u0131z\u0131n uzun y\u0131llard\u0131r y\u00fcr\u00fctt\u00fc\u011f\u00fc [&hellip;]<\/p>\n","protected":false},"author":2,"featured_media":0,"parent":0,"menu_order":0,"comment_status":"closed","ping_status":"closed","template":"","meta":{"_uf_show_specific_survey":0,"_uf_disable_surveys":false,"footnotes":""},"class_list":["post-4074","page","type-page","status-publish","hentry"],"acf":[],"aioseo_notices":[],"_links":{"self":[{"href":"https:\/\/docanpharma.com\/tr\/wp-json\/wp\/v2\/pages\/4074","targetHints":{"allow":["GET"]}}],"collection":[{"href":"https:\/\/docanpharma.com\/tr\/wp-json\/wp\/v2\/pages"}],"about":[{"href":"https:\/\/docanpharma.com\/tr\/wp-json\/wp\/v2\/types\/page"}],"author":[{"embeddable":true,"href":"https:\/\/docanpharma.com\/tr\/wp-json\/wp\/v2\/users\/2"}],"replies":[{"embeddable":true,"href":"https:\/\/docanpharma.com\/tr\/wp-json\/wp\/v2\/comments?post=4074"}],"version-history":[{"count":18,"href":"https:\/\/docanpharma.com\/tr\/wp-json\/wp\/v2\/pages\/4074\/revisions"}],"predecessor-version":[{"id":6230,"href":"https:\/\/docanpharma.com\/tr\/wp-json\/wp\/v2\/pages\/4074\/revisions\/6230"}],"wp:attachment":[{"href":"https:\/\/docanpharma.com\/tr\/wp-json\/wp\/v2\/media?parent=4074"}],"curies":[{"name":"wp","href":"https:\/\/api.w.org\/{rel}","templated":true}]}}