{"id":3900,"date":"2021-04-29T00:41:26","date_gmt":"2021-04-28T21:41:26","guid":{"rendered":"https:\/\/docanpharma.com\/?page_id=3900"},"modified":"2024-02-12T13:55:49","modified_gmt":"2024-02-12T10:55:49","slug":"bize-ulasin","status":"publish","type":"page","link":"https:\/\/docanpharma.com\/tr\/bize-ulasin\/","title":{"rendered":"Bize Ula\u015f\u0131n"},"content":{"rendered":"\t\t<div data-elementor-type=\"wp-page\" data-elementor-id=\"3900\" class=\"elementor elementor-3900 elementor-734\">\n\t\t\t\t\t\t<section class=\"elementor-section elementor-top-section elementor-element elementor-element-e95f4ff elementor-section-height-min-height elementor-section-boxed elementor-section-height-default elementor-section-items-middle\" data-id=\"e95f4ff\" data-element_type=\"section\" data-e-type=\"section\" data-settings=\"{&quot;background_background&quot;:&quot;classic&quot;}\">\n\t\t\t\t\t\t<div class=\"elementor-container elementor-column-gap-extended\">\n\t\t\t\t\t<div class=\"elementor-column elementor-col-100 elementor-top-column elementor-element elementor-element-973e744\" data-id=\"973e744\" data-element_type=\"column\" data-e-type=\"column\">\n\t\t\t<div class=\"elementor-widget-wrap elementor-element-populated\">\n\t\t\t\t\t\t<div class=\"elementor-element elementor-element-5e96244 elementor-widget elementor-widget-heading\" data-id=\"5e96244\" data-element_type=\"widget\" data-e-type=\"widget\" data-widget_type=\"heading.default\">\n\t\t\t\t<div class=\"elementor-widget-container\">\n\t\t\t\t\t<h1 class=\"elementor-heading-title elementor-size-default\"><b>Bize Ula\u015f\u0131n<\/b><\/h1>\t\t\t\t<\/div>\n\t\t\t\t<\/div>\n\t\t\t\t\t<\/div>\n\t\t<\/div>\n\t\t\t\t\t<\/div>\n\t\t<\/section>\n\t\t        \t\t<section class=\"elementor-section elementor-top-section elementor-element elementor-element-260b820 elementor-section-boxed elementor-section-height-default elementor-section-height-default\" data-id=\"260b820\" data-element_type=\"section\" data-e-type=\"section\">\n\t\t\t\t\t\t<div class=\"elementor-container elementor-column-gap-no\">\n\t\t\t\t\t<div class=\"elementor-column elementor-col-100 elementor-top-column elementor-element elementor-element-98e2e9d\" data-id=\"98e2e9d\" data-element_type=\"column\" data-e-type=\"column\">\n\t\t\t<div class=\"elementor-widget-wrap elementor-element-populated\">\n\t\t\t\t\t\t<div class=\"elementor-element elementor-element-022e143 elementor-widget elementor-widget-heading\" data-id=\"022e143\" data-element_type=\"widget\" data-e-type=\"widget\" data-widget_type=\"heading.default\">\n\t\t\t\t<div class=\"elementor-widget-container\">\n\t\t\t\t\t<h1 class=\"elementor-heading-title elementor-size-default\">Nas\u0131l yard\u0131mc\u0131 olabiliriz?<\/h1>\t\t\t\t<\/div>\n\t\t\t\t<\/div>\n\t\t\t\t<section class=\"elementor-section elementor-inner-section elementor-element elementor-element-ab37e32 elementor-section-boxed elementor-section-height-default elementor-section-height-default\" data-id=\"ab37e32\" data-element_type=\"section\" data-e-type=\"section\">\n\t\t\t\t\t\t<div class=\"elementor-container elementor-column-gap-extended\">\n\t\t\t\t\t<div class=\"elementor-column elementor-col-33 elementor-inner-column elementor-element elementor-element-e3f7883\" data-id=\"e3f7883\" data-element_type=\"column\" data-e-type=\"column\">\n\t\t\t<div class=\"elementor-widget-wrap elementor-element-populated\">\n\t\t\t\t\t\t<div class=\"elementor-element elementor-element-af5d26c elementor-view-stacked elementor-widget__width-initial elementor-shape-circle elementor-position-block-start elementor-mobile-position-block-start elementor-widget elementor-widget-icon-box\" data-id=\"af5d26c\" data-element_type=\"widget\" data-e-type=\"widget\" data-widget_type=\"icon-box.default\">\n\t\t\t\t<div class=\"elementor-widget-container\">\n\t\t\t\t\t\t\t<div class=\"elementor-icon-box-wrapper\">\n\n\t\t\t\t\t\t<div class=\"elementor-icon-box-icon\">\n\t\t\t\t<span  class=\"elementor-icon\">\n\t\t\t\t<svg xmlns=\"http:\/\/www.w3.org\/2000\/svg\" width=\"48\" height=\"48\" viewBox=\"0 0 48 48\" fill=\"none\"><path d=\"M14.5 28.8636H14.2726L14.1235 29.0347L14.1234 29.0347L14.1234 29.0348L14.1232 29.035L14.1225 29.0357L14.1173 29.0416L14.0935 29.068C14.0717 29.092 14.0383 29.1282 13.9937 29.1751C13.9045 29.2687 13.7709 29.4045 13.5974 29.5683C13.25 29.8963 12.7451 30.3343 12.1182 30.7718C10.8932 31.6266 9.24498 32.4498 7.41759 32.4978C7.39815 32.4259 7.37888 32.3198 7.36563 32.1736C7.3274 31.7517 7.35207 31.1636 7.40812 30.5451C7.46353 29.9336 7.54697 29.3193 7.61695 28.8559C7.65187 28.6247 7.68327 28.4322 7.70589 28.2978C7.7172 28.2306 7.7263 28.178 7.73254 28.1424L7.73966 28.1021L7.74145 28.0921L7.74188 28.0897L7.74197 28.0892L7.74198 28.0892L7.74199 28.0891L7.81097 27.7086L7.45991 27.5462C3.38514 25.6614 0.5 22.5557 0.5 18.9091C0.5 16.0886 2.01836 13.4976 4.54755 11.5947C7.07696 9.69175 10.594 8.5 14.5 8.5C18.406 8.5 21.923 9.69175 24.4524 11.5947C26.9816 13.4976 28.5 16.0886 28.5 18.9091C28.5 21.7241 26.9873 24.1986 24.4638 25.9878C21.9369 27.7795 18.4169 28.8636 14.5 28.8636Z\" fill=\"white\" stroke=\"black\"><\/path><path d=\"M15.9275 17C15.9275 17.3547 15.8202 17.7 15.6055 18.036C15.3908 18.3627 15.0828 18.6333 14.6815 18.848C14.2802 19.0627 13.7995 19.17 13.2395 19.17H12.8755L13.1555 21.62H13.9955L14.0935 19.94C14.6162 19.912 15.1015 19.7673 15.5495 19.506C15.9975 19.2353 16.3615 18.8853 16.6415 18.456C16.9215 18.0173 17.0615 17.532 17.0615 17C17.0615 16.58 16.9822 16.1927 16.8235 15.838C16.6742 15.4833 16.4595 15.1753 16.1795 14.914C15.9088 14.6433 15.5868 14.4333 15.2135 14.284C14.8495 14.1347 14.4482 14.06 14.0095 14.06C13.4588 14.06 12.9922 14.13 12.6095 14.27C12.2362 14.4007 11.9188 14.592 11.6575 14.844C11.3962 15.0867 11.1582 15.3713 10.9435 15.698L11.8535 16.272C12.0682 15.9173 12.3388 15.6373 12.6655 15.432C13.0015 15.2173 13.4028 15.11 13.8695 15.11C14.2895 15.11 14.6535 15.1847 14.9615 15.334C15.2695 15.4833 15.5075 15.698 15.6755 15.978C15.8435 16.258 15.9275 16.5987 15.9275 17ZM12.8335 23.44C12.8335 23.6453 12.9082 23.8273 13.0575 23.986C13.2162 24.1353 13.3982 24.21 13.6035 24.21C13.8182 24.21 14.0002 24.1353 14.1495 23.986C14.2988 23.8273 14.3735 23.6453 14.3735 23.44C14.3735 23.2253 14.2988 23.0433 14.1495 22.894C14.0002 22.7447 13.8182 22.67 13.6035 22.67C13.3982 22.67 13.2162 22.7447 13.0575 22.894C12.9082 23.0433 12.8335 23.2253 12.8335 23.44Z\" fill=\"black\"><\/path><path d=\"M32 40H32.2269L32.376 40.1705L32.3761 40.1705L32.3761 40.1706L32.3763 40.1707L32.3772 40.1718L32.3831 40.1784L32.4097 40.2079C32.434 40.2345 32.4712 40.2747 32.5207 40.3265C32.6197 40.4301 32.7677 40.5801 32.9599 40.7609C33.3446 41.123 33.9037 41.6065 34.598 42.0895C35.9626 43.0388 37.8067 43.9565 39.8539 43.9985C39.8805 43.9151 39.9068 43.7835 39.9239 43.5954C39.9665 43.1267 39.939 42.4762 39.8771 41.7953C39.8158 41.1213 39.7236 40.4445 39.6463 39.9343C39.6077 39.6797 39.573 39.4676 39.548 39.3196C39.5355 39.2456 39.5254 39.1876 39.5185 39.1483L39.5107 39.1038L39.5087 39.0927L39.5082 39.0901L39.5081 39.0895L39.5081 39.0894L39.5081 39.0894L39.4387 38.7082L39.7906 38.5459C44.2952 36.4688 47.5 33.0391 47.5 29C47.5 25.879 45.8144 23.0153 43.0137 20.9147C40.2128 18.8141 36.3206 17.5 32 17.5C27.6794 17.5 23.7872 18.8141 20.9863 20.9147C18.1856 23.0153 16.5 25.879 16.5 29C16.5 32.1156 18.1799 34.8514 20.9749 36.827C23.7733 38.805 27.6685 40 32 40Z\" fill=\"white\" stroke=\"black\"><\/path><circle cx=\"24.5\" cy=\"28.5\" r=\"2\" fill=\"white\" stroke=\"black\"><\/circle><circle cx=\"31.5\" cy=\"28.5\" r=\"2\" fill=\"white\" stroke=\"black\"><\/circle><circle cx=\"38.5\" cy=\"28.5\" r=\"2\" fill=\"white\" stroke=\"black\"><\/circle><\/svg>\t\t\t\t<\/span>\n\t\t\t<\/div>\n\t\t\t\n\t\t\t\t\t\t<div class=\"elementor-icon-box-content\">\n\n\t\t\t\t\t\t\t\t\t<p class=\"elementor-icon-box-title\">\n\t\t\t\t\t\t<span  >\n\t\t\t\t\t\t\tS\u0131k\u00e7a Sorulan Sorular\t\t\t\t\t\t<\/span>\n\t\t\t\t\t<\/p>\n\t\t\t\t\n\t\t\t\t\t\t\t\t\t<p class=\"elementor-icon-box-description\">\n\t\t\t\t\t\t\u00dcr\u00fcnler, sipari\u015fler veya hesap bilgileriyle ilgili sorular\u0131n\u0131z varsa yan\u0131t\u0131n\u0131 SSS b\u00f6l\u00fcm\u00fcm\u00fczde bulabilirsiniz.\t\t\t\t\t<\/p>\n\t\t\t\t\n\t\t\t<\/div>\n\t\t\t\n\t\t<\/div>\n\t\t\t\t\t\t<\/div>\n\t\t\t\t<\/div>\n\t\t\t\t\t<\/div>\n\t\t<\/div>\n\t\t\t\t<div class=\"elementor-column elementor-col-33 elementor-inner-column elementor-element elementor-element-f1f4d24\" data-id=\"f1f4d24\" data-element_type=\"column\" data-e-type=\"column\">\n\t\t\t<div class=\"elementor-widget-wrap elementor-element-populated\">\n\t\t\t\t\t\t<div class=\"elementor-element elementor-element-1c2c0ff elementor-view-stacked elementor-widget__width-initial elementor-shape-circle elementor-position-block-start elementor-mobile-position-block-start elementor-widget elementor-widget-icon-box\" data-id=\"1c2c0ff\" data-element_type=\"widget\" data-e-type=\"widget\" data-widget_type=\"icon-box.default\">\n\t\t\t\t<div class=\"elementor-widget-container\">\n\t\t\t\t\t\t\t<div class=\"elementor-icon-box-wrapper\">\n\n\t\t\t\t\t\t<div class=\"elementor-icon-box-icon\">\n\t\t\t\t<span  class=\"elementor-icon\">\n\t\t\t\t<svg xmlns=\"http:\/\/www.w3.org\/2000\/svg\" width=\"48\" height=\"48\" viewBox=\"0 0 48 48\" fill=\"none\"><rect x=\"11.5\" y=\"2.5\" width=\"24\" height=\"43\" rx=\"1.5\" fill=\"white\" stroke=\"black\"><\/rect><rect x=\"20\" y=\"7\" width=\"7\" height=\"1\" fill=\"black\"><\/rect><circle cx=\"23.5\" cy=\"39.5\" r=\"1.5\" fill=\"black\"><\/circle><\/svg>\t\t\t\t<\/span>\n\t\t\t<\/div>\n\t\t\t\n\t\t\t\t\t\t<div class=\"elementor-icon-box-content\">\n\n\t\t\t\t\t\t\t\t\t<p class=\"elementor-icon-box-title\">\n\t\t\t\t\t\t<span  >\n\t\t\t\t\t\t\tBize bir Whatsapp Mesaj\u0131 g\u00f6nderin\t\t\t\t\t\t<\/span>\n\t\t\t\t\t<\/p>\n\t\t\t\t\n\t\t\t\t\t\t\t\t\t<p class=\"elementor-icon-box-description\">\n\t\t\t\t\t\tBize her zaman bir whatsapp mesaj\u0131 verebilirsiniz: Pazartesi'den Cuma'ya sabah 9'dan ak\u015fam 6'ya kadar T\u00fcrkiye Saatleri.\t\t\t\t\t<\/p>\n\t\t\t\t\n\t\t\t<\/div>\n\t\t\t\n\t\t<\/div>\n\t\t\t\t\t\t<\/div>\n\t\t\t\t<\/div>\n\t\t\t\t<div class=\"elementor-element elementor-element-49fdd46 elementor-widget elementor-widget-text-editor\" data-id=\"49fdd46\" data-element_type=\"widget\" data-e-type=\"widget\" data-widget_type=\"text-editor.default\">\n\t\t\t\t<div class=\"elementor-widget-container\">\n\t\t\t\t\t\t\t\t\t<p><span style=\"color: #003300;\"><a style=\"color: #003300;\" href=\"http:\/\/wa.me\/905330202131\">Bana Whatsapp&#8217;tan mesaj at!<\/a><\/span><\/p>\t\t\t\t\t\t\t\t<\/div>\n\t\t\t\t<\/div>\n\t\t\t\t\t<\/div>\n\t\t<\/div>\n\t\t\t\t<div class=\"elementor-column elementor-col-33 elementor-inner-column elementor-element elementor-element-35e6c8f\" data-id=\"35e6c8f\" data-element_type=\"column\" data-e-type=\"column\">\n\t\t\t<div class=\"elementor-widget-wrap elementor-element-populated\">\n\t\t\t\t\t\t<div class=\"elementor-element elementor-element-8a14853 elementor-view-stacked elementor-widget__width-initial elementor-shape-circle elementor-position-block-start elementor-mobile-position-block-start elementor-widget elementor-widget-icon-box\" data-id=\"8a14853\" data-element_type=\"widget\" data-e-type=\"widget\" data-widget_type=\"icon-box.default\">\n\t\t\t\t<div class=\"elementor-widget-container\">\n\t\t\t\t\t\t\t<div class=\"elementor-icon-box-wrapper\">\n\n\t\t\t\t\t\t<div class=\"elementor-icon-box-icon\">\n\t\t\t\t<span  class=\"elementor-icon\">\n\t\t\t\t<svg xmlns=\"http:\/\/www.w3.org\/2000\/svg\" width=\"48\" height=\"48\" viewBox=\"0 0 48 48\" fill=\"none\"><rect x=\"14.5\" y=\"14.5\" width=\"31\" height=\"20\" rx=\"1.5\" fill=\"white\" stroke=\"black\"><\/rect><path d=\"M14.5 18L29.5192 26.2363C29.8187 26.4006 30.1813 26.4006 30.4808 26.2363L45.5 18\" stroke=\"black\"><\/path><path d=\"M25.8072 23.8222L26.3887 24.6357L15.4453 34.2839L14.8637 33.4703L25.8072 23.8222Z\" fill=\"black\"><\/path><path d=\"M34.445 23.8222L33.8635 24.6357L44.8069 34.2839L45.3884 33.4703L34.445 23.8222Z\" fill=\"black\"><\/path><rect x=\"4\" y=\"24\" width=\"5\" height=\"1\" fill=\"black\"><\/rect><rect x=\"2\" y=\"21\" width=\"7\" height=\"1\" fill=\"black\"><\/rect><path d=\"M0 18H9V19H0V18Z\" fill=\"black\"><\/path><\/svg>\t\t\t\t<\/span>\n\t\t\t<\/div>\n\t\t\t\n\t\t\t\t\t\t<div class=\"elementor-icon-box-content\">\n\n\t\t\t\t\t\t\t\t\t<p class=\"elementor-icon-box-title\">\n\t\t\t\t\t\t<span  >\n\t\t\t\t\t\t\tBize bir sat\u0131r b\u0131rak\u0131n\t\t\t\t\t\t<\/span>\n\t\t\t\t\t<\/p>\n\t\t\t\t\n\t\t\t\t\t\t\t\t\t<p class=\"elementor-icon-box-description\">\n\t\t\t\t\t\tBize bir hat b\u0131rak\u0131n, size en k\u0131sa s\u00fcrede geri d\u00f6n\u00fc\u015f yapaca\u011f\u0131z.\t\t\t\t\t<\/p>\n\t\t\t\t\n\t\t\t<\/div>\n\t\t\t\n\t\t<\/div>\n\t\t\t\t\t\t<\/div>\n\t\t\t\t<\/div>\n\t\t\t\t<div class=\"elementor-element elementor-element-f35b622 elementor-widget elementor-widget-text-editor\" data-id=\"f35b622\" data-element_type=\"widget\" data-e-type=\"widget\" data-widget_type=\"text-editor.default\">\n\t\t\t\t<div class=\"elementor-widget-container\">\n\t\t\t\t\t\t\t\t\t<p><a href=\"mailto:Info@DoCanPharma.com\">E-posta adresi i\u00e7in t\u0131klay\u0131n!<\/a><\/p>\t\t\t\t\t\t\t\t<\/div>\n\t\t\t\t<\/div>\n\t\t\t\t\t<\/div>\n\t\t<\/div>\n\t\t\t\t\t<\/div>\n\t\t<\/section>\n\t\t        \t\t\t<\/div>\n\t\t<\/div>\n\t\t\t\t\t<\/div>\n\t\t<\/section>\n\t\t        \t\t<section class=\"elementor-section elementor-top-section elementor-element elementor-element-ce2225d elementor-section-boxed elementor-section-height-default elementor-section-height-default\" data-id=\"ce2225d\" data-element_type=\"section\" data-e-type=\"section\">\n\t\t\t\t\t\t<div class=\"elementor-container elementor-column-gap-extended\">\n\t\t\t\t\t<div class=\"elementor-column elementor-col-100 elementor-top-column elementor-element elementor-element-d30ddf0\" data-id=\"d30ddf0\" data-element_type=\"column\" data-e-type=\"column\">\n\t\t\t<div class=\"elementor-widget-wrap elementor-element-populated\">\n\t\t\t\t\t\t<div class=\"elementor-element elementor-element-e59a84c elementor-widget elementor-widget-heading\" data-id=\"e59a84c\" data-element_type=\"widget\" data-e-type=\"widget\" data-widget_type=\"heading.default\">\n\t\t\t\t<div class=\"elementor-widget-container\">\n\t\t\t\t\t<h1 class=\"elementor-heading-title elementor-size-default\">Bize Ula\u015f\u0131n<\/h1>\t\t\t\t<\/div>\n\t\t\t\t<\/div>\n\t\t\t\t<div class=\"elementor-element elementor-element-3bdc547 elementor-widget__width-initial elementor-widget elementor-widget-text-editor\" data-id=\"3bdc547\" data-element_type=\"widget\" data-e-type=\"widget\" data-widget_type=\"text-editor.default\">\n\t\t\t\t<div class=\"elementor-widget-container\">\n\t\t\t\t\t\t\t\t\t<p>Yard\u0131m etmek i\u00e7in buraday\u0131z. L\u00fctfen a\u015fa\u011f\u0131daki k\u0131sa formu doldurun; m\u00fcmk\u00fcn olan en k\u0131sa s\u00fcrede yan\u0131t verece\u011fiz.<\/p>\t\t\t\t\t\t\t\t<\/div>\n\t\t\t\t<\/div>\n\t\t\t\t<div class=\"elementor-element elementor-element-af4f2e0 elementor-widget elementor-widget-wpforms\" data-id=\"af4f2e0\" data-element_type=\"widget\" data-e-type=\"widget\" data-widget_type=\"wpforms.default\">\n\t\t\t\t<div class=\"elementor-widget-container\">\n\t\t\t\t\t<div class=\"wpforms-container wpforms-container-full wpforms-render-modern\" id=\"wpforms-3599\"><form id=\"wpforms-form-3599\" class=\"wpforms-validate wpforms-form wpforms-ajax-form\" data-formid=\"3599\" method=\"post\" enctype=\"multipart\/form-data\" action=\"\/tr\/wp-json\/wp\/v2\/pages\/3900\" data-token=\"050728cce7e1e18913e2f8ed6051916a\" data-token-time=\"1775998171\"><noscript class=\"wpforms-error-noscript\">Bu formu bitirebilmek i\u00e7in taray\u0131c\u0131n\u0131zda JavaScript&#039;i etkinle\u015ftirin.<\/noscript><div id=\"wpforms-error-noscript\" style=\"display: none;\">Bu formu bitirebilmek i\u00e7in taray\u0131c\u0131n\u0131zda JavaScript&#039;i etkinle\u015ftirin.<\/div><div class=\"wpforms-field-container\"><div id=\"wpforms-3599-field_0-container\" class=\"wpforms-field wpforms-field-name\" data-field-id=\"0\"><fieldset><legend class=\"wpforms-field-label\">\u0130sim <span class=\"wpforms-required-label\" aria-hidden=\"true\">*<\/span><\/legend><div class=\"wpforms-field-row wpforms-field-medium\"><div class=\"wpforms-field-row-block wpforms-first wpforms-one-half\"><input type=\"text\" id=\"wpforms-3599-field_0\" class=\"wpforms-field-name-first wpforms-field-required\" name=\"wpforms[fields][0][first]\" aria-errormessage=\"wpforms-3599-field_0-error\" required><label for=\"wpforms-3599-field_0\" class=\"wpforms-field-sublabel after\">Ad<\/label><\/div><div class=\"wpforms-field-row-block wpforms-one-half\"><input type=\"text\" id=\"wpforms-3599-field_0-last\" class=\"wpforms-field-name-last wpforms-field-required\" name=\"wpforms[fields][0][last]\" aria-errormessage=\"wpforms-3599-field_0-last-error\" required><label for=\"wpforms-3599-field_0-last\" class=\"wpforms-field-sublabel after\">Soyad<\/label><\/div><\/div><\/fieldset><\/div><div id=\"wpforms-3599-field_1-container\" class=\"wpforms-field wpforms-field-email\" data-field-id=\"1\"><label class=\"wpforms-field-label\" for=\"wpforms-3599-field_1\">E-posta <span class=\"wpforms-required-label\" aria-hidden=\"true\">*<\/span><\/label><input type=\"email\" id=\"wpforms-3599-field_1\" class=\"wpforms-field-medium wpforms-field-required\" name=\"wpforms[fields][1]\" spellcheck=\"false\" aria-errormessage=\"wpforms-3599-field_1-error\" required><\/div><div id=\"wpforms-3599-field_2-container\" class=\"wpforms-field wpforms-field-textarea\" data-field-id=\"2\"><label class=\"wpforms-field-label\" for=\"wpforms-3599-field_2\">Yorum veya Mesaj<\/label><textarea id=\"wpforms-3599-field_2\" class=\"wpforms-field-medium\" name=\"wpforms[fields][2]\" aria-errormessage=\"wpforms-3599-field_2-error\" ><\/textarea><\/div><\/div><!-- .wpforms-field-container --><div class=\"wpforms-recaptcha-container wpforms-is-recaptcha wpforms-is-recaptcha-type-v2\" ><div class=\"g-recaptcha\" data-sitekey=\"6LcVfjMpAAAAAGjs10HQFWP-K22hGkCOKbjoIPKl\"><\/div><input type=\"text\" name=\"g-recaptcha-hidden\" class=\"wpforms-recaptcha-hidden\" style=\"position:absolute!important;clip:rect(0,0,0,0)!important;height:1px!important;width:1px!important;border:0!important;overflow:hidden!important;padding:0!important;margin:0!important;\" data-rule-recaptcha=\"1\"><\/div><div class=\"wpforms-submit-container\" ><input type=\"hidden\" name=\"wpforms[id]\" value=\"3599\"><input type=\"hidden\" name=\"page_title\" value=\"\"><input type=\"hidden\" name=\"page_url\" value=\"https:\/\/docanpharma.com\/tr\/wp-json\/wp\/v2\/pages\/3900\"><input type=\"hidden\" name=\"url_referer\" value=\"\"><button type=\"submit\" name=\"wpforms[submit]\" id=\"wpforms-submit-3599\" class=\"wpforms-submit\" data-alt-text=\"G\u00f6nderiliyor...\" data-submit-text=\"G\u00f6ndermek\" aria-live=\"assertive\" value=\"wpforms-submit\">G\u00f6ndermek<\/button><img decoding=\"async\" src=\"https:\/\/docanpharma.com\/wp-content\/plugins\/wpforms-lite\/assets\/images\/submit-spin.svg\" class=\"wpforms-submit-spinner\" style=\"display: none;\" width=\"26\" height=\"26\" alt=\"Y\u00fckleniyor\"><\/div><\/form><\/div>  <!-- .wpforms-container -->\t\t\t\t<\/div>\n\t\t\t\t<\/div>\n\t\t\t\t\t<\/div>\n\t\t<\/div>\n\t\t\t\t\t<\/div>\n\t\t<\/section>\n\t\t        \t\t<section class=\"elementor-section elementor-top-section elementor-element elementor-element-8ce1083 elementor-section-content-middle elementor-section-boxed elementor-section-height-default elementor-section-height-default\" data-id=\"8ce1083\" data-element_type=\"section\" data-e-type=\"section\" data-settings=\"{&quot;background_background&quot;:&quot;classic&quot;}\">\n\t\t\t\t\t\t<div class=\"elementor-container elementor-column-gap-extended\">\n\t\t\t\t\t<div class=\"elementor-column elementor-col-50 elementor-top-column elementor-element elementor-element-16e8ada\" data-id=\"16e8ada\" data-element_type=\"column\" data-e-type=\"column\">\n\t\t\t<div class=\"elementor-widget-wrap elementor-element-populated\">\n\t\t\t\t\t\t<div class=\"elementor-element elementor-element-c15226b elementor-widget elementor-widget-heading\" data-id=\"c15226b\" data-element_type=\"widget\" data-e-type=\"widget\" data-widget_type=\"heading.default\">\n\t\t\t\t<div class=\"elementor-widget-container\">\n\t\t\t\t\t<h1 class=\"elementor-heading-title elementor-size-default\">Adresimiz<\/h1>\t\t\t\t<\/div>\n\t\t\t\t<\/div>\n\t\t\t\t\t<\/div>\n\t\t<\/div>\n\t\t\t\t<div class=\"elementor-column elementor-col-50 elementor-top-column elementor-element elementor-element-000e3e8\" data-id=\"000e3e8\" data-element_type=\"column\" data-e-type=\"column\">\n\t\t\t<div class=\"elementor-widget-wrap elementor-element-populated\">\n\t\t\t\t\t\t<div class=\"elementor-element elementor-element-b224386 elementor-widget elementor-widget-image\" data-id=\"b224386\" data-element_type=\"widget\" data-e-type=\"widget\" data-widget_type=\"image.default\">\n\t\t\t\t<div class=\"elementor-widget-container\">\n\t\t\t\t\t\t\t\t\t\t\t\t\t\t\t<img fetchpriority=\"high\" decoding=\"async\" width=\"768\" height=\"930\" src=\"https:\/\/docanpharma.com\/wp-content\/uploads\/2021\/04\/Contact-Stockists@2x-768x930.jpg\" class=\"attachment-medium_large size-medium_large wp-image-5407\" alt=\"\" srcset=\"https:\/\/docanpharma.com\/wp-content\/uploads\/2021\/04\/Contact-Stockists@2x-768x930.jpg 768w, https:\/\/docanpharma.com\/wp-content\/uploads\/2021\/04\/Contact-Stockists@2x-248x300.jpg 248w, https:\/\/docanpharma.com\/wp-content\/uploads\/2021\/04\/Contact-Stockists@2x-845x1024.jpg 845w, https:\/\/docanpharma.com\/wp-content\/uploads\/2021\/04\/Contact-Stockists@2x-600x727.jpg 600w, https:\/\/docanpharma.com\/wp-content\/uploads\/2021\/04\/Contact-Stockists@2x.jpg 974w\" sizes=\"(max-width: 768px) 100vw, 768px\" \/>\t\t\t\t\t\t\t\t\t\t\t\t\t\t\t<\/div>\n\t\t\t\t<\/div>\n\t\t\t\t\t<\/div>\n\t\t<\/div>\n\t\t\t\t\t<\/div>\n\t\t<\/section>\n\t\t        \t\t<\/div>\n\t\t","protected":false},"excerpt":{"rendered":"<p>Bize Ula\u015f\u0131n Nas\u0131l yard\u0131mc\u0131 olabiliriz? S\u0131k\u00e7a Sorulan Sorular \u00dcr\u00fcnler, sipari\u015fler veya hesap bilgileriyle ilgili sorular\u0131n\u0131z varsa yan\u0131t\u0131n\u0131 SSS b\u00f6l\u00fcm\u00fcm\u00fczde bulabilirsiniz. SSS&#039;yi ziyaret edin Bize bir Whatsapp Mesaj\u0131 g\u00f6nderin Bize her zaman bir whatsapp mesaj\u0131 verebilirsiniz: Pazartesi&#8217;den Cuma&#8217;ya sabah 9&#8217;dan ak\u015fam 6&#8217;ya kadar T\u00fcrkiye Saatleri. Bana Whatsapp&#8217;tan mesaj at! Bize bir sat\u0131r b\u0131rak\u0131n Bize bir hat [&hellip;]<\/p>\n","protected":false},"author":2,"featured_media":0,"parent":0,"menu_order":0,"comment_status":"closed","ping_status":"closed","template":"","meta":{"_uf_show_specific_survey":0,"_uf_disable_surveys":false,"footnotes":""},"class_list":["post-3900","page","type-page","status-publish","hentry"],"acf":[],"aioseo_notices":[],"_links":{"self":[{"href":"https:\/\/docanpharma.com\/tr\/wp-json\/wp\/v2\/pages\/3900","targetHints":{"allow":["GET"]}}],"collection":[{"href":"https:\/\/docanpharma.com\/tr\/wp-json\/wp\/v2\/pages"}],"about":[{"href":"https:\/\/docanpharma.com\/tr\/wp-json\/wp\/v2\/types\/page"}],"author":[{"embeddable":true,"href":"https:\/\/docanpharma.com\/tr\/wp-json\/wp\/v2\/users\/2"}],"replies":[{"embeddable":true,"href":"https:\/\/docanpharma.com\/tr\/wp-json\/wp\/v2\/comments?post=3900"}],"version-history":[{"count":12,"href":"https:\/\/docanpharma.com\/tr\/wp-json\/wp\/v2\/pages\/3900\/revisions"}],"predecessor-version":[{"id":5902,"href":"https:\/\/docanpharma.com\/tr\/wp-json\/wp\/v2\/pages\/3900\/revisions\/5902"}],"wp:attachment":[{"href":"https:\/\/docanpharma.com\/tr\/wp-json\/wp\/v2\/media?parent=3900"}],"curies":[{"name":"wp","href":"https:\/\/api.w.org\/{rel}","templated":true}]}}