{"id":6179,"date":"2023-12-20T14:56:09","date_gmt":"2023-12-20T11:56:09","guid":{"rendered":"https:\/\/docanpharma.com\/product\/%d9%83%d9%88%d8%b2%d9%8a%d8%b3-%d9%85%d8%b9%d9%8a%d9%86%d8%a7%d8%aa-%d8%a8%d9%86%d9%83%d9%87%d8%a9-%d8%a7%d9%84%d9%84%d9%8a%d9%85%d9%88%d9%86-%d9%88%d8%a7%d9%84%d8%a8%d8%b1%d8%aa%d9%82%d8%a7%d9%84\/"},"modified":"2023-12-20T14:56:09","modified_gmt":"2023-12-20T11:56:09","slug":"%d9%83%d9%88%d8%b2%d9%8a%d8%b3-%d9%85%d8%b9%d9%8a%d9%86%d8%a7%d8%aa-%d8%a8%d9%86%d9%83%d9%87%d8%a9-%d8%a7%d9%84%d9%84%d9%8a%d9%85%d9%88%d9%86-%d9%88%d8%a7%d9%84%d8%a8%d8%b1%d8%aa%d9%82%d8%a7%d9%84","status":"publish","type":"product","link":"https:\/\/docanpharma.com\/ar\/product\/%d9%83%d9%88%d8%b2%d9%8a%d8%b3-%d9%85%d8%b9%d9%8a%d9%86%d8%a7%d8%aa-%d8%a8%d9%86%d9%83%d9%87%d8%a9-%d8%a7%d9%84%d9%84%d9%8a%d9%85%d9%88%d9%86-%d9%88%d8%a7%d9%84%d8%a8%d8%b1%d8%aa%d9%82%d8%a7%d9%84\/","title":{"rendered":"\u0643\u0648\u0632\u064a\u0633 \u0645\u0639\u064a\u0646\u0627\u062a \u0628\u0646\u0643\u0647\u0629 \u0627\u0644\u0644\u064a\u0645\u0648\u0646 \u0648\u0627\u0644\u0628\u0631\u062a\u0642\u0627\u0644"},"content":{"rendered":"<p>\u0627\u0644\u0632\u064a\u0648\u0644\u064a\u062a \u0627\u0644\u0646\u0634\u0637 \u0627\u0644\u0645\u0648\u062c\u0648\u062f \u0641\u064a <a href=\"https:\/\/docanpharma.com\/\">DoCan Pharma<\/a> \u064a\u062a\u0645 \u0627\u0644\u062d\u0635\u0648\u0644 \u0639\u0644\u0649 \u0627\u0644\u0645\u0646\u062a\u062c\u0627\u062a \u0645\u0646 \u0627\u0644\u0632\u064a\u0648\u0644\u064a\u062a \u0627\u0644\u0645\u0646\u0634\u0637\u060c \u0648\u0627\u0644\u0630\u064a \u064a\u062e\u062a\u0644\u0641 \u062a\u0645\u0627\u0645\u064b\u0627 \u0639\u0646 \u0627\u0644\u0645\u0648\u0627\u062f \u0627\u0644\u062e\u0627\u0645 \u0644\u0645\u0646\u062a\u062c\u0627\u062a \u0627\u0644\u0632\u064a\u0648\u0644\u064a\u062a \u0627\u0644\u0645\u0648\u062c\u0648\u062f\u0629 \u0641\u064a \u0627\u0644\u0633\u0648\u0642\u060c \u0648\u0642\u062f \u0638\u0647\u0631 \u0646\u062a\u064a\u062c\u0629 \u0644\u062f\u0631\u0627\u0633\u0627\u062a \u0627\u0644\u0628\u062d\u062b \u0648\u0627\u0644\u062a\u0637\u0648\u064a\u0631 \u0627\u0644\u0637\u0648\u064a\u0644\u0629 \u0627\u0644\u062a\u064a \u0623\u062c\u0631\u062a\u0647\u0627 \u0634\u0631\u0643\u0629 &#8220;Dokuzo\u011flu Can \u0131la\u00e7 \u0131la\u00e7 Sanayi ve Ticaret Limited \u015eirketi&#8221;\u060c \u0648\u0647\u064a \u0648\u0627\u062d\u062f\u0629 \u0645\u0646 \u0627\u0644\u0634\u0631\u0643\u0627\u062a \u0627\u0644\u0642\u0644\u064a\u0644\u0629 \u0627\u0644\u062a\u064a \u0644\u062f\u064a\u0647\u0627 \u062a\u0643\u0646\u0648\u0644\u0648\u062c\u064a\u0627 \u0627\u0644\u062c\u064a\u0644 \u0627\u0644\u062c\u062f\u064a\u062f \u064a\u0645\u0643\u0646\u0647\u0627 \u062a\u0646\u0634\u064a\u0637 \u0627\u0644\u0632\u064a\u0648\u0644\u064a\u062a 7 \u0645\u0631\u0627\u062a.<\/p>\n<p>\u0645\u0648\u0627\u0635\u0641\u0627\u062a \u0627\u0644\u0645\u0646\u062a\u062c:<br \/>\n\u0646\u0643\u0647\u0629 \u0627\u0644\u0628\u0631\u062a\u0642\u0627\u0644 \u0648\u0627\u0644\u0644\u064a\u0645\u0648\u0646 \u0627\u0644\u0637\u0627\u0632\u062c\u0629 \u0648\u0627\u0644\u0644\u0630\u064a\u0630\u0629<br \/>\n\u064a\u0648\u0641\u0631 \u0644\u0643 \u0627\u0644\u0646\u0636\u0627\u0631\u0629 \u0648\u0627\u0644\u0637\u0627\u0642\u0629 \u0645\u0639 \u0643\u0644 \u0642\u0631\u0635. \u0627\u0633\u062a\u0645\u062a\u0639 \u0628\u062a\u062c\u0631\u0628\u0629 \u0644\u0630\u064a\u0630\u0629 \u0645\u0639 \u0646\u0643\u0647\u0629 \u0627\u0644\u0644\u064a\u0645\u0648\u0646 \u0648\u0627\u0644\u0628\u0631\u062a\u0642\u0627\u0644.<\/p>\n<p>\u0635\u064a\u063a\u0629 \u0634\u0647\u064a\u0629<br \/>\n\u062a\u062a\u0631\u0643 \u0623\u0642\u0631\u0627\u0635 Caosis \u0637\u0639\u0645\u064b\u0627 \u062d\u0644\u0648\u064b\u0627 \u0641\u064a \u0641\u0645\u0643 \u0628\u064a\u0646\u0645\u0627 \u062a\u0633\u0627\u0639\u062f \u0641\u064a \u062a\u062e\u0641\u064a\u0641 \u062c\u0641\u0627\u0641 \u0627\u0644\u0641\u0645. \u0643\u0644 \u0642\u0631\u0635 \u064a\u062c\u0644\u0628 \u0627\u0644\u0646\u0636\u0627\u0631\u0629 \u0644\u0641\u0645\u0643.<\/p>\n<p>\u064a\u062f\u0639\u0645 \u0635\u062d\u0629 \u0627\u0644\u0623\u0633\u0646\u0627\u0646<br \/>\n\u062a\u0645 \u062a\u0635\u0645\u064a\u0645 \u0647\u0630\u0647 \u0627\u0644\u0645\u0633\u062a\u062d\u0644\u0628\u0627\u062a \u0644\u062d\u0645\u0627\u064a\u0629 \u0635\u062d\u0629 \u0641\u0645\u0643\u060c \u0648\u0647\u064a \u062a\u062f\u0639\u0645 \u0635\u062d\u0629 \u0623\u0633\u0646\u0627\u0646\u0643 \u0648\u062a\u0632\u064a\u062f \u0645\u0646 \u0646\u0638\u0627\u0641\u0629 \u0641\u0645\u0643. \u0643\u0644 \u0642\u0631\u0635 \u0645\u0639\u064a\u0646 \u0628\u0646\u0643\u0647\u0629 \u0627\u0644\u0646\u0639\u0646\u0627\u0639 \u064a\u062d\u0645\u064a \u0623\u0633\u0646\u0627\u0646\u0643.<\/p>\n<p>\u0645\u062d\u062a\u0648\u0649 \u062e\u0627\u0644\u064a \u0645\u0646 \u0627\u0644\u0633\u0643\u0631<br \/>\n\u0645\u0646\u062a\u062c\u0646\u0627 \u062e\u0627\u0644\u064a \u0645\u0646 \u0627\u0644\u0633\u0643\u0631 \u0648\u064a\u062a\u0645 \u0627\u0633\u062a\u062e\u062f\u0627\u0645 \u0627\u0644\u0623\u064a\u0632\u0648\u0645\u0627\u0644\u062a\u060c \u0644\u0630\u0644\u0643 \u062a\u062a\u062c\u0646\u0628 \u0627\u0644\u0622\u062b\u0627\u0631 \u0627\u0644\u0633\u0644\u0628\u064a\u0629 \u0644\u0644\u0633\u0643\u0631 \u0628\u064a\u0646\u0645\u0627 \u062a\u0633\u062a\u0645\u062a\u0639 \u0628\u0627\u0644\u0637\u0639\u0645 \u0627\u0644\u062d\u0644\u0648. \u0642\u0645 \u0628\u0627\u062e\u062a\u064a\u0627\u0631 \u0635\u062d\u064a.<\/p>\n<p>\u0645\u062d\u062a\u0648\u0649 \u062e\u0627\u0635:<br \/>\n\u063a\u0646\u064a \u0628\u0645\u0643\u0648\u0646\u0627\u062a \u062e\u0627\u0635\u0629 \u0645\u062b\u0644 \u0627\u0644\u0643\u0627\u0644\u0633\u064a\u0648\u0645 \u0648\u0627\u0644\u0635\u0628\u0627\u0631 \u0648\u062d\u0645\u0636 \u0627\u0644\u0647\u064a\u0627\u0644\u0648\u0631\u0648\u0646\u064a\u0643 \u0648\u0641\u064a\u062a\u0627\u0645\u064a\u0646 \u06285. \u0647\u0630\u0647 \u0627\u0644\u0645\u0643\u0648\u0646\u0627\u062a \u0641\u0639\u0627\u0644\u0629 \u0641\u064a \u062a\u062e\u0641\u064a\u0641 \u062c\u0641\u0627\u0641 \u0627\u0644\u0641\u0645 \u0648\u062f\u0639\u0645 \u0635\u062d\u0629 \u0627\u0644\u0641\u0645.<\/p>\n<p>\u0644\u0645\u0646 \u062a\u0643\u0648\u0646 \u0645\u0646\u0627\u0633\u0628\u0629\u061f<br \/>\n\u0645\u062b\u0627\u0644\u064a \u0644\u0623\u0648\u0644\u0626\u0643 \u0627\u0644\u0630\u064a\u0646 \u064a\u0639\u0627\u0646\u0648\u0646 \u0645\u0646 \u062c\u0641\u0627\u0641 \u0627\u0644\u0641\u0645.<br \/>\n\u064a\u0648\u0635\u0649 \u0628\u0647 \u0644\u0623\u0648\u0644\u0626\u0643 \u0627\u0644\u0630\u064a\u0646 \u064a\u0647\u062a\u0645\u0648\u0646 \u0628\u0646\u0638\u0627\u0641\u0629 \u0627\u0644\u0641\u0645 \u0648\u0635\u062d\u062a\u0647\u0645.<br \/>\n\u0625\u0646\u0647 \u062e\u064a\u0627\u0631 \u0645\u062b\u0627\u0644\u064a \u0644\u0623\u0648\u0644\u0626\u0643 \u0627\u0644\u0630\u064a\u0646 \u064a\u062d\u0628\u0648\u0646 \u0627\u0644\u0631\u0648\u0627\u0626\u062d \u0627\u0644\u0637\u0627\u0632\u062c\u0629 \u0648\u0627\u0644\u0644\u0630\u064a\u0630\u0629.<br \/>\n\u0645\u0644\u0627\u062d\u0638\u0629: \u0647\u0630\u0627 \u0627\u0644\u0645\u0646\u062a\u062c \u0644\u064a\u0633 \u062f\u0648\u0627\u0621. \u064a\u062d\u062a\u0648\u064a \u0642\u0631\u0635 Caosis \u0628\u0646\u0643\u0647\u0629 \u0627\u0644\u0644\u064a\u0645\u0648\u0646 \u0648\u0627\u0644\u0628\u0631\u062a\u0642\u0627\u0644 \u0639\u0644\u0649 32 \u0642\u0631\u0635 \u0627\u0633\u062a\u062d\u0644\u0627\u0628.<\/p>\n","protected":false},"excerpt":{"rendered":"<p>\u0645\u0646 \u062e\u0644\u0627\u0644 \u0627\u0644\u0645\u0633\u0627\u0647\u0645\u0629 \u0641\u064a \u0635\u062d\u0629 \u0641\u0645\u0643 \u0628\u0646\u0643\u0647\u0629 \u0627\u0644\u0644\u064a\u0645\u0648\u0646 \u0648\u0627\u0644\u0628\u0631\u062a\u0642\u0627\u0644 \u0627\u0644\u0645\u0646\u0639\u0634\u0629\u060c \u064a\u062f\u0639\u0645 \u0642\u0631\u0635 Caosis \u0628\u0646\u0643\u0647\u0629 \u0627\u0644\u0644\u064a\u0645\u0648\u0646 \u0648\u0627\u0644\u0628\u0631\u062a\u0642\u0627\u0644 \u0646\u0638\u0627\u0641\u0629 \u0641\u0645\u0643 \u0628\u0645\u0630\u0627\u0642\u0647 \u0627\u0644\u0637\u0627\u0632\u062c\u060c \u0648\u062e\u0627\u0644\u064a \u0645\u0646 \u0627\u0644\u0633\u0643\u0631 \u0648\u063a\u0646\u064a \u0628\u0645\u0643\u0648\u0646\u0627\u062a \u062e\u0627\u0635\u0629.<\/p>\n","protected":false},"featured_media":6180,"comment_status":"closed","ping_status":"closed","template":"","meta":{"_uf_show_specific_survey":0,"_uf_disable_surveys":false},"product_brand":[],"product_cat":[498],"product_tag":[490,512,500,517,510,513],"class_list":{"0":"post-6179","1":"product","2":"type-product","3":"status-publish","4":"has-post-thumbnail","6":"product_cat-498","7":"product_tag-docanpharma-ar","8":"product_tag-512","9":"product_tag-500","10":"product_tag-517","11":"product_tag-510","12":"product_tag-513","13":"brands-caosis","15":"first","16":"instock","17":"shipping-taxable","18":"purchasable","19":"product-type-simple"},"acf":[],"aioseo_notices":[],"_links":{"self":[{"href":"https:\/\/docanpharma.com\/ar\/wp-json\/wp\/v2\/product\/6179","targetHints":{"allow":["GET"]}}],"collection":[{"href":"https:\/\/docanpharma.com\/ar\/wp-json\/wp\/v2\/product"}],"about":[{"href":"https:\/\/docanpharma.com\/ar\/wp-json\/wp\/v2\/types\/product"}],"replies":[{"embeddable":true,"href":"https:\/\/docanpharma.com\/ar\/wp-json\/wp\/v2\/comments?post=6179"}],"version-history":[{"count":0,"href":"https:\/\/docanpharma.com\/ar\/wp-json\/wp\/v2\/product\/6179\/revisions"}],"wp:featuredmedia":[{"embeddable":true,"href":"https:\/\/docanpharma.com\/ar\/wp-json\/wp\/v2\/media\/6180"}],"wp:attachment":[{"href":"https:\/\/docanpharma.com\/ar\/wp-json\/wp\/v2\/media?parent=6179"}],"wp:term":[{"taxonomy":"product_brand","embeddable":true,"href":"https:\/\/docanpharma.com\/ar\/wp-json\/wp\/v2\/product_brand?post=6179"},{"taxonomy":"product_cat","embeddable":true,"href":"https:\/\/docanpharma.com\/ar\/wp-json\/wp\/v2\/product_cat?post=6179"},{"taxonomy":"product_tag","embeddable":true,"href":"https:\/\/docanpharma.com\/ar\/wp-json\/wp\/v2\/product_tag?post=6179"}],"curies":[{"name":"wp","href":"https:\/\/api.w.org\/{rel}","templated":true}]}}